{"id":353,"date":"2026-01-13T16:31:13","date_gmt":"2026-01-13T15:31:13","guid":{"rendered":"https:\/\/www.pazo-chaioso.com\/wp26\/?page_id=353"},"modified":"2026-05-12T17:27:00","modified_gmt":"2026-05-12T16:27:00","slug":"servicios","status":"publish","type":"page","link":"https:\/\/www.pazo-chaioso.com\/wp26\/de\/servicios\/","title":{"rendered":"Was wir bieten"},"content":{"rendered":"\t\t<div data-elementor-type=\"wp-page\" data-elementor-id=\"353\" class=\"elementor elementor-353\" data-elementor-post-type=\"page\">\n\t\t\t\t\t\t<section class=\"elementor-section elementor-top-section elementor-element elementor-element-1b9dd93 elementor-section-stretched elementor-section-boxed elementor-section-height-default elementor-section-height-default\" data-id=\"1b9dd93\" data-element_type=\"section\" data-e-type=\"section\" data-settings=\"{&quot;stretch_section&quot;:&quot;section-stretched&quot;,&quot;background_background&quot;:&quot;classic&quot;,&quot;jet_parallax_layout_list&quot;:[]}\">\n\t\t\t\t\t\t\t<div class=\"elementor-background-overlay\"><\/div>\n\t\t\t\t\t\t\t<div class=\"elementor-container elementor-column-gap-default\">\n\t\t\t\t\t<div class=\"elementor-column elementor-col-100 elementor-top-column elementor-element elementor-element-3be4600\" data-id=\"3be4600\" data-element_type=\"column\" data-e-type=\"column\">\n\t\t\t<div class=\"elementor-widget-wrap elementor-element-populated\">\n\t\t\t\t\t\t<div class=\"elementor-element elementor-element-db5c957 elementor-widget elementor-widget-heading\" data-id=\"db5c957\" data-element_type=\"widget\" data-e-type=\"widget\" data-widget_type=\"heading.default\">\n\t\t\t\t\t<h1 class=\"elementor-heading-title elementor-size-default\">Was wir bieten<\/h1>\t\t\t\t<\/div>\n\t\t\t\t\t<\/div>\n\t\t<\/div>\n\t\t\t\t\t<\/div>\n\t\t<\/section>\n\t\t<div class=\"elementor-element elementor-element-fa9c7ce e-flex e-con-boxed e-con e-parent\" data-id=\"fa9c7ce\" data-element_type=\"container\" data-e-type=\"container\" data-settings=\"{&quot;jet_parallax_layout_list&quot;:[]}\">\n\t\t\t\t\t<div class=\"e-con-inner\">\n\t\t\t\t<div class=\"elementor-element elementor-element-1ea7353 elementor-widget elementor-widget-heading\" data-id=\"1ea7353\" data-element_type=\"widget\" data-e-type=\"widget\" data-widget_type=\"heading.default\">\n\t\t\t\t\t<h2 class=\"elementor-heading-title elementor-size-default\">Was wir Ihnen bieten k\u00f6nnen (und was nicht...)<\/h2>\t\t\t\t<\/div>\n\t\t\t\t\t<\/div>\n\t\t\t\t<\/div>\n\t\t<div class=\"elementor-element elementor-element-cedd5b0 e-flex e-con-boxed e-con e-parent\" data-id=\"cedd5b0\" data-element_type=\"container\" data-e-type=\"container\" data-settings=\"{&quot;jet_parallax_layout_list&quot;:[]}\">\n\t\t\t\t\t<div class=\"e-con-inner\">\n\t\t\t\t<div class=\"elementor-element elementor-element-2da7bea elementor-widget__width-initial elementor-widget elementor-widget-text-editor\" data-id=\"2da7bea\" data-element_type=\"widget\" data-e-type=\"widget\" data-widget_type=\"text-editor.default\">\n\t\t\t\t\t\t\t\t\t<p>Im Folgenden m\u00f6chten wir Ihnen darlegen, was Sie abgesehen von f\u00fcr Sie individuell ausgearbeiteten Routen und unserer Bereitschaft Ihren Aufenthalt so angenehm wie m\u00f6glich zu gestalten, bei uns erwartet:<\/p>\t\t\t\t\t\t\t\t<\/div>\n\t\t\t\t\t<\/div>\n\t\t\t\t<\/div>\n\t\t<div class=\"elementor-element elementor-element-398ba4d e-flex e-con-boxed e-con e-parent\" data-id=\"398ba4d\" data-element_type=\"container\" data-e-type=\"container\" data-settings=\"{&quot;jet_parallax_layout_list&quot;:[]}\">\n\t\t\t\t\t<div class=\"e-con-inner\">\n\t\t<div class=\"elementor-element elementor-element-dfcdac5 e-con-full e-flex e-con e-child\" data-id=\"dfcdac5\" data-element_type=\"container\" data-e-type=\"container\" data-settings=\"{&quot;jet_parallax_layout_list&quot;:[]}\">\n\t\t\t\t<div class=\"elementor-element elementor-element-5d04dac elementor-view-default elementor-widget elementor-widget-icon\" data-id=\"5d04dac\" data-element_type=\"widget\" data-e-type=\"widget\" data-widget_type=\"icon.default\">\n\t\t\t\t\t\t\t<div class=\"elementor-icon-wrapper\">\n\t\t\t<div class=\"elementor-icon\">\n\t\t\t<svg aria-hidden=\"true\" class=\"e-font-icon-svg e-fas-bed\" viewBox=\"0 0 640 512\" xmlns=\"http:\/\/www.w3.org\/2000\/svg\"><path d=\"M176 256c44.11 0 80-35.89 80-80s-35.89-80-80-80-80 35.89-80 80 35.89 80 80 80zm352-128H304c-8.84 0-16 7.16-16 16v144H64V80c0-8.84-7.16-16-16-16H16C7.16 64 0 71.16 0 80v352c0 8.84 7.16 16 16 16h32c8.84 0 16-7.16 16-16v-48h512v48c0 8.84 7.16 16 16 16h32c8.84 0 16-7.16 16-16V240c0-61.86-50.14-112-112-112z\"><\/path><\/svg>\t\t\t<\/div>\n\t\t<\/div>\n\t\t\t\t\t\t<\/div>\n\t\t\t\t<div class=\"elementor-element elementor-element-2bd2313 elementor-widget elementor-widget-heading\" data-id=\"2bd2313\" data-element_type=\"widget\" data-e-type=\"widget\" data-widget_type=\"heading.default\">\n\t\t\t\t\t<h2 class=\"elementor-heading-title elementor-size-default\">Zimmer<\/h2>\t\t\t\t<\/div>\n\t\t\t\t<div class=\"elementor-element elementor-element-27e57da elementor-widget elementor-widget-text-editor\" data-id=\"27e57da\" data-element_type=\"widget\" data-e-type=\"widget\" data-widget_type=\"text-editor.default\">\n\t\t\t\t\t\t\t\t\t<p>Wir verf\u00fcgen \u00fcber drei Doppelzimmer, nat\u00fcrlich jeweils mit eigenem Bad.<\/p>\t\t\t\t\t\t\t\t<\/div>\n\t\t\t\t<\/div>\n\t\t<div class=\"elementor-element elementor-element-9deacd2 e-con-full e-flex e-con e-child\" data-id=\"9deacd2\" data-element_type=\"container\" data-e-type=\"container\" data-settings=\"{&quot;jet_parallax_layout_list&quot;:[]}\">\n\t\t\t\t<div class=\"elementor-element elementor-element-e1c5610 elementor-view-default elementor-widget elementor-widget-icon\" data-id=\"e1c5610\" data-element_type=\"widget\" data-e-type=\"widget\" data-widget_type=\"icon.default\">\n\t\t\t\t\t\t\t<div class=\"elementor-icon-wrapper\">\n\t\t\t<div class=\"elementor-icon\">\n\t\t\t<svg aria-hidden=\"true\" class=\"e-font-icon-svg e-fas-bed\" viewBox=\"0 0 640 512\" xmlns=\"http:\/\/www.w3.org\/2000\/svg\"><path d=\"M176 256c44.11 0 80-35.89 80-80s-35.89-80-80-80-80 35.89-80 80 35.89 80 80 80zm352-128H304c-8.84 0-16 7.16-16 16v144H64V80c0-8.84-7.16-16-16-16H16C7.16 64 0 71.16 0 80v352c0 8.84 7.16 16 16 16h32c8.84 0 16-7.16 16-16v-48h512v48c0 8.84 7.16 16 16 16h32c8.84 0 16-7.16 16-16V240c0-61.86-50.14-112-112-112z\"><\/path><\/svg>\t\t\t<\/div>\n\t\t<\/div>\n\t\t\t\t\t\t<\/div>\n\t\t\t\t<div class=\"elementor-element elementor-element-16d16bd elementor-widget elementor-widget-heading\" data-id=\"16d16bd\" data-element_type=\"widget\" data-e-type=\"widget\" data-widget_type=\"heading.default\">\n\t\t\t\t\t<h2 class=\"elementor-heading-title elementor-size-default\">SUITES<\/h2>\t\t\t\t<\/div>\n\t\t\t\t<div class=\"elementor-element elementor-element-03e630e elementor-widget elementor-widget-text-editor\" data-id=\"03e630e\" data-element_type=\"widget\" data-e-type=\"widget\" data-widget_type=\"text-editor.default\">\n\t\t\t\t\t\t\t\t\t<p>Dar\u00fcberhinaus bieten wir Ihnen vier Suites, bestehend aus je einem eigenen Wohnzimmer, einem Schlafzimmer sowie einem Bad.<\/p>\t\t\t\t\t\t\t\t<\/div>\n\t\t\t\t<\/div>\n\t\t<div class=\"elementor-element elementor-element-b2129a7 e-con-full e-flex e-con e-child\" data-id=\"b2129a7\" data-element_type=\"container\" data-e-type=\"container\" data-settings=\"{&quot;jet_parallax_layout_list&quot;:[]}\">\n\t\t\t\t<div class=\"elementor-element elementor-element-d943c2c elementor-view-default elementor-widget elementor-widget-icon\" data-id=\"d943c2c\" data-element_type=\"widget\" data-e-type=\"widget\" data-widget_type=\"icon.default\">\n\t\t\t\t\t\t\t<div class=\"elementor-icon-wrapper\">\n\t\t\t<div class=\"elementor-icon\">\n\t\t\t<svg aria-hidden=\"true\" class=\"e-font-icon-svg e-fas-bread-slice\" viewBox=\"0 0 576 512\" xmlns=\"http:\/\/www.w3.org\/2000\/svg\"><path d=\"M288 0C108 0 0 93.4 0 169.14 0 199.44 24.24 224 64 224v256c0 17.67 16.12 32 36 32h376c19.88 0 36-14.33 36-32V224c39.76 0 64-24.56 64-54.86C576 93.4 468 0 288 0z\"><\/path><\/svg>\t\t\t<\/div>\n\t\t<\/div>\n\t\t\t\t\t\t<\/div>\n\t\t\t\t<div class=\"elementor-element elementor-element-a72be6f elementor-widget elementor-widget-heading\" data-id=\"a72be6f\" data-element_type=\"widget\" data-e-type=\"widget\" data-widget_type=\"heading.default\">\n\t\t\t\t\t<h2 class=\"elementor-heading-title elementor-size-default\">FR\u00dcHST\u00dcCK<\/h2>\t\t\t\t<\/div>\n\t\t\t\t<div class=\"elementor-element elementor-element-0ac2447 elementor-widget elementor-widget-text-editor\" data-id=\"0ac2447\" data-element_type=\"widget\" data-e-type=\"widget\" data-widget_type=\"text-editor.default\">\n\t\t\t\t\t\t\t\t\t<p>Ein ordentliches Fr\u00fchst\u00fcck ist stets inklusive. Ordentlich heisst bei uns: Kaffee, Tee, Orangensaft, Fr\u00fcchte der Saison, Butter, Natives Oliven\u00f6l, hausgemachte Marmeladen, Honig, K\u00e4se, Cerealien sowie Brot vom unserer Ansicht nach besten B\u00e4cker der Gegend.<\/p>\t\t\t\t\t\t\t\t<\/div>\n\t\t\t\t<\/div>\n\t\t<div class=\"elementor-element elementor-element-8b8090c e-con-full e-flex e-con e-child\" data-id=\"8b8090c\" data-element_type=\"container\" data-e-type=\"container\" data-settings=\"{&quot;jet_parallax_layout_list&quot;:[]}\">\n\t\t\t\t<div class=\"elementor-element elementor-element-3dba878 elementor-view-default elementor-widget elementor-widget-icon\" data-id=\"3dba878\" data-element_type=\"widget\" data-e-type=\"widget\" data-widget_type=\"icon.default\">\n\t\t\t\t\t\t\t<div class=\"elementor-icon-wrapper\">\n\t\t\t<div class=\"elementor-icon\">\n\t\t\t<svg aria-hidden=\"true\" class=\"e-font-icon-svg e-fas-wifi\" viewBox=\"0 0 640 512\" xmlns=\"http:\/\/www.w3.org\/2000\/svg\"><path d=\"M634.91 154.88C457.74-8.99 182.19-8.93 5.09 154.88c-6.66 6.16-6.79 16.59-.35 22.98l34.24 33.97c6.14 6.1 16.02 6.23 22.4.38 145.92-133.68 371.3-133.71 517.25 0 6.38 5.85 16.26 5.71 22.4-.38l34.24-33.97c6.43-6.39 6.3-16.82-.36-22.98zM320 352c-35.35 0-64 28.65-64 64s28.65 64 64 64 64-28.65 64-64-28.65-64-64-64zm202.67-83.59c-115.26-101.93-290.21-101.82-405.34 0-6.9 6.1-7.12 16.69-.57 23.15l34.44 33.99c6 5.92 15.66 6.32 22.05.8 83.95-72.57 209.74-72.41 293.49 0 6.39 5.52 16.05 5.13 22.05-.8l34.44-33.99c6.56-6.46 6.33-17.06-.56-23.15z\"><\/path><\/svg>\t\t\t<\/div>\n\t\t<\/div>\n\t\t\t\t\t\t<\/div>\n\t\t\t\t<div class=\"elementor-element elementor-element-98cf282 elementor-widget elementor-widget-heading\" data-id=\"98cf282\" data-element_type=\"widget\" data-e-type=\"widget\" data-widget_type=\"heading.default\">\n\t\t\t\t\t<h2 class=\"elementor-heading-title elementor-size-default\">WLAN<\/h2>\t\t\t\t<\/div>\n\t\t\t\t<div class=\"elementor-element elementor-element-45142bd elementor-widget elementor-widget-text-editor\" data-id=\"45142bd\" data-element_type=\"widget\" data-e-type=\"widget\" data-widget_type=\"text-editor.default\">\n\t\t\t\t\t\t\t\t\t<p>Selbstverst\u00e4ndlich bieten wir in allen R\u00e4umen schnelles und kostenloses Internet per WLAN \/ WiFi. Was wir nicht bieten sind Fernseher.<\/p>\t\t\t\t\t\t\t\t<\/div>\n\t\t\t\t<\/div>\n\t\t\t\t\t<\/div>\n\t\t\t\t<\/div>\n\t\t<div class=\"elementor-element elementor-element-a50e27f e-flex e-con-boxed e-con e-parent\" data-id=\"a50e27f\" data-element_type=\"container\" data-e-type=\"container\" data-settings=\"{&quot;jet_parallax_layout_list&quot;:[]}\">\n\t\t\t\t\t<div class=\"e-con-inner\">\n\t\t\t\t<div class=\"elementor-element elementor-element-63b4d39 elementor-widget elementor-widget-heading\" data-id=\"63b4d39\" data-element_type=\"widget\" data-e-type=\"widget\" data-widget_type=\"heading.default\">\n\t\t\t\t\t<h2 class=\"elementor-heading-title elementor-size-default\">Bitte beachten Sie<\/h2>\t\t\t\t<\/div>\n\t\t<div class=\"elementor-element elementor-element-704dbda e-con-full e-flex e-con e-child\" data-id=\"704dbda\" data-element_type=\"container\" data-e-type=\"container\" data-settings=\"{&quot;jet_parallax_layout_list&quot;:[]}\">\n\t\t<div class=\"elementor-element elementor-element-6f16347 e-con-full e-flex e-con e-child\" data-id=\"6f16347\" data-element_type=\"container\" data-e-type=\"container\" data-settings=\"{&quot;jet_parallax_layout_list&quot;:[]}\">\n\t\t\t\t<div class=\"elementor-element elementor-element-72718bc elementor-widget__width-initial elementor-widget elementor-widget-text-editor\" data-id=\"72718bc\" data-element_type=\"widget\" data-e-type=\"widget\" data-widget_type=\"text-editor.default\">\n\t\t\t\t\t\t\t\t\t<p>W\u00e4hrend Ihres Aufenthalts werden wir Ihr Zimmer bzw. Suite nur in Absprache mit Ihnen betreten. Bei Aufenthalten von mehr als vier N\u00e4chten ist eine Reinigung des Zimmers bzw. der Suite, mit Wechsel der Bettw\u00e4sche und der Handt\u00fccher inklusive. Sollten Sie dar\u00fcber hinaus frische Handt\u00fccher ben\u00f6tigen, k\u00f6nnen Sie diese stets kostenfrei erhalten. Sollten Sie zus\u00e4tzliche Reinigung des Zimmer bzw. Suite w\u00fcnschen, sprechen Sie uns bitte an.<\/p>\t\t\t\t\t\t\t\t<\/div>\n\t\t\t\t<div class=\"elementor-element elementor-element-2cb6382 elementor-widget__width-initial elementor-widget elementor-widget-text-editor\" data-id=\"2cb6382\" data-element_type=\"widget\" data-e-type=\"widget\" data-widget_type=\"text-editor.default\">\n\t\t\t\t\t\t\t\t\t<p>Die Nutzung unseres grossen -und wie wir finden sehr sch\u00f6nen- Gartens steht Ihnen nat\u00fcrlich ebenfalls gratis w\u00e4hrend Ihres Aufenthalts zur Verf\u00fcgung.<\/p>\t\t\t\t\t\t\t\t<\/div>\n\t\t\t\t<\/div>\n\t\t<div class=\"elementor-element elementor-element-5afba4a e-con-full e-flex e-con e-child\" data-id=\"5afba4a\" data-element_type=\"container\" data-e-type=\"container\" data-settings=\"{&quot;jet_parallax_layout_list&quot;:[]}\">\n\t\t\t\t<div class=\"elementor-element elementor-element-ca910f7 elementor-widget__width-initial elementor-widget elementor-widget-text-editor\" data-id=\"ca910f7\" data-element_type=\"widget\" data-e-type=\"widget\" data-widget_type=\"text-editor.default\">\n\t\t\t\t\t\t\t\t\t<p>Wir bieten ausser dem Fr\u00fchst\u00fcck keine weiteren Mahlzeiten an. Es gibt in kurzer Distanz vom Pazo eine Reihe von Restaurants und Gastst\u00e4tten unterschiedlicher Kategorien, eine entsprechende Liste bekommen Sie von uns gerne bei Ankunft oder auf Anfrage.<\/p><p>F\u00fcr Feste, Junggesellenabschiede oder Events aller Art eignet sich der Pazo nicht.<\/p>\t\t\t\t\t\t\t\t<\/div>\n\t\t\t\t<\/div>\n\t\t\t\t<\/div>\n\t\t\t\t\t<\/div>\n\t\t\t\t<\/div>\n\t\t<div class=\"elementor-element elementor-element-1680e51 e-flex e-con-boxed e-con e-parent\" data-id=\"1680e51\" data-element_type=\"container\" data-e-type=\"container\" data-settings=\"{&quot;jet_parallax_layout_list&quot;:[]}\">\n\t\t\t\t\t<div class=\"e-con-inner\">\n\t\t\t\t<div class=\"elementor-element elementor-element-002601a elementor-widget elementor-widget-heading\" data-id=\"002601a\" data-element_type=\"widget\" data-e-type=\"widget\" data-widget_type=\"heading.default\">\n\t\t\t\t\t<h2 class=\"elementor-heading-title elementor-size-default\">Haustiere<\/h2>\t\t\t\t<\/div>\n\t\t\t\t\t<\/div>\n\t\t\t\t<\/div>\n\t\t<div class=\"elementor-element elementor-element-a6c33ea e-flex e-con-boxed e-con e-parent\" data-id=\"a6c33ea\" data-element_type=\"container\" data-e-type=\"container\" data-settings=\"{&quot;jet_parallax_layout_list&quot;:[]}\">\n\t\t\t\t\t<div class=\"e-con-inner\">\n\t\t<div class=\"elementor-element elementor-element-6a58a9b e-con-full e-flex e-con e-child\" data-id=\"6a58a9b\" data-element_type=\"container\" data-e-type=\"container\" data-settings=\"{&quot;background_background&quot;:&quot;classic&quot;,&quot;jet_parallax_layout_list&quot;:[]}\">\n\t\t<div class=\"elementor-element elementor-element-8f8b440 e-con-full e-flex e-con e-child\" data-id=\"8f8b440\" data-element_type=\"container\" data-e-type=\"container\" data-settings=\"{&quot;jet_parallax_layout_list&quot;:[]}\">\n\t\t\t\t<div class=\"elementor-element elementor-element-dc0a395 elementor-view-default elementor-widget elementor-widget-icon\" data-id=\"dc0a395\" data-element_type=\"widget\" data-e-type=\"widget\" data-widget_type=\"icon.default\">\n\t\t\t\t\t\t\t<div class=\"elementor-icon-wrapper\">\n\t\t\t<div class=\"elementor-icon\">\n\t\t\t<svg aria-hidden=\"true\" class=\"e-font-icon-svg e-fas-dog\" viewBox=\"0 0 576 512\" xmlns=\"http:\/\/www.w3.org\/2000\/svg\"><path d=\"M298.06,224,448,277.55V496a16,16,0,0,1-16,16H368a16,16,0,0,1-16-16V384H192V496a16,16,0,0,1-16,16H112a16,16,0,0,1-16-16V282.09C58.84,268.84,32,233.66,32,192a32,32,0,0,1,64,0,32.06,32.06,0,0,0,32,32ZM544,112v32a64,64,0,0,1-64,64H448v35.58L320,197.87V48c0-14.25,17.22-21.39,27.31-11.31L374.59,64h53.63c10.91,0,23.75,7.92,28.62,17.69L464,96h64A16,16,0,0,1,544,112Zm-112,0a16,16,0,1,0-16,16A16,16,0,0,0,432,112Z\"><\/path><\/svg>\t\t\t<\/div>\n\t\t<\/div>\n\t\t\t\t\t\t<\/div>\n\t\t\t\t<\/div>\n\t\t<div class=\"elementor-element elementor-element-20dc429 e-con-full e-flex e-con e-child\" data-id=\"20dc429\" data-element_type=\"container\" data-e-type=\"container\" data-settings=\"{&quot;jet_parallax_layout_list&quot;:[]}\">\n\t\t\t\t<div class=\"elementor-element elementor-element-cfb18cb elementor-widget elementor-widget-heading\" data-id=\"cfb18cb\" data-element_type=\"widget\" data-e-type=\"widget\" data-widget_type=\"heading.default\">\n\t\t\t\t\t<h2 class=\"elementor-heading-title elementor-size-default\">Bitte beachten:<\/h2>\t\t\t\t<\/div>\n\t\t\t\t<div class=\"elementor-element elementor-element-c2cee86 elementor-widget elementor-widget-text-editor\" data-id=\"c2cee86\" data-element_type=\"widget\" data-e-type=\"widget\" data-widget_type=\"text-editor.default\">\n\t\t\t\t\t\t\t\t\t<p>En caso que quiera llevar mascota por favor avisenos antes de hacer una reserva. Una raz\u00f3n son nuestros gatos, la otra raz\u00f3n es evitar posibles conflictos con otros huespedes o sus mascotas.<\/p>\t\t\t\t\t\t\t\t<\/div>\n\t\t\t\t<\/div>\n\t\t\t\t<\/div>\n\t\t\t\t<div class=\"elementor-element elementor-element-0e212ea elementor-widget__width-initial elementor-widget elementor-widget-text-editor\" data-id=\"0e212ea\" data-element_type=\"widget\" data-e-type=\"widget\" data-widget_type=\"text-editor.default\">\n\t\t\t\t\t\t\t\t\t<p>Zwei unserer Suites sowie ein Zimmer sind nach vorheriger Absprache grunds\u00e4tzlich f\u00fcr einen Aufenthalt mit Haustieren geeignet: Habitaci\u00f3n Capilla, Suite Colirrojo und Suite Parladoiro.<\/p>\t\t\t\t\t\t\t\t<\/div>\n\t\t<div class=\"elementor-element elementor-element-394749c e-con-full e-flex e-con e-child\" data-id=\"394749c\" data-element_type=\"container\" data-e-type=\"container\" data-settings=\"{&quot;jet_parallax_layout_list&quot;:[]}\">\n\t\t<div class=\"elementor-element elementor-element-701d9eb e-con-full e-flex e-con e-child\" data-id=\"701d9eb\" data-element_type=\"container\" data-e-type=\"container\" data-settings=\"{&quot;jet_parallax_layout_list&quot;:[]}\">\n\t\t\t\t<div class=\"elementor-element elementor-element-786e30d elementor-widget elementor-widget-image\" data-id=\"786e30d\" data-element_type=\"widget\" data-e-type=\"widget\" data-widget_type=\"image.default\">\n\t\t\t\t\t\t\t\t\t\t\t\t\t\t\t\t<a href=\"https:\/\/www.pazo-chaioso.com\/wp26\/de\/suite-parladoiro\/\" aria-label=\"Ir a la suite Parladoiro\">\n\t\t\t\t\t\t\t<img fetchpriority=\"high\" decoding=\"async\" width=\"800\" height=\"534\" src=\"https:\/\/www.pazo-chaioso.com\/wp26\/wp-content\/uploads\/2026\/01\/IMG_3425-1024x683.jpg\" class=\"attachment-large size-large wp-image-490\" alt=\"2 camas en la Suite Parladoiro con una ventana detras\" srcset=\"https:\/\/www.pazo-chaioso.com\/wp26\/wp-content\/uploads\/2026\/01\/IMG_3425-1024x683.jpg 1024w, https:\/\/www.pazo-chaioso.com\/wp26\/wp-content\/uploads\/2026\/01\/IMG_3425-300x200.jpg 300w, https:\/\/www.pazo-chaioso.com\/wp26\/wp-content\/uploads\/2026\/01\/IMG_3425-768x512.jpg 768w, https:\/\/www.pazo-chaioso.com\/wp26\/wp-content\/uploads\/2026\/01\/IMG_3425.jpg 1200w\" sizes=\"(max-width: 800px) 100vw, 800px\" \/>\t\t\t\t\t\t\t\t<\/a>\n\t\t\t\t\t\t\t\t\t\t\t\t\t\t\t<\/div>\n\t\t\t\t<div class=\"elementor-element elementor-element-cba2298 elementor-widget elementor-widget-heading\" data-id=\"cba2298\" data-element_type=\"widget\" data-e-type=\"widget\" data-widget_type=\"heading.default\">\n\t\t\t\t\t<h2 class=\"elementor-heading-title elementor-size-default\"><a href=\"https:\/\/www.pazo-chaioso.com\/wp26\/de\/suite-parladoiro\/\" aria-label=\"Ir a la suite Parladoiro\">Suite Parladoiro<\/a><\/h2>\t\t\t\t<\/div>\n\t\t\t\t<div class=\"elementor-element elementor-element-75c40f2 elementor-align-center elementor-widget elementor-widget-button\" data-id=\"75c40f2\" data-element_type=\"widget\" data-e-type=\"widget\" data-widget_type=\"button.default\">\n\t\t\t\t\t\t\t\t\t\t<a class=\"elementor-button elementor-button-link elementor-size-sm\" href=\"https:\/\/www.pazo-chaioso.com\/wp26\/de\/suite-parladoiro\/\" aria-label=\"Ir a la suite Parladoiro\">\n\t\t\t\t\t\t<span class=\"elementor-button-content-wrapper\">\n\t\t\t\t\t\t\t\t\t<span class=\"elementor-button-text\">Saber m\u00e1s<\/span>\n\t\t\t\t\t<\/span>\n\t\t\t\t\t<\/a>\n\t\t\t\t\t\t\t\t<\/div>\n\t\t\t\t<\/div>\n\t\t<div class=\"elementor-element elementor-element-98a5663 e-con-full e-flex e-con e-child\" data-id=\"98a5663\" data-element_type=\"container\" data-e-type=\"container\" data-settings=\"{&quot;jet_parallax_layout_list&quot;:[]}\">\n\t\t\t\t<div class=\"elementor-element elementor-element-d9f8d18 elementor-widget elementor-widget-image\" data-id=\"d9f8d18\" data-element_type=\"widget\" data-e-type=\"widget\" data-widget_type=\"image.default\">\n\t\t\t\t\t\t\t\t\t\t\t\t\t\t\t\t<a href=\"https:\/\/www.pazo-chaioso.com\/wp26\/de\/habitacin-capilla\/\" aria-label=\"Ir a la Habitaci\u00f3n Capilla\">\n\t\t\t\t\t\t\t<img decoding=\"async\" width=\"800\" height=\"533\" src=\"https:\/\/www.pazo-chaioso.com\/wp26\/wp-content\/uploads\/2026\/01\/habitacion-capilla.jpg\" class=\"attachment-large size-large wp-image-500\" alt=\"Cama sillon y ventana en la habitacion capilla\" srcset=\"https:\/\/www.pazo-chaioso.com\/wp26\/wp-content\/uploads\/2026\/01\/habitacion-capilla.jpg 800w, https:\/\/www.pazo-chaioso.com\/wp26\/wp-content\/uploads\/2026\/01\/habitacion-capilla-300x200.jpg 300w, https:\/\/www.pazo-chaioso.com\/wp26\/wp-content\/uploads\/2026\/01\/habitacion-capilla-768x512.jpg 768w\" sizes=\"(max-width: 800px) 100vw, 800px\" \/>\t\t\t\t\t\t\t\t<\/a>\n\t\t\t\t\t\t\t\t\t\t\t\t\t\t\t<\/div>\n\t\t\t\t<div class=\"elementor-element elementor-element-1fa9a7b elementor-widget elementor-widget-heading\" data-id=\"1fa9a7b\" data-element_type=\"widget\" data-e-type=\"widget\" data-widget_type=\"heading.default\">\n\t\t\t\t\t<h2 class=\"elementor-heading-title elementor-size-default\"><a href=\"https:\/\/www.pazo-chaioso.com\/wp26\/de\/habitacin-capilla\/\" aria-label=\"Ir a la Habitaci\u00f3n Capilla\">Habitaci\u00f3n Capilla<\/a><\/h2>\t\t\t\t<\/div>\n\t\t\t\t<div class=\"elementor-element elementor-element-36eabc1 elementor-align-center elementor-widget elementor-widget-button\" data-id=\"36eabc1\" data-element_type=\"widget\" data-e-type=\"widget\" data-widget_type=\"button.default\">\n\t\t\t\t\t\t\t\t\t\t<a class=\"elementor-button elementor-button-link elementor-size-sm\" href=\"https:\/\/www.pazo-chaioso.com\/wp26\/de\/habitacin-capilla\/\" aria-label=\"Ir a la Habitaci\u00f3n Capilla\">\n\t\t\t\t\t\t<span class=\"elementor-button-content-wrapper\">\n\t\t\t\t\t\t\t\t\t<span class=\"elementor-button-text\">Saber m\u00e1s<\/span>\n\t\t\t\t\t<\/span>\n\t\t\t\t\t<\/a>\n\t\t\t\t\t\t\t\t<\/div>\n\t\t\t\t<\/div>\n\t\t<div class=\"elementor-element elementor-element-eb57253 e-con-full e-flex e-con e-child\" data-id=\"eb57253\" data-element_type=\"container\" data-e-type=\"container\" data-settings=\"{&quot;jet_parallax_layout_list&quot;:[]}\">\n\t\t\t\t<div class=\"elementor-element elementor-element-c4d37ad elementor-widget elementor-widget-image\" data-id=\"c4d37ad\" data-element_type=\"widget\" data-e-type=\"widget\" data-widget_type=\"image.default\">\n\t\t\t\t\t\t\t\t\t\t\t\t\t\t\t\t<a href=\"https:\/\/www.pazo-chaioso.com\/wp26\/de\/suite-colirrojo\/\" aria-label=\"Ir a la suite Colirrojo\">\n\t\t\t\t\t\t\t<img decoding=\"async\" width=\"800\" height=\"534\" src=\"https:\/\/www.pazo-chaioso.com\/wp26\/wp-content\/uploads\/2026\/01\/IMG_0320-1024x683.jpg\" class=\"attachment-large size-large wp-image-468\" alt=\"Camas Suite Colirrojo y Armario\" srcset=\"https:\/\/www.pazo-chaioso.com\/wp26\/wp-content\/uploads\/2026\/01\/IMG_0320-1024x683.jpg 1024w, https:\/\/www.pazo-chaioso.com\/wp26\/wp-content\/uploads\/2026\/01\/IMG_0320-300x200.jpg 300w, https:\/\/www.pazo-chaioso.com\/wp26\/wp-content\/uploads\/2026\/01\/IMG_0320-768x512.jpg 768w, https:\/\/www.pazo-chaioso.com\/wp26\/wp-content\/uploads\/2026\/01\/IMG_0320.jpg 1200w\" sizes=\"(max-width: 800px) 100vw, 800px\" \/>\t\t\t\t\t\t\t\t<\/a>\n\t\t\t\t\t\t\t\t\t\t\t\t\t\t\t<\/div>\n\t\t\t\t<div class=\"elementor-element elementor-element-ad122f6 elementor-widget elementor-widget-heading\" data-id=\"ad122f6\" data-element_type=\"widget\" data-e-type=\"widget\" data-widget_type=\"heading.default\">\n\t\t\t\t\t<h2 class=\"elementor-heading-title elementor-size-default\"><a href=\"https:\/\/www.pazo-chaioso.com\/wp26\/de\/suite-colirrojo\/\" aria-label=\"Ir a la suite Colirrojo\">Suite Colirrojo<\/a><\/h2>\t\t\t\t<\/div>\n\t\t\t\t<div class=\"elementor-element elementor-element-bd5825a elementor-align-center elementor-widget elementor-widget-button\" data-id=\"bd5825a\" data-element_type=\"widget\" data-e-type=\"widget\" data-widget_type=\"button.default\">\n\t\t\t\t\t\t\t\t\t\t<a class=\"elementor-button elementor-button-link elementor-size-sm\" href=\"https:\/\/www.pazo-chaioso.com\/wp26\/de\/suite-colirrojo\/\" aria-label=\"Ir a la suite Colirrojo\">\n\t\t\t\t\t\t<span class=\"elementor-button-content-wrapper\">\n\t\t\t\t\t\t\t\t\t<span class=\"elementor-button-text\">Saber m\u00e1s<\/span>\n\t\t\t\t\t<\/span>\n\t\t\t\t\t<\/a>\n\t\t\t\t\t\t\t\t<\/div>\n\t\t\t\t<\/div>\n\t\t\t\t<\/div>\n\t\t\t\t\t<\/div>\n\t\t\t\t<\/div>\n\t\t\t\t<\/div>\n\t\t","protected":false},"excerpt":{"rendered":"<p>Lo que le podemos ofrecer (y lo que no&#8230;) A continuaci\u00f3n le queremos detallar lo que podemos ofrecer, aparte de prepararle rutas a medida seg\u00fan su inter\u00e9s, estar a su disposici\u00f3n y tener muchas ganas de hacer su estancia muy agradable: HABITACIONES Disponemos de tres habitaciones, cada una consistiendo de un dormitorio amplio con ba\u00f1o [&hellip;]<\/p>\n","protected":false},"author":1,"featured_media":0,"parent":0,"menu_order":0,"comment_status":"closed","ping_status":"closed","template":"","meta":{"footnotes":""},"class_list":["post-353","page","type-page","status-publish","hentry"],"_links":{"self":[{"href":"https:\/\/www.pazo-chaioso.com\/wp26\/de\/wp-json\/wp\/v2\/pages\/353","targetHints":{"allow":["GET"]}}],"collection":[{"href":"https:\/\/www.pazo-chaioso.com\/wp26\/de\/wp-json\/wp\/v2\/pages"}],"about":[{"href":"https:\/\/www.pazo-chaioso.com\/wp26\/de\/wp-json\/wp\/v2\/types\/page"}],"author":[{"embeddable":true,"href":"https:\/\/www.pazo-chaioso.com\/wp26\/de\/wp-json\/wp\/v2\/users\/1"}],"replies":[{"embeddable":true,"href":"https:\/\/www.pazo-chaioso.com\/wp26\/de\/wp-json\/wp\/v2\/comments?post=353"}],"version-history":[{"count":220,"href":"https:\/\/www.pazo-chaioso.com\/wp26\/de\/wp-json\/wp\/v2\/pages\/353\/revisions"}],"predecessor-version":[{"id":3801,"href":"https:\/\/www.pazo-chaioso.com\/wp26\/de\/wp-json\/wp\/v2\/pages\/353\/revisions\/3801"}],"wp:attachment":[{"href":"https:\/\/www.pazo-chaioso.com\/wp26\/de\/wp-json\/wp\/v2\/media?parent=353"}],"curies":[{"name":"wp","href":"https:\/\/api.w.org\/{rel}","templated":true}]}}