{"id":447,"date":"2026-01-14T12:51:35","date_gmt":"2026-01-14T11:51:35","guid":{"rendered":"https:\/\/www.pazo-chaioso.com\/wp26\/?page_id=447"},"modified":"2026-04-30T11:52:48","modified_gmt":"2026-04-30T10:52:48","slug":"habitaciones-suites","status":"publish","type":"page","link":"https:\/\/www.pazo-chaioso.com\/wp26\/de\/habitaciones-suites\/","title":{"rendered":"Zimmer & Suites"},"content":{"rendered":"\t\t<div data-elementor-type=\"wp-page\" data-elementor-id=\"447\" class=\"elementor elementor-447\" data-elementor-post-type=\"page\">\n\t\t\t\t\t\t<section class=\"elementor-section elementor-top-section elementor-element elementor-element-de44766 elementor-section-stretched elementor-section-boxed elementor-section-height-default elementor-section-height-default\" data-id=\"de44766\" data-element_type=\"section\" data-e-type=\"section\" data-settings=\"{&quot;stretch_section&quot;:&quot;section-stretched&quot;,&quot;background_background&quot;:&quot;classic&quot;,&quot;jet_parallax_layout_list&quot;:[]}\">\n\t\t\t\t\t\t\t<div class=\"elementor-background-overlay\"><\/div>\n\t\t\t\t\t\t\t<div class=\"elementor-container elementor-column-gap-default\">\n\t\t\t\t\t<div class=\"elementor-column elementor-col-100 elementor-top-column elementor-element elementor-element-b1f4385\" data-id=\"b1f4385\" data-element_type=\"column\" data-e-type=\"column\">\n\t\t\t<div class=\"elementor-widget-wrap elementor-element-populated\">\n\t\t\t\t\t\t<div class=\"elementor-element elementor-element-5d6ac1f elementor-widget elementor-widget-heading\" data-id=\"5d6ac1f\" data-element_type=\"widget\" data-e-type=\"widget\" data-widget_type=\"heading.default\">\n\t\t\t\t\t<h1 class=\"elementor-heading-title elementor-size-default\">Zimmer &amp; Suites<\/h1>\t\t\t\t<\/div>\n\t\t\t\t\t<\/div>\n\t\t<\/div>\n\t\t\t\t\t<\/div>\n\t\t<\/section>\n\t\t<div class=\"elementor-element elementor-element-7c1879f e-flex e-con-boxed e-con e-parent\" data-id=\"7c1879f\" data-element_type=\"container\" data-e-type=\"container\" data-settings=\"{&quot;jet_parallax_layout_list&quot;:[]}\">\n\t\t\t\t\t<div class=\"e-con-inner\">\n\t\t\t\t<div class=\"elementor-element elementor-element-ac5c344 elementor-widget elementor-widget-heading\" data-id=\"ac5c344\" data-element_type=\"widget\" data-e-type=\"widget\" data-widget_type=\"heading.default\">\n\t\t\t\t\t<h2 class=\"elementor-heading-title elementor-size-default\">Suites<\/h2>\t\t\t\t<\/div>\n\t\t\t\t<div class=\"elementor-element elementor-element-d59dab5 elementor-widget-divider--view-line elementor-widget elementor-widget-divider\" data-id=\"d59dab5\" data-element_type=\"widget\" data-e-type=\"widget\" data-widget_type=\"divider.default\">\n\t\t\t\t\t\t\t<div class=\"elementor-divider\">\n\t\t\t<span class=\"elementor-divider-separator\">\n\t\t\t\t\t\t<\/span>\n\t\t<\/div>\n\t\t\t\t\t\t<\/div>\n\t\t\t\t\t<\/div>\n\t\t\t\t<\/div>\n\t\t<div class=\"elementor-element elementor-element-28514aa e-flex e-con-boxed e-con e-parent\" data-id=\"28514aa\" data-element_type=\"container\" data-e-type=\"container\" data-settings=\"{&quot;jet_parallax_layout_list&quot;:[]}\">\n\t\t\t\t\t<div class=\"e-con-inner\">\n\t\t<div class=\"elementor-element elementor-element-ee56b3f e-con-full e-flex e-con e-child\" data-id=\"ee56b3f\" data-element_type=\"container\" data-e-type=\"container\" data-settings=\"{&quot;jet_parallax_layout_list&quot;:[]}\">\n\t\t<div class=\"elementor-element elementor-element-c9ff953 e-con-full e-flex e-con e-child\" data-id=\"c9ff953\" data-element_type=\"container\" data-e-type=\"container\" data-settings=\"{&quot;jet_parallax_layout_list&quot;:[]}\">\n\t\t\t\t<div class=\"elementor-element elementor-element-07b1de0 elementor-widget elementor-widget-image\" data-id=\"07b1de0\" data-element_type=\"widget\" data-e-type=\"widget\" data-widget_type=\"image.default\">\n\t\t\t\t\t\t\t\t\t\t\t\t\t\t\t\t<a href=\"https:\/\/www.pazo-chaioso.com\/wp26\/de\/suite-bocaron\/\" aria-label=\"Ir a la suite Bocaron\">\n\t\t\t\t\t\t\t<img fetchpriority=\"high\" decoding=\"async\" width=\"800\" height=\"534\" src=\"https:\/\/www.pazo-chaioso.com\/wp26\/wp-content\/uploads\/2026\/01\/IMG_3543-1024x683.jpg\" class=\"attachment-large size-large wp-image-460\" alt=\"Cama Suite Bocaron\" srcset=\"https:\/\/www.pazo-chaioso.com\/wp26\/wp-content\/uploads\/2026\/01\/IMG_3543-1024x683.jpg 1024w, https:\/\/www.pazo-chaioso.com\/wp26\/wp-content\/uploads\/2026\/01\/IMG_3543-300x200.jpg 300w, https:\/\/www.pazo-chaioso.com\/wp26\/wp-content\/uploads\/2026\/01\/IMG_3543-768x512.jpg 768w, https:\/\/www.pazo-chaioso.com\/wp26\/wp-content\/uploads\/2026\/01\/IMG_3543.jpg 1200w\" sizes=\"(max-width: 800px) 100vw, 800px\" \/>\t\t\t\t\t\t\t\t<\/a>\n\t\t\t\t\t\t\t\t\t\t\t\t\t\t\t<\/div>\n\t\t\t\t<div class=\"elementor-element elementor-element-90f5237 elementor-widget elementor-widget-heading\" data-id=\"90f5237\" data-element_type=\"widget\" data-e-type=\"widget\" data-widget_type=\"heading.default\">\n\t\t\t\t\t<h2 class=\"elementor-heading-title elementor-size-default\"><a href=\"https:\/\/www.pazo-chaioso.com\/wp26\/de\/suite-bocaron\/\" aria-label=\"Ir a la suite Bocaron\">Suite Bocaron<\/a><\/h2>\t\t\t\t<\/div>\n\t\t\t\t<div class=\"elementor-element elementor-element-ab29324 elementor-align-center elementor-widget elementor-widget-button\" data-id=\"ab29324\" data-element_type=\"widget\" data-e-type=\"widget\" data-widget_type=\"button.default\">\n\t\t\t\t\t\t\t\t\t\t<a class=\"elementor-button elementor-button-link elementor-size-sm\" href=\"https:\/\/www.pazo-chaioso.com\/wp26\/de\/suite-bocaron\/\" aria-label=\"Ir a la suite Bocaron\">\n\t\t\t\t\t\t<span class=\"elementor-button-content-wrapper\">\n\t\t\t\t\t\t\t\t\t<span class=\"elementor-button-text\">Saber m\u00e1s<\/span>\n\t\t\t\t\t<\/span>\n\t\t\t\t\t<\/a>\n\t\t\t\t\t\t\t\t<\/div>\n\t\t\t\t<\/div>\n\t\t<div class=\"elementor-element elementor-element-6d8fa28 e-con-full e-flex e-con e-child\" data-id=\"6d8fa28\" data-element_type=\"container\" data-e-type=\"container\" data-settings=\"{&quot;jet_parallax_layout_list&quot;:[]}\">\n\t\t\t\t<div class=\"elementor-element elementor-element-7a70158 elementor-widget elementor-widget-image\" data-id=\"7a70158\" data-element_type=\"widget\" data-e-type=\"widget\" data-widget_type=\"image.default\">\n\t\t\t\t\t\t\t\t\t\t\t\t\t\t\t\t<a href=\"https:\/\/www.pazo-chaioso.com\/wp26\/de\/suite-escudo\/\" aria-label=\"Ir a la suite Escudo\">\n\t\t\t\t\t\t\t<img decoding=\"async\" width=\"800\" height=\"534\" src=\"https:\/\/www.pazo-chaioso.com\/wp26\/wp-content\/uploads\/2026\/01\/IMG_3564-1024x683.jpg\" class=\"attachment-large size-large wp-image-485\" alt=\"Cama y ventana en la habitacion de suite escudo\" srcset=\"https:\/\/www.pazo-chaioso.com\/wp26\/wp-content\/uploads\/2026\/01\/IMG_3564-1024x683.jpg 1024w, https:\/\/www.pazo-chaioso.com\/wp26\/wp-content\/uploads\/2026\/01\/IMG_3564-300x200.jpg 300w, https:\/\/www.pazo-chaioso.com\/wp26\/wp-content\/uploads\/2026\/01\/IMG_3564-768x512.jpg 768w, https:\/\/www.pazo-chaioso.com\/wp26\/wp-content\/uploads\/2026\/01\/IMG_3564.jpg 1200w\" sizes=\"(max-width: 800px) 100vw, 800px\" \/>\t\t\t\t\t\t\t\t<\/a>\n\t\t\t\t\t\t\t\t\t\t\t\t\t\t\t<\/div>\n\t\t\t\t<div class=\"elementor-element elementor-element-a2bf44c elementor-widget elementor-widget-heading\" data-id=\"a2bf44c\" data-element_type=\"widget\" data-e-type=\"widget\" data-widget_type=\"heading.default\">\n\t\t\t\t\t<h2 class=\"elementor-heading-title elementor-size-default\"><a href=\"https:\/\/www.pazo-chaioso.com\/wp26\/de\/suite-escudo\/\" aria-label=\"Ir a la suite Escudo\">Suite Escudo<\/a><\/h2>\t\t\t\t<\/div>\n\t\t\t\t<div class=\"elementor-element elementor-element-a9dea8c elementor-align-center elementor-widget elementor-widget-button\" data-id=\"a9dea8c\" data-element_type=\"widget\" data-e-type=\"widget\" data-widget_type=\"button.default\">\n\t\t\t\t\t\t\t\t\t\t<a class=\"elementor-button elementor-button-link elementor-size-sm\" href=\"https:\/\/www.pazo-chaioso.com\/wp26\/de\/suite-escudo\/\" aria-label=\"Ir a la suite Escudo\">\n\t\t\t\t\t\t<span class=\"elementor-button-content-wrapper\">\n\t\t\t\t\t\t\t\t\t<span class=\"elementor-button-text\">Saber m\u00e1s<\/span>\n\t\t\t\t\t<\/span>\n\t\t\t\t\t<\/a>\n\t\t\t\t\t\t\t\t<\/div>\n\t\t\t\t<\/div>\n\t\t\t\t<\/div>\n\t\t<div class=\"elementor-element elementor-element-f1410a6 e-con-full e-flex e-con e-child\" data-id=\"f1410a6\" data-element_type=\"container\" data-e-type=\"container\" data-settings=\"{&quot;jet_parallax_layout_list&quot;:[]}\">\n\t\t<div class=\"elementor-element elementor-element-bd4f9e1 e-con-full e-flex e-con e-child\" data-id=\"bd4f9e1\" data-element_type=\"container\" data-e-type=\"container\" data-settings=\"{&quot;jet_parallax_layout_list&quot;:[]}\">\n\t\t\t\t<div class=\"elementor-element elementor-element-eb39a7b elementor-widget elementor-widget-image\" data-id=\"eb39a7b\" data-element_type=\"widget\" data-e-type=\"widget\" data-widget_type=\"image.default\">\n\t\t\t\t\t\t\t\t\t\t\t\t\t\t\t\t<a href=\"https:\/\/www.pazo-chaioso.com\/wp26\/de\/suite-colirrojo\/\" aria-label=\"Ir a la suite Colirrojo\">\n\t\t\t\t\t\t\t<img decoding=\"async\" width=\"800\" height=\"534\" src=\"https:\/\/www.pazo-chaioso.com\/wp26\/wp-content\/uploads\/2026\/01\/IMG_0320-1024x683.jpg\" class=\"attachment-large size-large wp-image-468\" alt=\"Camas Suite Colirrojo y Armario\" srcset=\"https:\/\/www.pazo-chaioso.com\/wp26\/wp-content\/uploads\/2026\/01\/IMG_0320-1024x683.jpg 1024w, https:\/\/www.pazo-chaioso.com\/wp26\/wp-content\/uploads\/2026\/01\/IMG_0320-300x200.jpg 300w, https:\/\/www.pazo-chaioso.com\/wp26\/wp-content\/uploads\/2026\/01\/IMG_0320-768x512.jpg 768w, https:\/\/www.pazo-chaioso.com\/wp26\/wp-content\/uploads\/2026\/01\/IMG_0320.jpg 1200w\" sizes=\"(max-width: 800px) 100vw, 800px\" \/>\t\t\t\t\t\t\t\t<\/a>\n\t\t\t\t\t\t\t\t\t\t\t\t\t\t\t<\/div>\n\t\t\t\t<div class=\"elementor-element elementor-element-82c0d39 elementor-widget elementor-widget-heading\" data-id=\"82c0d39\" data-element_type=\"widget\" data-e-type=\"widget\" data-widget_type=\"heading.default\">\n\t\t\t\t\t<h2 class=\"elementor-heading-title elementor-size-default\"><a href=\"https:\/\/www.pazo-chaioso.com\/wp26\/de\/suite-colirrojo\/\" aria-label=\"Ir a la suite Colirrojo\">Suite Colirrojo<\/a><\/h2>\t\t\t\t<\/div>\n\t\t\t\t<div class=\"elementor-element elementor-element-1141631 elementor-align-center elementor-widget elementor-widget-button\" data-id=\"1141631\" data-element_type=\"widget\" data-e-type=\"widget\" data-widget_type=\"button.default\">\n\t\t\t\t\t\t\t\t\t\t<a class=\"elementor-button elementor-button-link elementor-size-sm\" href=\"https:\/\/www.pazo-chaioso.com\/wp26\/de\/suite-colirrojo\/\" aria-label=\"Ir a la suite Colirrojo\">\n\t\t\t\t\t\t<span class=\"elementor-button-content-wrapper\">\n\t\t\t\t\t\t\t\t\t<span class=\"elementor-button-text\">Saber m\u00e1s<\/span>\n\t\t\t\t\t<\/span>\n\t\t\t\t\t<\/a>\n\t\t\t\t\t\t\t\t<\/div>\n\t\t\t\t<\/div>\n\t\t<div class=\"elementor-element elementor-element-7f52e89 e-con-full e-flex e-con e-child\" data-id=\"7f52e89\" data-element_type=\"container\" data-e-type=\"container\" data-settings=\"{&quot;jet_parallax_layout_list&quot;:[]}\">\n\t\t\t\t<div class=\"elementor-element elementor-element-8986bfb elementor-widget elementor-widget-image\" data-id=\"8986bfb\" data-element_type=\"widget\" data-e-type=\"widget\" data-widget_type=\"image.default\">\n\t\t\t\t\t\t\t\t\t\t\t\t\t\t\t\t<a href=\"https:\/\/www.pazo-chaioso.com\/wp26\/de\/suite-parladoiro\/\" aria-label=\"Ir a la suite Parladoiro\">\n\t\t\t\t\t\t\t<img loading=\"lazy\" decoding=\"async\" width=\"800\" height=\"534\" src=\"https:\/\/www.pazo-chaioso.com\/wp26\/wp-content\/uploads\/2026\/01\/IMG_3425-1024x683.jpg\" class=\"attachment-large size-large wp-image-490\" alt=\"2 camas en la Suite Parladoiro con una ventana detras\" srcset=\"https:\/\/www.pazo-chaioso.com\/wp26\/wp-content\/uploads\/2026\/01\/IMG_3425-1024x683.jpg 1024w, https:\/\/www.pazo-chaioso.com\/wp26\/wp-content\/uploads\/2026\/01\/IMG_3425-300x200.jpg 300w, https:\/\/www.pazo-chaioso.com\/wp26\/wp-content\/uploads\/2026\/01\/IMG_3425-768x512.jpg 768w, https:\/\/www.pazo-chaioso.com\/wp26\/wp-content\/uploads\/2026\/01\/IMG_3425.jpg 1200w\" sizes=\"(max-width: 800px) 100vw, 800px\" \/>\t\t\t\t\t\t\t\t<\/a>\n\t\t\t\t\t\t\t\t\t\t\t\t\t\t\t<\/div>\n\t\t\t\t<div class=\"elementor-element elementor-element-d9603e9 elementor-widget elementor-widget-heading\" data-id=\"d9603e9\" data-element_type=\"widget\" data-e-type=\"widget\" data-widget_type=\"heading.default\">\n\t\t\t\t\t<h2 class=\"elementor-heading-title elementor-size-default\"><a href=\"https:\/\/www.pazo-chaioso.com\/wp26\/de\/suite-parladoiro\/\" aria-label=\"Ir a la suite Parladoiro\">Suite Parladoiro<\/a><\/h2>\t\t\t\t<\/div>\n\t\t\t\t<div class=\"elementor-element elementor-element-711cfa4 elementor-align-center elementor-widget elementor-widget-button\" data-id=\"711cfa4\" data-element_type=\"widget\" data-e-type=\"widget\" data-widget_type=\"button.default\">\n\t\t\t\t\t\t\t\t\t\t<a class=\"elementor-button elementor-button-link elementor-size-sm\" href=\"https:\/\/www.pazo-chaioso.com\/wp26\/de\/suite-parladoiro\/\" aria-label=\"Ir a la suite Parladoiro\">\n\t\t\t\t\t\t<span class=\"elementor-button-content-wrapper\">\n\t\t\t\t\t\t\t\t\t<span class=\"elementor-button-text\">Saber m\u00e1s<\/span>\n\t\t\t\t\t<\/span>\n\t\t\t\t\t<\/a>\n\t\t\t\t\t\t\t\t<\/div>\n\t\t\t\t<\/div>\n\t\t\t\t<\/div>\n\t\t\t\t\t<\/div>\n\t\t\t\t<\/div>\n\t\t<div class=\"elementor-element elementor-element-51eed17 e-con-full e-flex e-con e-parent\" data-id=\"51eed17\" data-element_type=\"container\" data-e-type=\"container\" data-settings=\"{&quot;background_background&quot;:&quot;classic&quot;,&quot;jet_parallax_layout_list&quot;:[]}\">\n\t\t\t\t<\/div>\n\t\t<div class=\"elementor-element elementor-element-6c415e7 e-flex e-con-boxed e-con e-parent\" data-id=\"6c415e7\" data-element_type=\"container\" data-e-type=\"container\" data-settings=\"{&quot;jet_parallax_layout_list&quot;:[]}\">\n\t\t\t\t\t<div class=\"e-con-inner\">\n\t\t\t\t<div class=\"elementor-element elementor-element-e1a6074 elementor-widget elementor-widget-heading\" data-id=\"e1a6074\" data-element_type=\"widget\" data-e-type=\"widget\" data-widget_type=\"heading.default\">\n\t\t\t\t\t<h2 class=\"elementor-heading-title elementor-size-default\">Habitaciones<\/h2>\t\t\t\t<\/div>\n\t\t\t\t<div class=\"elementor-element elementor-element-2308f55 elementor-widget-divider--view-line elementor-widget elementor-widget-divider\" data-id=\"2308f55\" data-element_type=\"widget\" data-e-type=\"widget\" data-widget_type=\"divider.default\">\n\t\t\t\t\t\t\t<div class=\"elementor-divider\">\n\t\t\t<span class=\"elementor-divider-separator\">\n\t\t\t\t\t\t<\/span>\n\t\t<\/div>\n\t\t\t\t\t\t<\/div>\n\t\t\t\t\t<\/div>\n\t\t\t\t<\/div>\n\t\t<div class=\"elementor-element elementor-element-668cf3d e-flex e-con-boxed e-con e-parent\" data-id=\"668cf3d\" data-element_type=\"container\" data-e-type=\"container\" data-settings=\"{&quot;jet_parallax_layout_list&quot;:[]}\">\n\t\t\t\t\t<div class=\"e-con-inner\">\n\t\t<div class=\"elementor-element elementor-element-0a567a1 e-con-full e-flex e-con e-child\" data-id=\"0a567a1\" data-element_type=\"container\" data-e-type=\"container\" data-settings=\"{&quot;jet_parallax_layout_list&quot;:[]}\">\n\t\t\t\t<div class=\"elementor-element elementor-element-0f4e8e5 elementor-widget elementor-widget-image\" data-id=\"0f4e8e5\" data-element_type=\"widget\" data-e-type=\"widget\" data-widget_type=\"image.default\">\n\t\t\t\t\t\t\t\t\t\t\t\t\t\t\t\t<a href=\"https:\/\/www.pazo-chaioso.com\/wp26\/de\/habitacin-capilla\/\" aria-label=\"Ir a la Habitaci\u00f3n Capilla\">\n\t\t\t\t\t\t\t<img loading=\"lazy\" decoding=\"async\" width=\"800\" height=\"533\" src=\"https:\/\/www.pazo-chaioso.com\/wp26\/wp-content\/uploads\/2026\/01\/habitacion-capilla.jpg\" class=\"attachment-large size-large wp-image-500\" alt=\"Cama sillon y ventana en la habitacion capilla\" srcset=\"https:\/\/www.pazo-chaioso.com\/wp26\/wp-content\/uploads\/2026\/01\/habitacion-capilla.jpg 800w, https:\/\/www.pazo-chaioso.com\/wp26\/wp-content\/uploads\/2026\/01\/habitacion-capilla-300x200.jpg 300w, https:\/\/www.pazo-chaioso.com\/wp26\/wp-content\/uploads\/2026\/01\/habitacion-capilla-768x512.jpg 768w\" sizes=\"(max-width: 800px) 100vw, 800px\" \/>\t\t\t\t\t\t\t\t<\/a>\n\t\t\t\t\t\t\t\t\t\t\t\t\t\t\t<\/div>\n\t\t\t\t<div class=\"elementor-element elementor-element-5ddfb71 elementor-widget elementor-widget-heading\" data-id=\"5ddfb71\" data-element_type=\"widget\" data-e-type=\"widget\" data-widget_type=\"heading.default\">\n\t\t\t\t\t<h2 class=\"elementor-heading-title elementor-size-default\"><a href=\"https:\/\/www.pazo-chaioso.com\/wp26\/de\/habitacin-capilla\/\" aria-label=\"Ir a la Habitaci\u00f3n Capilla\">Habitaci\u00f3n Capilla<\/a><\/h2>\t\t\t\t<\/div>\n\t\t\t\t<div class=\"elementor-element elementor-element-3ba4dfa elementor-align-center elementor-widget elementor-widget-button\" data-id=\"3ba4dfa\" data-element_type=\"widget\" data-e-type=\"widget\" data-widget_type=\"button.default\">\n\t\t\t\t\t\t\t\t\t\t<a class=\"elementor-button elementor-button-link elementor-size-sm\" href=\"https:\/\/www.pazo-chaioso.com\/wp26\/de\/habitacin-capilla\/\" aria-label=\"Ir a la Habitaci\u00f3n Capilla\">\n\t\t\t\t\t\t<span class=\"elementor-button-content-wrapper\">\n\t\t\t\t\t\t\t\t\t<span class=\"elementor-button-text\">Saber m\u00e1s<\/span>\n\t\t\t\t\t<\/span>\n\t\t\t\t\t<\/a>\n\t\t\t\t\t\t\t\t<\/div>\n\t\t\t\t<\/div>\n\t\t<div class=\"elementor-element elementor-element-e888504 e-con-full e-flex e-con e-child\" data-id=\"e888504\" data-element_type=\"container\" data-e-type=\"container\" data-settings=\"{&quot;jet_parallax_layout_list&quot;:[]}\">\n\t\t\t\t<div class=\"elementor-element elementor-element-ce67f00 elementor-widget elementor-widget-image\" data-id=\"ce67f00\" data-element_type=\"widget\" data-e-type=\"widget\" data-widget_type=\"image.default\">\n\t\t\t\t\t\t\t\t\t\t\t\t\t\t\t\t<a href=\"https:\/\/www.pazo-chaioso.com\/wp26\/de\/habitacin-huerta\/\" aria-label=\"Ir a la Habitaci\u00f3n huerta\">\n\t\t\t\t\t\t\t<img loading=\"lazy\" decoding=\"async\" width=\"800\" height=\"534\" src=\"https:\/\/www.pazo-chaioso.com\/wp26\/wp-content\/uploads\/2026\/01\/IMG_3401-1024x683.jpg\" class=\"attachment-large size-large wp-image-507\" alt=\"Habitaci\u00f3n huerta, ventanal en el techo y camas, ademas d euna mesita de luz.\" srcset=\"https:\/\/www.pazo-chaioso.com\/wp26\/wp-content\/uploads\/2026\/01\/IMG_3401-1024x683.jpg 1024w, https:\/\/www.pazo-chaioso.com\/wp26\/wp-content\/uploads\/2026\/01\/IMG_3401-300x200.jpg 300w, https:\/\/www.pazo-chaioso.com\/wp26\/wp-content\/uploads\/2026\/01\/IMG_3401-768x512.jpg 768w, https:\/\/www.pazo-chaioso.com\/wp26\/wp-content\/uploads\/2026\/01\/IMG_3401.jpg 1200w\" sizes=\"(max-width: 800px) 100vw, 800px\" \/>\t\t\t\t\t\t\t\t<\/a>\n\t\t\t\t\t\t\t\t\t\t\t\t\t\t\t<\/div>\n\t\t\t\t<div class=\"elementor-element elementor-element-8e2d801 elementor-widget elementor-widget-heading\" data-id=\"8e2d801\" data-element_type=\"widget\" data-e-type=\"widget\" data-widget_type=\"heading.default\">\n\t\t\t\t\t<h2 class=\"elementor-heading-title elementor-size-default\"><a href=\"https:\/\/www.pazo-chaioso.com\/wp26\/de\/habitacin-huerta\/\" aria-label=\"Ir a la Habitaci\u00f3n Huerta\">Habitaci\u00f3n Huerta<\/a><\/h2>\t\t\t\t<\/div>\n\t\t\t\t<div class=\"elementor-element elementor-element-98fa6df elementor-align-center elementor-widget elementor-widget-button\" data-id=\"98fa6df\" data-element_type=\"widget\" data-e-type=\"widget\" data-widget_type=\"button.default\">\n\t\t\t\t\t\t\t\t\t\t<a class=\"elementor-button elementor-button-link elementor-size-sm\" href=\"https:\/\/www.pazo-chaioso.com\/wp26\/de\/habitacin-huerta\/\" aria-label=\"Ir a la Habitaci\u00f3n Huerta\">\n\t\t\t\t\t\t<span class=\"elementor-button-content-wrapper\">\n\t\t\t\t\t\t\t\t\t<span class=\"elementor-button-text\">Saber m\u00e1s<\/span>\n\t\t\t\t\t<\/span>\n\t\t\t\t\t<\/a>\n\t\t\t\t\t\t\t\t<\/div>\n\t\t\t\t<\/div>\n\t\t<div class=\"elementor-element elementor-element-7aa3236 e-con-full e-flex e-con e-child\" data-id=\"7aa3236\" data-element_type=\"container\" data-e-type=\"container\" data-settings=\"{&quot;jet_parallax_layout_list&quot;:[]}\">\n\t\t\t\t<div class=\"elementor-element elementor-element-e87c174 elementor-widget elementor-widget-image\" data-id=\"e87c174\" data-element_type=\"widget\" data-e-type=\"widget\" data-widget_type=\"image.default\">\n\t\t\t\t\t\t\t\t\t\t\t\t\t\t\t\t<a href=\"https:\/\/www.pazo-chaioso.com\/wp26\/de\/habitacin-patio\/\" aria-label=\"Ir a la Habitaci\u00f3n Patio\">\n\t\t\t\t\t\t\t<img loading=\"lazy\" decoding=\"async\" width=\"800\" height=\"533\" src=\"https:\/\/www.pazo-chaioso.com\/wp26\/wp-content\/uploads\/2026\/01\/habitacion-patio-bienvenido.jpg\" class=\"attachment-large size-large wp-image-513\" alt=\"Cama de la habitaci\u00f3n patio con ventanal en el techo\" srcset=\"https:\/\/www.pazo-chaioso.com\/wp26\/wp-content\/uploads\/2026\/01\/habitacion-patio-bienvenido.jpg 800w, https:\/\/www.pazo-chaioso.com\/wp26\/wp-content\/uploads\/2026\/01\/habitacion-patio-bienvenido-300x200.jpg 300w, https:\/\/www.pazo-chaioso.com\/wp26\/wp-content\/uploads\/2026\/01\/habitacion-patio-bienvenido-768x512.jpg 768w\" sizes=\"(max-width: 800px) 100vw, 800px\" \/>\t\t\t\t\t\t\t\t<\/a>\n\t\t\t\t\t\t\t\t\t\t\t\t\t\t\t<\/div>\n\t\t\t\t<div class=\"elementor-element elementor-element-09ab194 elementor-widget elementor-widget-heading\" data-id=\"09ab194\" data-element_type=\"widget\" data-e-type=\"widget\" data-widget_type=\"heading.default\">\n\t\t\t\t\t<h2 class=\"elementor-heading-title elementor-size-default\"><a href=\"https:\/\/www.pazo-chaioso.com\/wp26\/de\/habitacin-patio\/\" aria-label=\"Ir a la Habitaci\u00f3n Patio\">Habitaci\u00f3n Patio<\/a><\/h2>\t\t\t\t<\/div>\n\t\t\t\t<div class=\"elementor-element elementor-element-d5fd567 elementor-align-center elementor-widget elementor-widget-button\" data-id=\"d5fd567\" data-element_type=\"widget\" data-e-type=\"widget\" data-widget_type=\"button.default\">\n\t\t\t\t\t\t\t\t\t\t<a class=\"elementor-button elementor-button-link elementor-size-sm\" href=\"https:\/\/www.pazo-chaioso.com\/wp26\/de\/habitacin-patio\/\" aria-label=\"Ir a la Habitaci\u00f3n Patio\">\n\t\t\t\t\t\t<span class=\"elementor-button-content-wrapper\">\n\t\t\t\t\t\t\t\t\t<span class=\"elementor-button-text\">Saber m\u00e1s<\/span>\n\t\t\t\t\t<\/span>\n\t\t\t\t\t<\/a>\n\t\t\t\t\t\t\t\t<\/div>\n\t\t\t\t<\/div>\n\t\t\t\t\t<\/div>\n\t\t\t\t<\/div>\n\t\t<div class=\"elementor-element elementor-element-6bebaef e-con-full e-flex e-con e-parent\" data-id=\"6bebaef\" data-element_type=\"container\" data-e-type=\"container\" data-settings=\"{&quot;background_background&quot;:&quot;classic&quot;,&quot;jet_parallax_layout_list&quot;:[]}\">\n\t\t\t\t<\/div>\n\t\t\t\t<\/div>\n\t\t","protected":false},"excerpt":{"rendered":"<p>Suites Suite Bocaron Saber m\u00e1s Suite Escudo Saber m\u00e1s Suite Colirrojo Saber m\u00e1s Suite Parladoiro Saber m\u00e1s Habitaciones Habitaci\u00f3n Capilla Saber m\u00e1s Habitaci\u00f3n Huerta Saber m\u00e1s Habitaci\u00f3n Patio Saber m\u00e1s<\/p>\n","protected":false},"author":1,"featured_media":0,"parent":0,"menu_order":0,"comment_status":"closed","ping_status":"closed","template":"","meta":{"footnotes":""},"class_list":["post-447","page","type-page","status-publish","hentry"],"_links":{"self":[{"href":"https:\/\/www.pazo-chaioso.com\/wp26\/de\/wp-json\/wp\/v2\/pages\/447","targetHints":{"allow":["GET"]}}],"collection":[{"href":"https:\/\/www.pazo-chaioso.com\/wp26\/de\/wp-json\/wp\/v2\/pages"}],"about":[{"href":"https:\/\/www.pazo-chaioso.com\/wp26\/de\/wp-json\/wp\/v2\/types\/page"}],"author":[{"embeddable":true,"href":"https:\/\/www.pazo-chaioso.com\/wp26\/de\/wp-json\/wp\/v2\/users\/1"}],"replies":[{"embeddable":true,"href":"https:\/\/www.pazo-chaioso.com\/wp26\/de\/wp-json\/wp\/v2\/comments?post=447"}],"version-history":[{"count":113,"href":"https:\/\/www.pazo-chaioso.com\/wp26\/de\/wp-json\/wp\/v2\/pages\/447\/revisions"}],"predecessor-version":[{"id":3817,"href":"https:\/\/www.pazo-chaioso.com\/wp26\/de\/wp-json\/wp\/v2\/pages\/447\/revisions\/3817"}],"wp:attachment":[{"href":"https:\/\/www.pazo-chaioso.com\/wp26\/de\/wp-json\/wp\/v2\/media?parent=447"}],"curies":[{"name":"wp","href":"https:\/\/api.w.org\/{rel}","templated":true}]}}