{"id":9,"date":"2026-01-12T17:02:49","date_gmt":"2026-01-12T16:02:49","guid":{"rendered":"https:\/\/www.pazo-chaioso.com\/wp26\/?page_id=9"},"modified":"2026-05-12T17:40:07","modified_gmt":"2026-05-12T16:40:07","slug":"historia-del-pazo","status":"publish","type":"page","link":"https:\/\/www.pazo-chaioso.com\/wp26\/de\/historia-del-pazo\/","title":{"rendered":"Die Geschichte des Pazo"},"content":{"rendered":"\t\t<div data-elementor-type=\"wp-page\" data-elementor-id=\"9\" class=\"elementor elementor-9\" data-elementor-post-type=\"page\">\n\t\t\t\t\t\t<section class=\"elementor-section elementor-top-section elementor-element elementor-element-b1080d7 elementor-section-stretched elementor-section-boxed elementor-section-height-default elementor-section-height-default\" data-id=\"b1080d7\" data-element_type=\"section\" data-e-type=\"section\" data-settings=\"{&quot;stretch_section&quot;:&quot;section-stretched&quot;,&quot;background_background&quot;:&quot;classic&quot;,&quot;jet_parallax_layout_list&quot;:[]}\">\n\t\t\t\t\t\t\t<div class=\"elementor-background-overlay\"><\/div>\n\t\t\t\t\t\t\t<div class=\"elementor-container elementor-column-gap-default\">\n\t\t\t\t\t<div class=\"elementor-column elementor-col-100 elementor-top-column elementor-element elementor-element-2b1bc1e\" data-id=\"2b1bc1e\" data-element_type=\"column\" data-e-type=\"column\">\n\t\t\t<div class=\"elementor-widget-wrap elementor-element-populated\">\n\t\t\t\t\t\t<div class=\"elementor-element elementor-element-19e1903 elementor-widget elementor-widget-heading\" data-id=\"19e1903\" data-element_type=\"widget\" data-e-type=\"widget\" data-widget_type=\"heading.default\">\n\t\t\t\t\t<h1 class=\"elementor-heading-title elementor-size-default\">Die Geschichte des Pazo<\/h1>\t\t\t\t<\/div>\n\t\t\t\t\t<\/div>\n\t\t<\/div>\n\t\t\t\t\t<\/div>\n\t\t<\/section>\n\t\t<div class=\"elementor-element elementor-element-fa9c7ce e-flex e-con-boxed e-con e-parent\" data-id=\"fa9c7ce\" data-element_type=\"container\" data-e-type=\"container\" data-settings=\"{&quot;jet_parallax_layout_list&quot;:[]}\">\n\t\t\t\t\t<div class=\"e-con-inner\">\n\t\t\t\t<div class=\"elementor-element elementor-element-099f8ad elementor-widget__width-initial elementor-widget elementor-widget-text-editor\" data-id=\"099f8ad\" data-element_type=\"widget\" data-e-type=\"widget\" data-widget_type=\"text-editor.default\">\n\t\t\t\t\t\t\t\t\t<p>Die \u00fcberwiegende Mehrheit der Informationen \u00fcber die Geschichte des Pazo verdanken wir dem Engagement und der Freundlichkeit des Historikers und Autors Xos\u00e9 Ricardo Rodr\u00edguez P\u00e9rez:<\/p><p>Es handelt sich um einen Ort in Maceda, s\u00fcdlich unterhalb der Burg: ein Gel\u00e4nde oder eine Senke, deren Bedeutung sich von Chaos de Maceda, Chaira, Cha\u00edza, Cha\u00ednza, Sainza usw. ableitet. Ein \u201echairo\u201c oder \u201echaioso\u201c Ort, also eine Ebene. Die Grafen von Maceda waren mit vielen Familien verwandt: Sotelo, Feijoo, Gaioso usw., ebenso wie die Grafen von Monterrey und die Herren von Chaioso, deren Haus, wie ihr Nachname \u201eN\u00f3voa\u201c verr\u00e4t, unterhalb ihrer Burg lag. Ich f\u00fcge hinzu, dass dieses Geschlecht seinen Ursprung in dem gleichnamigen Ort hatte: N\u00f3boa oder N\u00f3voa, Pfarrei San Esteban, Gerichtsbezirk Ribadavia. Dieses Geschlecht, das sich bereits mit den Y\u00e1\u00f1ez vereinigt hatte, lie\u00df sich in der Alta Limia durch Pedro Ya\u00f1ez de Novoa y Parada nieder, andere in Amerika. Er f\u00fchrt dies ausgehend vom Lateinischen detailliert aus und verfolgt die etymologische Linie bis nach Chaioso. Seiten 463 und 464 des genannten Werks A LIMIA; VAL DA ANTELA E VAL DO MEDO.<\/p><h2 data-start=\"\u201e1038\u201c\" data-end=\"\u201e1073\u201c\">Das Wappen des Alpendre (17. Jh.)<\/h2><p>Wir wissen, dass das Wappen an der Fassade des Alpendre aus der zweiten H\u00e4lfte des 17. Jahrhunderts stammt, eine Tatsache, die dank des Professors Florencio Rodr\u00edguez-Montero best\u00e4tigt wurde.<\/p><p>Seinen Erl\u00e4uterungen zufolge zeigt das Wappen oben links zwei Ziegen, die auf einer Eiche sitzen \u2013 das Wappen der Familie Sotelo. Oben rechts sind zwei W\u00f6lfe in einem Boot auf dem Wasser abgebildet \u2013 das Wappen der Familie Cad\u00f3rnigas, einer Familie, die in direktem Zusammenhang mit dem Castelo de Maceda steht. Unten schlie\u00dflich befinden sich die drei Streifen der Familie Rivera.<\/p>\t\t\t\t\t\t\t\t<\/div>\n\t\t\t\t<div class=\"elementor-element elementor-element-7ae1925 elementor-invisible elementor-widget elementor-widget-image\" data-id=\"7ae1925\" data-element_type=\"widget\" data-e-type=\"widget\" data-settings=\"{&quot;_animation&quot;:&quot;fadeInRight&quot;}\" data-widget_type=\"image.default\">\n\t\t\t\t\t\t\t\t\t\t\t\t\t\t\t<img fetchpriority=\"high\" decoding=\"async\" width=\"768\" height=\"1024\" src=\"https:\/\/www.pazo-chaioso.com\/wp26\/wp-content\/uploads\/2026\/01\/PICT5372-768x1024.jpg\" class=\"attachment-large size-large wp-image-90\" alt=\"Escudo de piedra caracter\u00edstico de este pazo.\" srcset=\"https:\/\/www.pazo-chaioso.com\/wp26\/wp-content\/uploads\/2026\/01\/PICT5372-768x1024.jpg 768w, https:\/\/www.pazo-chaioso.com\/wp26\/wp-content\/uploads\/2026\/01\/PICT5372-225x300.jpg 225w, https:\/\/www.pazo-chaioso.com\/wp26\/wp-content\/uploads\/2026\/01\/PICT5372-1152x1536.jpg 1152w, https:\/\/www.pazo-chaioso.com\/wp26\/wp-content\/uploads\/2026\/01\/PICT5372.jpg 1200w\" sizes=\"(max-width: 768px) 100vw, 768px\" \/>\t\t\t\t\t\t\t\t\t\t\t\t\t\t\t<\/div>\n\t\t\t\t\t<\/div>\n\t\t\t\t<\/div>\n\t\t<div class=\"elementor-element elementor-element-ad4c28f e-flex e-con-boxed e-con e-parent\" data-id=\"ad4c28f\" data-element_type=\"container\" data-e-type=\"container\" data-settings=\"{&quot;jet_parallax_layout_list&quot;:[]}\">\n\t\t\t\t\t<div class=\"e-con-inner\">\n\t\t\t\t<div class=\"elementor-element elementor-element-8553387 elementor-widget-divider--view-line elementor-widget elementor-widget-divider\" data-id=\"8553387\" data-element_type=\"widget\" data-e-type=\"widget\" data-widget_type=\"divider.default\">\n\t\t\t\t\t\t\t<div class=\"elementor-divider\">\n\t\t\t<span class=\"elementor-divider-separator\">\n\t\t\t\t\t\t<\/span>\n\t\t<\/div>\n\t\t\t\t\t\t<\/div>\n\t\t\t\t\t<\/div>\n\t\t\t\t<\/div>\n\t\t<div class=\"elementor-element elementor-element-561152b e-flex e-con-boxed e-con e-parent\" data-id=\"561152b\" data-element_type=\"container\" data-e-type=\"container\" data-settings=\"{&quot;jet_parallax_layout_list&quot;:[]}\">\n\t\t\t\t\t<div class=\"e-con-inner\">\n\t\t\t\t<div class=\"elementor-element elementor-element-017120f elementor-invisible elementor-widget elementor-widget-image\" data-id=\"017120f\" data-element_type=\"widget\" data-e-type=\"widget\" data-settings=\"{&quot;_animation&quot;:&quot;fadeInLeft&quot;}\" data-widget_type=\"image.default\">\n\t\t\t\t\t\t\t\t\t\t\t\t\t\t\t<img decoding=\"async\" width=\"682\" height=\"1024\" src=\"https:\/\/www.pazo-chaioso.com\/wp26\/wp-content\/uploads\/2026\/01\/IMG_9939-zuschnitt-682x1024.jpg\" class=\"attachment-large size-large wp-image-91\" alt=\"Escudo de piedra caracter\u00edstico de este pazo.\" srcset=\"https:\/\/www.pazo-chaioso.com\/wp26\/wp-content\/uploads\/2026\/01\/IMG_9939-zuschnitt-682x1024.jpg 682w, https:\/\/www.pazo-chaioso.com\/wp26\/wp-content\/uploads\/2026\/01\/IMG_9939-zuschnitt-200x300.jpg 200w, https:\/\/www.pazo-chaioso.com\/wp26\/wp-content\/uploads\/2026\/01\/IMG_9939-zuschnitt-768x1153.jpg 768w, https:\/\/www.pazo-chaioso.com\/wp26\/wp-content\/uploads\/2026\/01\/IMG_9939-zuschnitt-1023x1536.jpg 1023w, https:\/\/www.pazo-chaioso.com\/wp26\/wp-content\/uploads\/2026\/01\/IMG_9939-zuschnitt.jpg 1200w\" sizes=\"(max-width: 682px) 100vw, 682px\" \/>\t\t\t\t\t\t\t\t\t\t\t\t\t\t\t<\/div>\n\t\t\t\t<div class=\"elementor-element elementor-element-2da7bea elementor-widget__width-initial elementor-widget elementor-widget-text-editor\" data-id=\"2da7bea\" data-element_type=\"widget\" data-e-type=\"widget\" data-widget_type=\"text-editor.default\">\n\t\t\t\t\t\t\t\t\t<h2 data-start=\"\u201e1715\u201c\" data-end=\"\u201e1758\u201c\">Das Wappen \u00fcber dem Eingangstor zum Innenhof<\/h2><p>Das Wappen \u00fcber dem Eingangstor zum Innenhof, das offenbar fast zwei Jahrhunderte j\u00fcnger ist als das zuvor erw\u00e4hnte, zeigt in der Mitte das Wappen der Familie Feijoo, oben links das Wappen der Familie Novoa, oben rechts die f\u00fcnf blutenden Wolfsk\u00f6pfe der Familie Mosquera, unten links die Eidechsen unter der Steinplatte der Familie Losada und schlie\u00dflich unten rechts das Wappen der Familie Salgado. Wir danken dem Historiker Herrn Xos\u00e9 Ricardo Rodr\u00edguez P\u00e9rez f\u00fcr diese Informationen; hier ein Link zur Liste <a style=\"background-color: black;\" href=\"https:\/\/dialnet.unirioja.es\/servlet\/autor?codigo=2115392\" aria-label=\"\u201eVisitar\" target=\"_blank\" rel=\"noopener\">seiner Ver\u00f6ffentlichungen.<\/a><\/p><h2 data-start=\"\u201e2295\u201c\" data-end=\"\u201e2349\u201c\">Die Kapelle des Pazo (erste Erw\u00e4hnungen und Genehmigungen)<\/h2><p>Die Kapelle des Pazo wird offenbar erstmals 1735 erw\u00e4hnt: MACEDA. Ort Chaioso 1735. Beantragt von Don Miguel de Losada, Anwalt am K\u00f6niglichen Gerichtshof von Galicien, und seiner Ehefrau Do\u00f1a Luisa Feijoo y Sotomayor. F\u00fcr ihre H\u00e4user im Ort Chaioso, Pfarrei San Pedro de Maceda. Genehmigt von Papst Clemens XII. am 1. Oktober 1735. Am 21. Juni 1736 wurde sie vom Pfarrer von Santa Mari\u00f1a de Asadur anerkannt. \u201eMan findet dort, etwas abseits vom Trubel und gesch\u00e4ftigen Treiben der Menschen, eine sehr saubere und gepflegte Kapelle mit ihrem Altaraufsatz und dem Bildnis eines heiligsten Christus sowie den notwendigen Ausstattungsgegenst\u00e4nden, die alle sehr anst\u00e4ndig und ordentlich sind, um darin das heilige Opfer der Messe feiern zu k\u00f6nnen &#8230;\u201c (AH OURENSE 450\/14).<\/p>\t\t\t\t\t\t\t\t<\/div>\n\t\t\t\t\t<\/div>\n\t\t\t\t<\/div>\n\t\t<div class=\"elementor-element elementor-element-d5e6d4c e-flex e-con-boxed e-con e-parent\" data-id=\"d5e6d4c\" data-element_type=\"container\" data-e-type=\"container\" data-settings=\"{&quot;jet_parallax_layout_list&quot;:[]}\">\n\t\t\t\t\t<div class=\"e-con-inner\">\n\t\t\t\t<div class=\"elementor-element elementor-element-ae27a26 elementor-widget__width-initial elementor-widget elementor-widget-text-editor\" data-id=\"ae27a26\" data-element_type=\"widget\" data-e-type=\"widget\" data-widget_type=\"text-editor.default\">\n\t\t\t\t\t\t\t\t\t<p>Nachdem Do\u00f1a Luisa verwitwet war, heiratete sie erneut Don Francisco Saavedra y Mosera, den B\u00fcrgermeister des Bezirks Maceda, und beide hatten durch den Ausbau des Hauses in Chaioso einen weiteren, besseren Ort f\u00fcr das Oratorium vorgesehen. Nach dem Tod von Do\u00f1a Luisa erhielten ihre Kinder am 23. Juni 1764 von Papst Clemens XIII. eine neue Urkunde f\u00fcr das Oratorium, die vom Bischof von Ourense genehmigt wurde (AHDOURENSE. 6104\/13).<\/p>\t\t\t\t\t\t\t\t<\/div>\n\t\t\t\t\t<\/div>\n\t\t\t\t<\/div>\n\t\t<div class=\"elementor-element elementor-element-9070d77 e-flex e-con-boxed e-con e-parent\" data-id=\"9070d77\" data-element_type=\"container\" data-e-type=\"container\" data-settings=\"{&quot;jet_parallax_layout_list&quot;:[]}\">\n\t\t\t\t\t<div class=\"e-con-inner\">\n\t\t\t\t<div class=\"elementor-element elementor-element-e773f3b elementor-widget-divider--view-line elementor-widget elementor-widget-divider\" data-id=\"e773f3b\" data-element_type=\"widget\" data-e-type=\"widget\" data-widget_type=\"divider.default\">\n\t\t\t\t\t\t\t<div class=\"elementor-divider\">\n\t\t\t<span class=\"elementor-divider-separator\">\n\t\t\t\t\t\t<\/span>\n\t\t<\/div>\n\t\t\t\t\t\t<\/div>\n\t\t\t\t\t<\/div>\n\t\t\t\t<\/div>\n\t\t<div class=\"elementor-element elementor-element-89c3b43 e-flex e-con-boxed e-con e-parent\" data-id=\"89c3b43\" data-element_type=\"container\" data-e-type=\"container\" data-settings=\"{&quot;jet_parallax_layout_list&quot;:[]}\">\n\t\t\t\t\t<div class=\"e-con-inner\">\n\t\t\t\t<div class=\"elementor-element elementor-element-f88a5e0 elementor-widget__width-initial elementor-widget elementor-widget-text-editor\" data-id=\"f88a5e0\" data-element_type=\"widget\" data-e-type=\"widget\" data-widget_type=\"text-editor.default\">\n\t\t\t\t\t\t\t\t\t<h2 data-start=\u201e3474\u201c data-end=\u201e3526\u201c>Dokument aus dem Jahr 1768 zur Erneuerung der Genehmigung<\/h2>\nWas die Kapelle betrifft, so haben wir \u2013 auch dank des unerm\u00fcdlichen Einsatzes von Herrn Xos\u00e9 Ricardo Rodr\u00edguez P\u00e9rez \u2013 ein Dokument aus dem Jahr 1768 gefunden:\n\n\u201eCHAIOSO, Antrag auf Erneuerung der Genehmigung f\u00fcr Messen in der Kapelle dieses Landguts von Don Francisco Saavedra y Mosquera, B\u00fcrgermeister der Gerichtsbarkeit von Maceda, als Ehemann von Do\u00f1a Luisa Feijoo Sotomayor mit vollem Recht (\u00fcbergeben an), berichtet Eurer Gnaden, dass die Genannte, da sie in erster Ehe verheiratet ist, eine Oratoriumsgenehmigung f\u00fcr ihre Familie in den H\u00e4usern, die sie in diesem Bistum besa\u00dfen, und nachdem die erforderlichen Genehmigungen erteilt worden waren. Es wurde die Genehmigung erteilt, das Heilige Messopfer in dem Oratorium zu feiern, das in dem Wohnhaus errichtet wurde, das wir in Chaioso, Pfarrei Maceda, besitzen, und da dieses Haus erweitert wurde, erschien es uns besser, dies in einem neuen Raum desselben zu tun, und damit das Heilige Messopfer fortgesetzt werden kann, bittet er Eure Gnaden, die Befugnis zu erteilen, damit die Segnung erfolgen kann, sowie die erforderliche Genehmigung, wozu er das genannte Oratorium und die zuvor erteilte Genehmigung vorlegt, auf deren Erhalt er hofft.\u201c\n<h2 data-start=\u201e4670\u201c data-end=\u201e4698\u201c>Unterzeichner des Antrags<\/h2>\nDen Antrag unterzeichnen Don Jacobo, Don Joseph, Don Bernardo, Don Francisco, Don Thomas, Don Teodoro, Don Phelipe, Don Clemente und Do\u00f1a Juana Mosquera Feijo\u00f3 Sotomaior, Geschwister und Einwohner von Chaioso, in San Pedro de Maceda, sowie Don Francisco Saavedra y Mosquera.\t\t\t\t\t\t\t\t<\/div>\n\t\t\t\t<div class=\"elementor-element elementor-element-c48c0b6 elementor-invisible elementor-widget elementor-widget-image\" data-id=\"c48c0b6\" data-element_type=\"widget\" data-e-type=\"widget\" data-settings=\"{&quot;_animation&quot;:&quot;fadeInRight&quot;}\" data-widget_type=\"image.default\">\n\t\t\t\t\t\t\t\t\t\t\t\t\t\t\t<img decoding=\"async\" width=\"535\" height=\"600\" src=\"https:\/\/www.pazo-chaioso.com\/wp26\/wp-content\/uploads\/2026\/01\/texto_fregesia_maside.jpg\" class=\"attachment-large size-large wp-image-92\" alt=\"Texto legal que menciona la venta de este pazo en la antiguedad.\" srcset=\"https:\/\/www.pazo-chaioso.com\/wp26\/wp-content\/uploads\/2026\/01\/texto_fregesia_maside.jpg 535w, https:\/\/www.pazo-chaioso.com\/wp26\/wp-content\/uploads\/2026\/01\/texto_fregesia_maside-268x300.jpg 268w\" sizes=\"(max-width: 535px) 100vw, 535px\" \/>\t\t\t\t\t\t\t\t\t\t\t\t\t\t\t<\/div>\n\t\t\t\t\t<\/div>\n\t\t\t\t<\/div>\n\t\t<div class=\"elementor-element elementor-element-0f7d53e e-flex e-con-boxed e-con e-parent\" data-id=\"0f7d53e\" data-element_type=\"container\" data-e-type=\"container\" data-settings=\"{&quot;jet_parallax_layout_list&quot;:[]}\">\n\t\t\t\t\t<div class=\"e-con-inner\">\n\t\t\t\t<div class=\"elementor-element elementor-element-e1003c0 elementor-widget__width-initial elementor-widget elementor-widget-text-editor\" data-id=\"e1003c0\" data-element_type=\"widget\" data-e-type=\"widget\" data-widget_type=\"text-editor.default\">\n\t\t\t\t\t\t\t\t\t<p data-start=\u201e4992\u201c data-end=\u201e5056\u201c><\/p>\n\n<h2 data-start=\u201e4962\u201c data-end=\u201e4990\u201c>Der Pazo und seine Legenden<\/h2>\nEine weitere kuriose Tatsache ist, dass der Graf von Maceda, Alonso de Lanz\u00f3s Andrade y Novoa, Sohn von Aldonza de Nova, Herrin von Maceda, geboren 1540, der in der etwa 400 Meter h\u00f6her gelegenen Burg wohnte, den Pazo f\u00fcr einen unehelichen Sohn errichten lie\u00df, was dem Pazo weitere 100 Jahre hinzuf\u00fcgen w\u00fcrde. Und vergessen wir nicht die Legende, dass es einen Tunnel zwischen dem Pazo und der Burg gibt, der von einer Riesenschlange bewohnt wird \u2013 was wir bis heute nicht \u00fcberpr\u00fcfen konnten.\t\t\t\t\t\t\t\t<\/div>\n\t\t\t\t\t<\/div>\n\t\t\t\t<\/div>\n\t\t<div class=\"elementor-element elementor-element-2f98419 e-con-full e-flex e-con e-parent\" data-id=\"2f98419\" data-element_type=\"container\" data-e-type=\"container\" data-settings=\"{&quot;background_background&quot;:&quot;classic&quot;,&quot;background_motion_fx_motion_fx_scrolling&quot;:&quot;yes&quot;,&quot;background_motion_fx_translateY_effect&quot;:&quot;yes&quot;,&quot;background_motion_fx_translateY_direction&quot;:&quot;negative&quot;,&quot;background_motion_fx_translateY_speed&quot;:{&quot;unit&quot;:&quot;px&quot;,&quot;size&quot;:50,&quot;sizes&quot;:[]},&quot;background_motion_fx_translateY_affectedRange&quot;:{&quot;unit&quot;:&quot;%&quot;,&quot;size&quot;:&quot;&quot;,&quot;sizes&quot;:{&quot;start&quot;:51,&quot;end&quot;:100}},&quot;jet_parallax_layout_list&quot;:[],&quot;background_motion_fx_devices&quot;:[&quot;widescreen&quot;,&quot;desktop&quot;,&quot;laptop&quot;,&quot;tablet&quot;,&quot;mobile&quot;]}\">\n\t\t\t\t<\/div>\n\t\t<div class=\"elementor-element elementor-element-8ef5abe e-flex e-con-boxed e-con e-parent\" data-id=\"8ef5abe\" data-element_type=\"container\" data-e-type=\"container\" data-settings=\"{&quot;jet_parallax_layout_list&quot;:[]}\">\n\t\t\t\t\t<div class=\"e-con-inner\">\n\t\t\t\t<div class=\"elementor-element elementor-element-b8ce126 elementor-widget__width-initial elementor-widget elementor-widget-text-editor\" data-id=\"b8ce126\" data-element_type=\"widget\" data-e-type=\"widget\" data-widget_type=\"text-editor.default\">\n\t\t\t\t\t\t\t\t\t<h2 data-start=\"\u201e5526\u201c\" data-end=\"\u201e5574\u201c\">Die letzten Bewohner vor der Sanierung<\/h2><p><span style=\"font-size: 1em;\">Die letzten Menschen, die das Herrenhaus bewohnten, bevor wir mit der Sanierung des Geb\u00e4udes begannen, waren Don Ram\u00f3n Villarino de Sa\u00e1 und seine Frau Do\u00f1a Araceli Anta Novoa. Laut Wikipedia und unseren Recherchen war Ram\u00f3n Villarino de Sa\u00e1 Chefredakteur von El Eco Antelano (1911\u20131912). Nach Abschluss seines Jurastudiums in Madrid hielt er Vortr\u00e4ge im Ateneo de Madrid. Danach kehrte er nach Ourense zur\u00fcck, wo er als Staatsanwalt t\u00e4tig war und die damalige Zeitung \u201eEl Diario de Orense\u201c leitete, wobei er offenbar unter anderem auch mit \u201eLa Centuria\u201c und \u201eLa Regi\u00f3n\u201c zusammenarbeitete. W\u00e4hrend der Republik war er Mitglied des Provinzkomitees der Acci\u00f3n Popular in Ourense und wurde bei den Parlamentswahlen 1936 f\u00fcr die CEDA zum Abgeordneten f\u00fcr Ourense gew\u00e4hlt. Nach dem B\u00fcrgerkrieg, in dem er sich \u2013 im Gegensatz zu anderen \u2013 f\u00fcr einige Mitb\u00fcrger einsetzte, war er als Anwalt f\u00fcr das Bistum Ourense t\u00e4tig, wo er 1959 verstarb. <\/span><\/p>\t\t\t\t\t\t\t\t<\/div>\n\t\t\t\t\t<\/div>\n\t\t\t\t<\/div>\n\t\t<div class=\"elementor-element elementor-element-573488e e-flex e-con-boxed e-con e-parent\" data-id=\"573488e\" data-element_type=\"container\" data-e-type=\"container\" data-settings=\"{&quot;jet_parallax_layout_list&quot;:[]}\">\n\t\t\t\t\t<div class=\"e-con-inner\">\n\t\t\t\t<div class=\"elementor-element elementor-element-8f6d2a9 elementor-widget-divider--view-line elementor-widget elementor-widget-divider\" data-id=\"8f6d2a9\" data-element_type=\"widget\" data-e-type=\"widget\" data-widget_type=\"divider.default\">\n\t\t\t\t\t\t\t<div class=\"elementor-divider\">\n\t\t\t<span class=\"elementor-divider-separator\">\n\t\t\t\t\t\t<\/span>\n\t\t<\/div>\n\t\t\t\t\t\t<\/div>\n\t\t\t\t\t<\/div>\n\t\t\t\t<\/div>\n\t\t<div class=\"elementor-element elementor-element-4b7a824 e-flex e-con-boxed e-con e-parent\" data-id=\"4b7a824\" data-element_type=\"container\" data-e-type=\"container\" data-settings=\"{&quot;jet_parallax_layout_list&quot;:[]}\">\n\t\t\t\t\t<div class=\"e-con-inner\">\n\t\t\t\t<div class=\"elementor-element elementor-element-1c6ff3c elementor-widget__width-initial elementor-widget elementor-widget-text-editor\" data-id=\"1c6ff3c\" data-element_type=\"widget\" data-e-type=\"widget\" data-widget_type=\"text-editor.default\">\n\t\t\t\t\t\t\t\t\t<h2 data-start=\"\u201e5526\u201c\" data-end=\"\u201e5574\u201c\">Renovierung<\/h2>\nIm Jahr 2006 haben wir den Pazo gekauft, um dem Geb\u00e4ude seine W\u00fcrde zur\u00fcckzugeben. Wir w\u00fcrden uns freuen, Sie bei uns begr\u00fc\u00dfen zu d\u00fcrfen, damit Sie sich selbst von dem Ergebnis \u00fcberzeugen k\u00f6nnen.\n\n<span style=\"text-decoration: underline;\"><a style=\"background-color: black;\" href=\"https:\/\/www.pazo-chaioso.com\/wp26\/antes-y-despues\/\" aria-label=\"Go to Before and after\">Hier<\/a><\/span> zeigen wir Ihnen einige Vorher-Nachher-Bilder; um mehr dar\u00fcber zu erfahren, <span style=\"text-decoration: underline;\"> <span style=\"text-decoration: underline;\"> <a style=\"background-color: black;\" href=\"https:\/\/www.pazo-chaioso.com\/wp26\/blog\/\" aria-label=\"Go to the photos\">hier<\/a><\/span> Fotos von den Bauarbeiten, 12 Jahre von morgens bis abends.\t\t\t\t\t\t\t\t<\/div>\n\t\t\t\t\t<\/div>\n\t\t\t\t<\/div>\n\t\t\t\t<\/div>\n\t\t","protected":false},"excerpt":{"rendered":"<p>La gran mayor\u00eda de la informaci\u00f3n sobre la historia del pazo debemos al esfuerzo y la amabilidad del historiador y autor Sr. Xos\u00e9 Ricardo Rodr\u00edguez P\u00e9rez: Es lugar de Maceda, a la baja del castillo por el Sur: terreno o vaguada, cuyo significado proviene de Chaos de Maceda, Chaira, Cha\u00edza, Cha\u00ednza, Sainza, etc. Lugar &#8218;chairo [&hellip;]<\/p>\n","protected":false},"author":1,"featured_media":0,"parent":0,"menu_order":0,"comment_status":"closed","ping_status":"closed","template":"","meta":{"footnotes":""},"class_list":["post-9","page","type-page","status-publish","hentry"],"_links":{"self":[{"href":"https:\/\/www.pazo-chaioso.com\/wp26\/de\/wp-json\/wp\/v2\/pages\/9","targetHints":{"allow":["GET"]}}],"collection":[{"href":"https:\/\/www.pazo-chaioso.com\/wp26\/de\/wp-json\/wp\/v2\/pages"}],"about":[{"href":"https:\/\/www.pazo-chaioso.com\/wp26\/de\/wp-json\/wp\/v2\/types\/page"}],"author":[{"embeddable":true,"href":"https:\/\/www.pazo-chaioso.com\/wp26\/de\/wp-json\/wp\/v2\/users\/1"}],"replies":[{"embeddable":true,"href":"https:\/\/www.pazo-chaioso.com\/wp26\/de\/wp-json\/wp\/v2\/comments?post=9"}],"version-history":[{"count":179,"href":"https:\/\/www.pazo-chaioso.com\/wp26\/de\/wp-json\/wp\/v2\/pages\/9\/revisions"}],"predecessor-version":[{"id":3816,"href":"https:\/\/www.pazo-chaioso.com\/wp26\/de\/wp-json\/wp\/v2\/pages\/9\/revisions\/3816"}],"wp:attachment":[{"href":"https:\/\/www.pazo-chaioso.com\/wp26\/de\/wp-json\/wp\/v2\/media?parent=9"}],"curies":[{"name":"wp","href":"https:\/\/api.w.org\/{rel}","templated":true}]}}