{"id":618,"date":"2026-01-14T16:58:14","date_gmt":"2026-01-14T15:58:14","guid":{"rendered":"https:\/\/www.pazo-chaioso.com\/wp26\/?page_id=618"},"modified":"2026-05-13T10:12:19","modified_gmt":"2026-05-13T09:12:19","slug":"habitacin-huerta","status":"publish","type":"page","link":"https:\/\/www.pazo-chaioso.com\/wp26\/en\/habitacin-huerta\/","title":{"rendered":"Double Room HUERTA"},"content":{"rendered":"\t\t<div data-elementor-type=\"wp-page\" data-elementor-id=\"618\" class=\"elementor elementor-618\" data-elementor-post-type=\"page\">\n\t\t\t\t\t\t<section class=\"elementor-section elementor-top-section elementor-element elementor-element-d196fff elementor-section-stretched elementor-section-boxed elementor-section-height-default elementor-section-height-default\" data-id=\"d196fff\" data-element_type=\"section\" data-e-type=\"section\" data-settings=\"{&quot;stretch_section&quot;:&quot;section-stretched&quot;,&quot;background_background&quot;:&quot;classic&quot;,&quot;jet_parallax_layout_list&quot;:[]}\">\n\t\t\t\t\t\t\t<div class=\"elementor-background-overlay\"><\/div>\n\t\t\t\t\t\t\t<div class=\"elementor-container elementor-column-gap-default\">\n\t\t\t\t\t<div class=\"elementor-column elementor-col-100 elementor-top-column elementor-element elementor-element-6d5fb87\" data-id=\"6d5fb87\" data-element_type=\"column\" data-e-type=\"column\">\n\t\t\t<div class=\"elementor-widget-wrap elementor-element-populated\">\n\t\t\t\t\t\t<div class=\"elementor-element elementor-element-de56265 elementor-widget elementor-widget-heading\" data-id=\"de56265\" data-element_type=\"widget\" data-e-type=\"widget\" data-widget_type=\"heading.default\">\n\t\t\t\t\t<h1 class=\"elementor-heading-title elementor-size-default\">Double Room HUERTA<\/h1>\t\t\t\t<\/div>\n\t\t\t\t\t<\/div>\n\t\t<\/div>\n\t\t\t\t\t<\/div>\n\t\t<\/section>\n\t\t<div class=\"elementor-element elementor-element-b58d91b e-flex e-con-boxed elementor-invisible e-con e-child\" data-id=\"b58d91b\" data-element_type=\"container\" data-e-type=\"container\" data-settings=\"{&quot;animation&quot;:&quot;fadeInRight&quot;,&quot;jet_parallax_layout_list&quot;:[]}\">\n\t\t\t\t\t<div class=\"e-con-inner\">\n\t\t<div class=\"elementor-element elementor-element-b8cfcda e-con-full e-flex e-con e-child\" data-id=\"b8cfcda\" data-element_type=\"container\" data-e-type=\"container\" data-settings=\"{&quot;background_background&quot;:&quot;classic&quot;,&quot;jet_parallax_layout_list&quot;:[]}\">\n\t\t\t\t<div class=\"elementor-element elementor-element-f148ff4 elementor-widget elementor-widget-heading\" data-id=\"f148ff4\" data-element_type=\"widget\" data-e-type=\"widget\" data-widget_type=\"heading.default\">\n\t\t\t\t\t<h1 class=\"elementor-heading-title elementor-size-default\">Double Room HUERTA<\/h1>\t\t\t\t<\/div>\n\t\t\t\t<div class=\"elementor-element elementor-element-3c7f8d9 elementor-widget-divider--view-line elementor-widget elementor-widget-divider\" data-id=\"3c7f8d9\" data-element_type=\"widget\" data-e-type=\"widget\" data-widget_type=\"divider.default\">\n\t\t\t\t\t\t\t<div class=\"elementor-divider\">\n\t\t\t<span class=\"elementor-divider-separator\">\n\t\t\t\t\t\t<\/span>\n\t\t<\/div>\n\t\t\t\t\t\t<\/div>\n\t\t\t\t<\/div>\n\t\t<div class=\"elementor-element elementor-element-6c9d06a e-flex e-con-boxed e-con e-child\" data-id=\"6c9d06a\" data-element_type=\"container\" data-e-type=\"container\" data-settings=\"{&quot;background_background&quot;:&quot;classic&quot;,&quot;jet_parallax_layout_list&quot;:[]}\">\n\t\t\t\t\t<div class=\"e-con-inner\">\n\t\t\t\t<div class=\"elementor-element elementor-element-9e0a166 elementor-skin-slideshow elementor-arrows-yes elementor-widget elementor-widget-media-carousel\" data-id=\"9e0a166\" data-element_type=\"widget\" data-e-type=\"widget\" data-settings=\"{&quot;skin&quot;:&quot;slideshow&quot;,&quot;effect&quot;:&quot;slide&quot;,&quot;show_arrows&quot;:&quot;yes&quot;,&quot;speed&quot;:500,&quot;autoplay&quot;:&quot;yes&quot;,&quot;autoplay_speed&quot;:5000,&quot;loop&quot;:&quot;yes&quot;,&quot;pause_on_hover&quot;:&quot;yes&quot;,&quot;pause_on_interaction&quot;:&quot;yes&quot;,&quot;space_between&quot;:{&quot;unit&quot;:&quot;px&quot;,&quot;size&quot;:10,&quot;sizes&quot;:[]},&quot;space_between_widescreen&quot;:{&quot;unit&quot;:&quot;px&quot;,&quot;size&quot;:10,&quot;sizes&quot;:[]},&quot;space_between_laptop&quot;:{&quot;unit&quot;:&quot;px&quot;,&quot;size&quot;:10,&quot;sizes&quot;:[]},&quot;space_between_tablet&quot;:{&quot;unit&quot;:&quot;px&quot;,&quot;size&quot;:10,&quot;sizes&quot;:[]},&quot;space_between_mobile&quot;:{&quot;unit&quot;:&quot;px&quot;,&quot;size&quot;:10,&quot;sizes&quot;:[]}}\" aria-label=\"Galer\u00eda de imagenes de la habitaci\u00f3n\" data-widget_type=\"media-carousel.default\">\n\t\t\t\t\t\t\t\t\t\t<div class=\"elementor-main-swiper swiper\" role=\"region\" aria-roledescription=\"carousel\" aria-label=\"Diapositivas\">\n\t\t\t\t<div class=\"swiper-wrapper\">\n\t\t\t\t\t\t\t\t\t\t\t<div class=\"swiper-slide\" role=\"group\" aria-roledescription=\"slide\">\n\t\t\t\t\t\t\t<a href=\"http:\/\/www.pazo-chaioso.com\/wp26\/wp-content\/uploads\/2026\/01\/IMG_3401.jpg\" data-elementor-open-lightbox=\"yes\" data-elementor-lightbox-slideshow=\"9e0a166\" data-elementor-lightbox-title=\"IMG_3401\" data-e-action-hash=\"#elementor-action%3Aaction%3Dlightbox%26settings%3DeyJpZCI6NTA3LCJ1cmwiOiJodHRwczpcL1wvd3d3LnBhem8tY2hhaW9zby5jb21cL3dwMjZcL3dwLWNvbnRlbnRcL3VwbG9hZHNcLzIwMjZcLzAxXC9JTUdfMzQwMS5qcGciLCJzbGlkZXNob3ciOiI5ZTBhMTY2In0%3D\">\t\t<div class=\"elementor-carousel-image\" role=\"img\" aria-label=\"Habitaci\u00f3n huerta, ventanal en el techo y camas, ademas d euna mesita de luz.\" style=\"background-image: url(&#039;https:\/\/www.pazo-chaioso.com\/wp26\/wp-content\/uploads\/2026\/01\/IMG_3401.jpg&#039;)\">\n\n\t\t\t\n\t\t\t\t\t<\/div>\n\t\t<\/a>\t\t\t\t\t\t<\/div>\n\t\t\t\t\t\t\t\t\t\t\t<div class=\"swiper-slide\" role=\"group\" aria-roledescription=\"slide\">\n\t\t\t\t\t\t\t<a href=\"http:\/\/www.pazo-chaioso.com\/wp26\/wp-content\/uploads\/2026\/01\/IMG_3402.jpg\" data-elementor-open-lightbox=\"yes\" data-elementor-lightbox-slideshow=\"9e0a166\" data-elementor-lightbox-title=\"IMG_3402\" data-e-action-hash=\"#elementor-action%3Aaction%3Dlightbox%26settings%3DeyJpZCI6NTA4LCJ1cmwiOiJodHRwczpcL1wvd3d3LnBhem8tY2hhaW9zby5jb21cL3dwMjZcL3dwLWNvbnRlbnRcL3VwbG9hZHNcLzIwMjZcLzAxXC9JTUdfMzQwMi5qcGciLCJzbGlkZXNob3ciOiI5ZTBhMTY2In0%3D\">\t\t<div class=\"elementor-carousel-image\" role=\"img\" aria-label=\"Armario y mesa en la habitacion huerta\" style=\"background-image: url(&#039;https:\/\/www.pazo-chaioso.com\/wp26\/wp-content\/uploads\/2026\/01\/IMG_3402.jpg&#039;)\">\n\n\t\t\t\n\t\t\t\t\t<\/div>\n\t\t<\/a>\t\t\t\t\t\t<\/div>\n\t\t\t\t\t\t\t\t\t\t\t<div class=\"swiper-slide\" role=\"group\" aria-roledescription=\"slide\">\n\t\t\t\t\t\t\t<a href=\"http:\/\/www.pazo-chaioso.com\/wp26\/wp-content\/uploads\/2026\/01\/IMG_3403.jpg\" data-elementor-open-lightbox=\"yes\" data-elementor-lightbox-slideshow=\"9e0a166\" data-elementor-lightbox-title=\"IMG_3403\" data-e-action-hash=\"#elementor-action%3Aaction%3Dlightbox%26settings%3DeyJpZCI6NTA5LCJ1cmwiOiJodHRwczpcL1wvd3d3LnBhem8tY2hhaW9zby5jb21cL3dwMjZcL3dwLWNvbnRlbnRcL3VwbG9hZHNcLzIwMjZcLzAxXC9JTUdfMzQwMy5qcGciLCJzbGlkZXNob3ciOiI5ZTBhMTY2In0%3D\">\t\t<div class=\"elementor-carousel-image\" role=\"img\" aria-label=\"Camas, ventanal e techo y sillon de la habitacion huerta\" style=\"background-image: url(&#039;https:\/\/www.pazo-chaioso.com\/wp26\/wp-content\/uploads\/2026\/01\/IMG_3403.jpg&#039;)\">\n\n\t\t\t\n\t\t\t\t\t<\/div>\n\t\t<\/a>\t\t\t\t\t\t<\/div>\n\t\t\t\t\t\t\t\t\t\t\t<div class=\"swiper-slide\" role=\"group\" aria-roledescription=\"slide\">\n\t\t\t\t\t\t\t<a href=\"http:\/\/www.pazo-chaioso.com\/wp26\/wp-content\/uploads\/2026\/01\/IMG_3404.jpg\" data-elementor-open-lightbox=\"yes\" data-elementor-lightbox-slideshow=\"9e0a166\" data-elementor-lightbox-title=\"IMG_3404\" data-e-action-hash=\"#elementor-action%3Aaction%3Dlightbox%26settings%3DeyJpZCI6NTEwLCJ1cmwiOiJodHRwczpcL1wvd3d3LnBhem8tY2hhaW9zby5jb21cL3dwMjZcL3dwLWNvbnRlbnRcL3VwbG9hZHNcLzIwMjZcLzAxXC9JTUdfMzQwNC5qcGciLCJzbGlkZXNob3ciOiI5ZTBhMTY2In0%3D\">\t\t<div class=\"elementor-carousel-image\" role=\"img\" aria-label=\"Camas, sillon, mesa y armario de la habitacion huerta\" style=\"background-image: url(&#039;https:\/\/www.pazo-chaioso.com\/wp26\/wp-content\/uploads\/2026\/01\/IMG_3404.jpg&#039;)\">\n\n\t\t\t\n\t\t\t\t\t<\/div>\n\t\t<\/a>\t\t\t\t\t\t<\/div>\n\t\t\t\t\t\t\t\t\t\t\t<div class=\"swiper-slide\" role=\"group\" aria-roledescription=\"slide\">\n\t\t\t\t\t\t\t<a href=\"http:\/\/www.pazo-chaioso.com\/wp26\/wp-content\/uploads\/2026\/01\/IMG_3408.jpg\" data-elementor-open-lightbox=\"yes\" data-elementor-lightbox-slideshow=\"9e0a166\" data-elementor-lightbox-title=\"IMG_3408\" data-e-action-hash=\"#elementor-action%3Aaction%3Dlightbox%26settings%3DeyJpZCI6NTExLCJ1cmwiOiJodHRwczpcL1wvd3d3LnBhem8tY2hhaW9zby5jb21cL3dwMjZcL3dwLWNvbnRlbnRcL3VwbG9hZHNcLzIwMjZcLzAxXC9JTUdfMzQwOC5qcGciLCJzbGlkZXNob3ciOiI5ZTBhMTY2In0%3D\">\t\t<div class=\"elementor-carousel-image\" role=\"img\" aria-label=\"Ba\u00f1o de la habitacion huerta\" style=\"background-image: url(&#039;https:\/\/www.pazo-chaioso.com\/wp26\/wp-content\/uploads\/2026\/01\/IMG_3408.jpg&#039;)\">\n\n\t\t\t\n\t\t\t\t\t<\/div>\n\t\t<\/a>\t\t\t\t\t\t<\/div>\n\t\t\t\t\t\t\t\t\t\t\t<div class=\"swiper-slide\" role=\"group\" aria-roledescription=\"slide\">\n\t\t\t\t\t\t\t<a href=\"http:\/\/www.pazo-chaioso.com\/wp26\/wp-content\/uploads\/2026\/01\/IMG_7386.jpg\" data-elementor-open-lightbox=\"yes\" data-elementor-lightbox-slideshow=\"9e0a166\" data-elementor-lightbox-title=\"IMG_7386\" data-e-action-hash=\"#elementor-action%3Aaction%3Dlightbox%26settings%3DeyJpZCI6NTEyLCJ1cmwiOiJodHRwczpcL1wvd3d3LnBhem8tY2hhaW9zby5jb21cL3dwMjZcL3dwLWNvbnRlbnRcL3VwbG9hZHNcLzIwMjZcLzAxXC9JTUdfNzM4Ni5qcGciLCJzbGlkZXNob3ciOiI5ZTBhMTY2In0%3D\">\t\t<div class=\"elementor-carousel-image\" role=\"img\" aria-label=\"Ba\u00f1era de la habitacion huerta\" style=\"background-image: url(&#039;https:\/\/www.pazo-chaioso.com\/wp26\/wp-content\/uploads\/2026\/01\/IMG_7386.jpg&#039;)\">\n\n\t\t\t\n\t\t\t\t\t<\/div>\n\t\t<\/a>\t\t\t\t\t\t<\/div>\n\t\t\t\t\t\t\t\t\t<\/div>\n\t\t\t\t\t\t\t\t\t\t\t\t\t\t\t<div class=\"elementor-swiper-button elementor-swiper-button-prev\" role=\"button\" tabindex=\"0\" aria-label=\"Previous\">\n\t\t\t\t\t\t\t<svg aria-hidden=\"true\" class=\"e-font-icon-svg e-eicon-chevron-left\" viewBox=\"0 0 1000 1000\" xmlns=\"http:\/\/www.w3.org\/2000\/svg\"><path d=\"M646 125C629 125 613 133 604 142L308 442C296 454 292 471 292 487 292 504 296 521 308 533L604 854C617 867 629 875 646 875 663 875 679 871 692 858 704 846 713 829 713 812 713 796 708 779 692 767L438 487 692 225C700 217 708 204 708 187 708 171 704 154 692 142 675 129 663 125 646 125Z\"><\/path><\/svg>\t\t\t\t\t\t<\/div>\n\t\t\t\t\t\t<div class=\"elementor-swiper-button elementor-swiper-button-next\" role=\"button\" tabindex=\"0\" aria-label=\"Next\">\n\t\t\t\t\t\t\t<svg aria-hidden=\"true\" class=\"e-font-icon-svg e-eicon-chevron-right\" viewBox=\"0 0 1000 1000\" xmlns=\"http:\/\/www.w3.org\/2000\/svg\"><path d=\"M696 533C708 521 713 504 713 487 713 471 708 454 696 446L400 146C388 133 375 125 354 125 338 125 325 129 313 142 300 154 292 171 292 187 292 204 296 221 308 233L563 492 304 771C292 783 288 800 288 817 288 833 296 850 308 863 321 871 338 875 354 875 371 875 388 867 400 854L696 533Z\"><\/path><\/svg>\t\t\t\t\t\t<\/div>\n\t\t\t\t\t\t\t\t\t\t\t\t\t\t\t\t\t<\/div>\n\t\t\t\t\t\t\t\t\t<div class=\"elementor-main-swiper swiper elementor-thumbnails-swiper swiper\" role=\"region region\" aria-roledescription=\"carousel carousel\" aria-label=\"Diapositivas Diapositivas\">\n\t\t\t\t<div class=\"swiper-wrapper\">\n\t\t\t\t\t\t\t\t\t\t\t<div class=\"swiper-slide\" role=\"group\" aria-roledescription=\"slide\">\n\t\t\t\t\t\t\t\t\t<div class=\"elementor-carousel-image\" role=\"img\" aria-label=\"Habitaci\u00f3n huerta, ventanal en el techo y camas, ademas d euna mesita de luz.\" style=\"background-image: url(&#039;https:\/\/www.pazo-chaioso.com\/wp26\/wp-content\/uploads\/2026\/01\/IMG_3401.jpg&#039;)\">\n\n\t\t\t\n\t\t\t\t\t<\/div>\n\t\t<\/a>\t\t\t\t\t\t<\/div>\n\t\t\t\t\t\t\t\t\t\t\t<div class=\"swiper-slide\" role=\"group\" aria-roledescription=\"slide\">\n\t\t\t\t\t\t\t\t\t<div class=\"elementor-carousel-image\" role=\"img\" aria-label=\"Armario y mesa en la habitacion huerta\" style=\"background-image: url(&#039;https:\/\/www.pazo-chaioso.com\/wp26\/wp-content\/uploads\/2026\/01\/IMG_3402.jpg&#039;)\">\n\n\t\t\t\n\t\t\t\t\t<\/div>\n\t\t<\/a>\t\t\t\t\t\t<\/div>\n\t\t\t\t\t\t\t\t\t\t\t<div class=\"swiper-slide\" role=\"group\" aria-roledescription=\"slide\">\n\t\t\t\t\t\t\t\t\t<div class=\"elementor-carousel-image\" role=\"img\" aria-label=\"Camas, ventanal e techo y sillon de la habitacion huerta\" style=\"background-image: url(&#039;https:\/\/www.pazo-chaioso.com\/wp26\/wp-content\/uploads\/2026\/01\/IMG_3403.jpg&#039;)\">\n\n\t\t\t\n\t\t\t\t\t<\/div>\n\t\t<\/a>\t\t\t\t\t\t<\/div>\n\t\t\t\t\t\t\t\t\t\t\t<div class=\"swiper-slide\" role=\"group\" aria-roledescription=\"slide\">\n\t\t\t\t\t\t\t\t\t<div class=\"elementor-carousel-image\" role=\"img\" aria-label=\"Camas, sillon, mesa y armario de la habitacion huerta\" style=\"background-image: url(&#039;https:\/\/www.pazo-chaioso.com\/wp26\/wp-content\/uploads\/2026\/01\/IMG_3404.jpg&#039;)\">\n\n\t\t\t\n\t\t\t\t\t<\/div>\n\t\t<\/a>\t\t\t\t\t\t<\/div>\n\t\t\t\t\t\t\t\t\t\t\t<div class=\"swiper-slide\" role=\"group\" aria-roledescription=\"slide\">\n\t\t\t\t\t\t\t\t\t<div class=\"elementor-carousel-image\" role=\"img\" aria-label=\"Ba\u00f1o de la habitacion huerta\" style=\"background-image: url(&#039;https:\/\/www.pazo-chaioso.com\/wp26\/wp-content\/uploads\/2026\/01\/IMG_3408.jpg&#039;)\">\n\n\t\t\t\n\t\t\t\t\t<\/div>\n\t\t<\/a>\t\t\t\t\t\t<\/div>\n\t\t\t\t\t\t\t\t\t\t\t<div class=\"swiper-slide\" role=\"group\" aria-roledescription=\"slide\">\n\t\t\t\t\t\t\t\t\t<div class=\"elementor-carousel-image\" role=\"img\" aria-label=\"Ba\u00f1era de la habitacion huerta\" style=\"background-image: url(&#039;https:\/\/www.pazo-chaioso.com\/wp26\/wp-content\/uploads\/2026\/01\/IMG_7386.jpg&#039;)\">\n\n\t\t\t\n\t\t\t\t\t<\/div>\n\t\t<\/a>\t\t\t\t\t\t<\/div>\n\t\t\t\t\t\t\t\t\t<\/div>\n\t\t\t\t\t\t\t\t\t\t\t\t\t\t\t\t\t\t\t\t\t<\/div>\n\t\t\t\t\t\t\t\t<\/div>\n\t\t\t\t<div class=\"elementor-element elementor-element-6813c9e elementor-widget__width-inherit elementor-widget elementor-widget-text-editor\" data-id=\"6813c9e\" data-element_type=\"widget\" data-e-type=\"widget\" data-widget_type=\"text-editor.default\">\n\t\t\t\t\t\t\t\t\t<p>*Click on the image to view it in full size<\/p>\t\t\t\t\t\t\t\t<\/div>\n\t\t\t\t\t<\/div>\n\t\t\t\t<\/div>\n\t\t\t\t\t<\/div>\n\t\t\t\t<\/div>\n\t\t<div class=\"elementor-element elementor-element-3d1c08c e-flex e-con-boxed e-con e-child\" data-id=\"3d1c08c\" data-element_type=\"container\" data-e-type=\"container\" data-settings=\"{&quot;background_background&quot;:&quot;classic&quot;,&quot;jet_parallax_layout_list&quot;:[]}\">\n\t\t\t\t\t<div class=\"e-con-inner\">\n\t\t\t\t<div class=\"elementor-element elementor-element-e015d88 elementor-widget elementor-widget-heading\" data-id=\"e015d88\" data-element_type=\"widget\" data-e-type=\"widget\" data-widget_type=\"heading.default\">\n\t\t\t\t\t<h2 class=\"elementor-heading-title elementor-size-default\">Features<\/h2>\t\t\t\t<\/div>\n\t\t\t\t<div class=\"elementor-element elementor-element-023ed1d elementor-widget-divider--view-line elementor-widget elementor-widget-divider\" data-id=\"023ed1d\" data-element_type=\"widget\" data-e-type=\"widget\" data-widget_type=\"divider.default\">\n\t\t\t\t\t\t\t<div class=\"elementor-divider\">\n\t\t\t<span class=\"elementor-divider-separator\">\n\t\t\t\t\t\t<\/span>\n\t\t<\/div>\n\t\t\t\t\t\t<\/div>\n\t\t\t\t\t<\/div>\n\t\t\t\t<\/div>\n\t\t<div class=\"elementor-element elementor-element-9410958 e-flex e-con-boxed elementor-invisible e-con e-child\" data-id=\"9410958\" data-element_type=\"container\" data-e-type=\"container\" data-settings=\"{&quot;animation&quot;:&quot;fadeInRight&quot;,&quot;jet_parallax_layout_list&quot;:[]}\">\n\t\t\t\t\t<div class=\"e-con-inner\">\n\t\t<div class=\"elementor-element elementor-element-0f2237d e-con-full e-grid e-con e-child\" data-id=\"0f2237d\" data-element_type=\"container\" data-e-type=\"container\" data-settings=\"{&quot;background_background&quot;:&quot;classic&quot;,&quot;jet_parallax_layout_list&quot;:[]}\">\n\t\t<div class=\"elementor-element elementor-element-65356fd e-con-full e-flex e-con e-child\" data-id=\"65356fd\" data-element_type=\"container\" data-e-type=\"container\" data-settings=\"{&quot;jet_parallax_layout_list&quot;:[]}\">\n\t\t\t\t<div class=\"elementor-element elementor-element-937def7 elementor-view-default elementor-widget elementor-widget-icon\" data-id=\"937def7\" data-element_type=\"widget\" data-e-type=\"widget\" data-widget_type=\"icon.default\">\n\t\t\t\t\t\t\t<div class=\"elementor-icon-wrapper\">\n\t\t\t<div class=\"elementor-icon\">\n\t\t\t<svg xmlns=\"http:\/\/www.w3.org\/2000\/svg\" id=\"Capa_1\" data-name=\"Capa 1\" viewBox=\"0 0 446 370\"><defs><style>      .cls-1 {        fill: #fff;      }    <\/style><\/defs><path class=\"cls-1\" d=\"M238.99,128.42c.34-8.48,7.23-15.36,15.47-15.39l32.08-.1c9.95-.03,17.12,8.2,16.34,18.12-.78,9.94,4.74,18.51,15.03,19.67,5.84.66,11.86,1.49,17.76,1.74,8.74.37,15.53-8.04,15.3-16.4l-.75-27.05c-.24-8.58-2.13-16.88-4.81-24.94-4.73-14.26-15.28-24.97-29.7-29.68-10.98-3.59-22.28-5.3-34.29-5.3h-116.87c-12.13,0-23.52,1.71-34.6,5.32-14.14,4.61-24.53,15.03-29.33,28.95-6.23,18.08-5.39,32.5-5.77,51.67-.18,9,5.9,17.88,15.72,17.4,5.73-.28,11.8-1.07,17.77-1.83,9.18-1.17,15.46-9.38,14.59-18.69s5.44-18.85,15.59-18.85h33.01c8.55-.02,15.05,7.21,15.27,15.44.25,9.36,7.26,16.56,16.18,16.39,8.78-.17,15.63-6.56,16.03-16.47ZM350.75,288.95l.54,18.08c.26,8.7,8.93,14.42,16.6,13.85,8.14-.61,15.03-6.96,15.04-15.95l.02-59.95c.01-29.94-18.95-55.38-49.02-59.83-74.24-10.98-149.5-11.09-223.69.3-27.48,4.22-47.18,29.71-47.17,56.51l.02,64.04c0,9.14,8.65,15.44,16.75,14.88,8.38-.57,14.82-6.95,15.04-15.92l.38-16.01h255.51Z\"><\/path><path d=\"M350.75,288.95H95.24s-.38,16.01-.38,16.01c-.21,8.98-6.66,15.35-15.04,15.92-8.1.55-16.74-5.74-16.75-14.88l-.02-64.04c0-26.79,19.7-52.29,47.17-56.51,74.19-11.39,149.45-11.29,223.69-.3,30.07,4.45,49.03,29.9,49.02,59.83l-.02,59.95c0,8.98-6.9,15.34-15.04,15.95-7.67.57-16.34-5.15-16.6-13.85l-.54-18.08Z\"><\/path><path d=\"M238.99,128.42c-.4,9.91-7.24,16.3-16.03,16.47-8.92.17-15.93-7.03-16.18-16.39-.22-8.24-6.72-15.46-15.27-15.46h-33.01c-10.16.02-16.49,9.25-15.59,18.87s-5.41,17.52-14.59,18.69c-5.97.76-12.04,1.55-17.77,1.83-9.82.48-15.9-8.4-15.72-17.4.39-19.16-.46-33.59,5.77-51.67,4.8-13.92,15.19-24.34,29.33-28.95,11.08-3.61,22.47-5.32,34.6-5.32h116.87c12.01,0,23.31,1.71,34.29,5.3,14.42,4.72,24.97,15.42,29.7,29.68,2.68,8.06,4.57,16.36,4.81,24.94l.75,27.05c.23,8.36-6.56,16.77-15.3,16.4-5.9-.25-11.92-1.08-17.76-1.74-10.28-1.16-15.81-9.73-15.03-19.67.78-9.93-6.39-18.16-16.34-18.12l-32.08.1c-8.24.03-15.13,6.91-15.47,15.39Z\"><\/path><\/svg>\t\t\t<\/div>\n\t\t<\/div>\n\t\t\t\t\t\t<\/div>\n\t\t\t\t<div class=\"elementor-element elementor-element-b3d24f4 elementor-widget elementor-widget-heading\" data-id=\"b3d24f4\" data-element_type=\"widget\" data-e-type=\"widget\" data-widget_type=\"heading.default\">\n\t\t\t\t\t<h4 class=\"elementor-heading-title elementor-size-default\">Maximum occupancy<\/h4>\t\t\t\t<\/div>\n\t\t\t\t<div class=\"elementor-element elementor-element-565c427 elementor-widget elementor-widget-text-editor\" data-id=\"565c427\" data-element_type=\"widget\" data-e-type=\"widget\" data-widget_type=\"text-editor.default\">\n\t\t\t\t\t\t\t\t\t<ul><li>2 adults, in two single beds (200 x 95 cm each); the beds can be pushed together.<\/li><li>Optional, at an extra charge: 1 sofa bed (180 x 110 cm) for 1 adult or two small children.<\/li><li>Optional, free of charge: Babies, provided they sleep in their own cot or with their parents.<\/li><\/ul>\t\t\t\t\t\t\t\t<\/div>\n\t\t\t\t<\/div>\n\t\t<div class=\"elementor-element elementor-element-2015a30 e-con-full e-flex e-con e-child\" data-id=\"2015a30\" data-element_type=\"container\" data-e-type=\"container\" data-settings=\"{&quot;jet_parallax_layout_list&quot;:[]}\">\n\t\t\t\t<div class=\"elementor-element elementor-element-d2f44e6 elementor-view-default elementor-widget elementor-widget-icon\" data-id=\"d2f44e6\" data-element_type=\"widget\" data-e-type=\"widget\" data-widget_type=\"icon.default\">\n\t\t\t\t\t\t\t<div class=\"elementor-icon-wrapper\">\n\t\t\t<div class=\"elementor-icon\">\n\t\t\t<svg xmlns=\"http:\/\/www.w3.org\/2000\/svg\" viewBox=\"0 0 640 640\"><path d=\"M97 505.7C101.5 527.5 120.8 544 144 544L496 544C522.5 544 544 522.5 544 496L544 400C544 373.5 522.5 352 496 352L448 352L448 424C448 437.3 437.3 448 424 448C410.7 448 400 437.3 400 424L400 352L336 352L336 424C336 437.3 325.3 448 312 448C298.7 448 288 437.3 288 424L288 352L216 352C202.7 352 192 341.3 192 328C192 314.7 202.7 304 216 304L288 304L288 240L216 240C202.7 240 192 229.3 192 216C192 202.7 202.7 192 216 192L288 192L288 144C288 117.5 266.5 96 240 96L144 96C117.5 96 96 117.5 96 144L96 496C96 499.3 96.3 502.6 97 505.7z\"><\/path><\/svg>\t\t\t<\/div>\n\t\t<\/div>\n\t\t\t\t\t\t<\/div>\n\t\t\t\t<div class=\"elementor-element elementor-element-ee87508 elementor-widget elementor-widget-heading\" data-id=\"ee87508\" data-element_type=\"widget\" data-e-type=\"widget\" data-widget_type=\"heading.default\">\n\t\t\t\t\t<h4 class=\"elementor-heading-title elementor-size-default\">The Huerta Room comprises:<\/h4>\t\t\t\t<\/div>\n\t\t\t\t<div class=\"elementor-element elementor-element-32c481a elementor-widget elementor-widget-text-editor\" data-id=\"32c481a\" data-element_type=\"widget\" data-e-type=\"widget\" data-widget_type=\"text-editor.default\">\n\t\t\t\t\t\t\t\t\t<ul><li>One bedroom, approx. 25 m\u00b2 in size, with two single beds.<\/li><li>One bathroom with a bath, approx. 6 m\u00b2 in size.<\/li><\/ul>\t\t\t\t\t\t\t\t<\/div>\n\t\t\t\t<\/div>\n\t\t<div class=\"elementor-element elementor-element-0de99b3 e-con-full e-flex e-con e-child\" data-id=\"0de99b3\" data-element_type=\"container\" data-e-type=\"container\" data-settings=\"{&quot;jet_parallax_layout_list&quot;:[]}\">\n\t\t\t\t<div class=\"elementor-element elementor-element-93a0f28 elementor-view-default elementor-widget elementor-widget-icon\" data-id=\"93a0f28\" data-element_type=\"widget\" data-e-type=\"widget\" data-widget_type=\"icon.default\">\n\t\t\t\t\t\t\t<div class=\"elementor-icon-wrapper\">\n\t\t\t<div class=\"elementor-icon\">\n\t\t\t<svg xmlns=\"http:\/\/www.w3.org\/2000\/svg\" viewBox=\"0 0 640 640\"><path d=\"M519.9 319.8L507 477.1C503.7 517.8 443.1 512.2 446.4 472.2L456.4 349.7L415.3 352C425.4 372.7 431.1 395.9 431.1 420.5C431.1 461.7 415 499.2 388.8 527L349.5 487.7C407.4 424 362.6 320.5 275.5 320.5C249.6 320.5 226 330.4 208.3 346.5L169 307.2C191 286.5 219.1 272.1 250.4 267L325.7 181.3L283.1 156.5L231.5 202.5C201.5 229.3 160.9 184 191 157.1L259 96.4C268.8 87.6 283.1 86.2 294.5 92.8C294.5 92.8 433.8 173.7 434 173.9C450.2 184 454.7 209.9 440.1 226.5L381.7 293L487.8 287.1C506.3 286 521.4 301.5 519.9 319.8zM455 165.8C483.1 165.8 505.9 143 505.9 114.9C505.9 86.8 483.1 64 455 64C426.9 64 404.1 86.8 404.1 114.9C404.1 143 426.9 165.8 455 165.8zM275.6 520.5C195 520.5 148.2 429.9 192.9 364.4L153.2 324.7C132.4 351 120 384.3 120 420.4C120 551.1 270.7 621.8 371.4 542.9L331.7 503.2C315.7 514.1 296.4 520.5 275.6 520.5z\"><\/path><\/svg>\t\t\t<\/div>\n\t\t<\/div>\n\t\t\t\t\t\t<\/div>\n\t\t\t\t<div class=\"elementor-element elementor-element-4426667 elementor-widget elementor-widget-heading\" data-id=\"4426667\" data-element_type=\"widget\" data-e-type=\"widget\" data-widget_type=\"heading.default\">\n\t\t\t\t\t<h4 class=\"elementor-heading-title elementor-size-default\">Location and accessibility:<\/h4>\t\t\t\t<\/div>\n\t\t\t\t<div class=\"elementor-element elementor-element-e8da2a7 elementor-widget elementor-widget-text-editor\" data-id=\"e8da2a7\" data-element_type=\"widget\" data-e-type=\"widget\" data-widget_type=\"text-editor.default\">\n\t\t\t\t\t\t\t\t\t<ul><li>It is located on the first floor and is accessed via a staircase.<\/li><li>The bathroom is fitted with a bath, which can also be used as a shower.<\/li><\/ul>\t\t\t\t\t\t\t\t<\/div>\n\t\t\t\t<\/div>\n\t\t<div class=\"elementor-element elementor-element-34fe3f2 e-con-full e-flex e-con e-child\" data-id=\"34fe3f2\" data-element_type=\"container\" data-e-type=\"container\" data-settings=\"{&quot;jet_parallax_layout_list&quot;:[]}\">\n\t\t\t\t<div class=\"elementor-element elementor-element-cec488d elementor-widget elementor-widget-image\" data-id=\"cec488d\" data-element_type=\"widget\" data-e-type=\"widget\" data-widget_type=\"image.default\">\n\t\t\t\t\t\t\t\t\t\t\t\t\t\t\t<img fetchpriority=\"high\" decoding=\"async\" width=\"796\" height=\"796\" src=\"https:\/\/www.pazo-chaioso.com\/wp26\/wp-content\/uploads\/2026\/05\/Mesa-de-trabajo-4.svg\" class=\"attachment-large size-large wp-image-3561\" alt=\"prohibidas mascotas, icono\" \/>\t\t\t\t\t\t\t\t\t\t\t\t\t\t\t<\/div>\n\t\t\t\t<div class=\"elementor-element elementor-element-b5d0b12 elementor-widget elementor-widget-heading\" data-id=\"b5d0b12\" data-element_type=\"widget\" data-e-type=\"widget\" data-widget_type=\"heading.default\">\n\t\t\t\t\t<h4 class=\"elementor-heading-title elementor-size-default\">Pets<\/h4>\t\t\t\t<\/div>\n\t\t\t\t<div class=\"elementor-element elementor-element-292e528 elementor-widget elementor-widget-text-editor\" data-id=\"292e528\" data-element_type=\"widget\" data-e-type=\"widget\" data-widget_type=\"text-editor.default\">\n\t\t\t\t\t\t\t\t\t<p>Habitaci\u00f3n Huerta is NOT suitable for pets<\/p>\t\t\t\t\t\t\t\t<\/div>\n\t\t\t\t<\/div>\n\t\t\t\t<\/div>\n\t\t\t\t\t<\/div>\n\t\t\t\t<\/div>\n\t\t\t\t<\/div>\n\t\t","protected":false},"excerpt":{"rendered":"<p>*Clic en la imagen para ver a tama\u00f1o completo Caracter\u00edsticas CAPACIDAD 2 adultos, en dos camas individuales (200 x 95 cm cada), las camas se pueden juntar.Opcionalmente, con cargo: 1 sofa cama (180 x 110cm) para 1 adulto o dos ni\u00f1os peque\u00f1os.Opcionalmente, sin cargo: Beb\u00e9s, si duermen en cuna propia o con los padres.\u200b Distribuci\u00f3n [&hellip;]<\/p>\n","protected":false},"author":1,"featured_media":0,"parent":0,"menu_order":0,"comment_status":"closed","ping_status":"closed","template":"","meta":{"footnotes":""},"class_list":["post-618","page","type-page","status-publish","hentry"],"_links":{"self":[{"href":"https:\/\/www.pazo-chaioso.com\/wp26\/en\/wp-json\/wp\/v2\/pages\/618","targetHints":{"allow":["GET"]}}],"collection":[{"href":"https:\/\/www.pazo-chaioso.com\/wp26\/en\/wp-json\/wp\/v2\/pages"}],"about":[{"href":"https:\/\/www.pazo-chaioso.com\/wp26\/en\/wp-json\/wp\/v2\/types\/page"}],"author":[{"embeddable":true,"href":"https:\/\/www.pazo-chaioso.com\/wp26\/en\/wp-json\/wp\/v2\/users\/1"}],"replies":[{"embeddable":true,"href":"https:\/\/www.pazo-chaioso.com\/wp26\/en\/wp-json\/wp\/v2\/comments?post=618"}],"version-history":[{"count":81,"href":"https:\/\/www.pazo-chaioso.com\/wp26\/en\/wp-json\/wp\/v2\/pages\/618\/revisions"}],"predecessor-version":[{"id":3823,"href":"https:\/\/www.pazo-chaioso.com\/wp26\/en\/wp-json\/wp\/v2\/pages\/618\/revisions\/3823"}],"wp:attachment":[{"href":"https:\/\/www.pazo-chaioso.com\/wp26\/en\/wp-json\/wp\/v2\/media?parent=618"}],"curies":[{"name":"wp","href":"https:\/\/api.w.org\/{rel}","templated":true}]}}