{"id":3,"date":"2026-01-12T08:57:51","date_gmt":"2026-01-12T08:57:51","guid":{"rendered":"https:\/\/www.pazo-chaioso.com\/wp26\/?page_id=3"},"modified":"2026-05-12T16:43:39","modified_gmt":"2026-05-12T15:43:39","slug":"politica-de-privacidad","status":"publish","type":"page","link":"https:\/\/www.pazo-chaioso.com\/wp26\/politica-de-privacidad\/","title":{"rendered":"Politica de Privacidad"},"content":{"rendered":"\t\t<div data-elementor-type=\"wp-page\" data-elementor-id=\"3\" class=\"elementor elementor-3\" data-elementor-post-type=\"page\">\n\t\t\t\t\t\t<section class=\"elementor-section elementor-top-section elementor-element elementor-element-235c55e elementor-section-stretched elementor-section-boxed elementor-section-height-default elementor-section-height-default\" data-id=\"235c55e\" data-element_type=\"section\" data-e-type=\"section\" data-settings=\"{&quot;stretch_section&quot;:&quot;section-stretched&quot;,&quot;background_background&quot;:&quot;classic&quot;,&quot;jet_parallax_layout_list&quot;:[]}\">\n\t\t\t\t\t\t\t<div class=\"elementor-background-overlay\"><\/div>\n\t\t\t\t\t\t\t<div class=\"elementor-container elementor-column-gap-default\">\n\t\t\t\t\t<div class=\"elementor-column elementor-col-100 elementor-top-column elementor-element elementor-element-79ff593\" data-id=\"79ff593\" data-element_type=\"column\" data-e-type=\"column\">\n\t\t\t<div class=\"elementor-widget-wrap elementor-element-populated\">\n\t\t\t\t\t\t<div class=\"elementor-element elementor-element-2550f25 elementor-widget elementor-widget-heading\" data-id=\"2550f25\" data-element_type=\"widget\" data-e-type=\"widget\" data-widget_type=\"heading.default\">\n\t\t\t\t\t<h1 class=\"elementor-heading-title elementor-size-default\">Politica de Privacidad<\/h1>\t\t\t\t<\/div>\n\t\t\t\t\t<\/div>\n\t\t<\/div>\n\t\t\t\t\t<\/div>\n\t\t<\/section>\n\t\t<div class=\"elementor-element elementor-element-6de69d6c e-flex e-con-boxed e-con e-parent\" data-id=\"6de69d6c\" data-element_type=\"container\" data-e-type=\"container\" data-settings=\"{&quot;jet_parallax_layout_list&quot;:[]}\">\n\t\t\t\t\t<div class=\"e-con-inner\">\n\t\t\t\t<div class=\"elementor-element elementor-element-74e22cb2 elementor-widget elementor-widget-text-editor\" data-id=\"74e22cb2\" data-element_type=\"widget\" data-e-type=\"widget\" data-widget_type=\"text-editor.default\">\n\t\t\t\t\t\t\t\t\t<p class=\"p2\">1. DATOS DEL RESPONSABLE DEL TRATAMIENTO<\/p><ul><li class=\"p2\">Raz\u00f3n Social: CHAIOSO SL (en adelante, la \u201cEmpresa\u201d o el \u201cResponsable\u201d).<\/li><li class=\"p2\">CIF: B32353674<\/li><li class=\"p2\">Domicilio: CALLE LUGAR CHAIOSO &#8211; 32700 &#8211; MACEDA &#8211; OURENSE<\/li><li class=\"p2\">Tel\u00e9fono: 647342033<\/li><li class=\"p2\">Email para comunicaciones en materia de Protecci\u00f3n de datos:\u00a0 \u00a0<\/li><\/ul><p>\u00a0 \u00a0 \u00a0 <img decoding=\"async\" class=\"alignnone size-full wp-image-3298\" src=\"http:\/\/www.pazo-chaioso.com\/wp26\/wp-content\/uploads\/2026\/04\/billy@.jpg\" alt=\"\" width=\"216\" height=\"37\" \/><\/p><h3 class=\"p2\">1.1. Normativa aplicable<\/h3><p class=\"p2\">Nuestra Pol\u00edtica de Privacidad se ha dise\u00f1ado de acuerdo con el Reglamento General de Protecci\u00f3n de Datos de la UE 2016\/679 del Parlamento Europeo y del Consejo, de 27 de abril de 2016, relativo a la protecci\u00f3n de las personas f\u00edsicas en lo que respecta al tratamiento de datos personales y a la libre circulaci\u00f3n de estos datos y por el que se deroga la Directiva 95\/46\/CE (Reglamento general de protecci\u00f3n de datos), y la Ley Org\u00e1nica 3\/2018 del 5 de diciembre, de Protecci\u00f3n de Datos de Car\u00e1cter Personal y Garant\u00eda de los Derechos Digitales.<\/p><p class=\"p2\">Al facilitarnos sus datos, Usted declara haber le\u00eddo y conocer la presente Pol\u00edtica de Privacidad, prestando su consentimiento inequ\u00edvoco y expreso al tratamiento de sus datos personales de acuerdo a las finalidades y t\u00e9rminos aqu\u00ed expresados.<\/p><p class=\"p2\">La Empresa podr\u00e1 modificar la presente Pol\u00edtica de Privacidad para adaptarla a las novedades legislativas, jurisprudenciales o de interpretaci\u00f3n de la Agencia Espa\u00f1ola de Protecci\u00f3n de Datos. Estas condiciones de privacidad podr\u00e1n ser complementadas por el Aviso Legal, Pol\u00edtica de Cookies y las Condiciones Generales que, en su caso, se recojan para determinados productos o servicios, si dicho acceso supone alguna especialidad en materia de protecci\u00f3n de datos de car\u00e1cter personal.<\/p><h3 class=\"p2\">1.2. Delegado de Protecci\u00f3n de Datos<\/h3><p class=\"p2\">CODEFUSION LABS SL, con CIF B56342645 y domicilio en CALLE AGUACATE, 41, EDIFICIO A1, BAJO 3, de 28054 &#8211; MADRID, de MADRID (ESPA\u00d1A). El tel\u00e9fono de contacto es 643851079 y el correo electr\u00f3nico: SOPORTE@360CONSULTORES.ES.<\/p><h3 class=\"p2\">2. FINALIDAD DEL TRATAMIENTO DE LOS DATOS PERSONALES<\/h3><p class=\"p2\">El tratamiento de sus datos personales se realiza con las siguientes finalidades:<\/p><ul><li class=\"p2\">Proporcionarle informaci\u00f3n relacionada con los servicios y actividades que ofrece nuestra casa rural, tal como se detalla en este sitio web.<\/li><li class=\"p2\">Gestionar su reserva o contrataci\u00f3n de servicios, incluyendo la aceptaci\u00f3n de presupuestos, pedidos y\/o la firma de contratos o acuerdos de estancia.<\/li><li class=\"p2\">Enviarle, por correo electr\u00f3nico y\/o postal, noticias, actualizaciones sobre nuestra casa rural y novedades acerca de nuestros servicios, actividades o promociones especiales.<\/li><\/ul><h3 class=\"p2\">2.1. Plazo de Conservaci\u00f3n de sus datos<\/h3><p class=\"p2\">Conservaremos sus datos personales desde que nos d\u00e9 su consentimiento hasta que lo revoque o bien solicite la limitaci\u00f3n del tratamiento. En tales casos, mantendremos sus datos de manera bloqueada durante los plazos legalmente exigidos.<\/p><h3 class=\"p2\">3. LEGITIMACI\u00d3N Y DATOS RECABADOS<\/h3><p class=\"p2\">La legitimaci\u00f3n para el tratamiento de sus datos es el consentimiento expreso otorgado mediante un acto positivo y afirmativo (rellenar el formulario correspondiente y marcar la casilla de aceptaci\u00f3n de esta pol\u00edtica) en el momento de facilitarnos sus datos personales.<\/p><h3 class=\"p2\">3.1. Consentimiento para tratar sus datos<\/h3><p class=\"p2\">Al rellenar los formularios, marcar la casilla \u201cAcepto la Pol\u00edtica de Privacidad\u201d y hacer clic para enviar los datos, o al remitir correos electr\u00f3nicos a la Empresa a trav\u00e9s de las cuentas habilitadas al efecto, el Usuario manifiesta haber le\u00eddo y aceptado expresamente la presente pol\u00edtica de privacidad, y otorga su consentimiento inequ\u00edvoco y expreso al tratamiento de sus datos personales conforme a las finalidades indicadas.<\/p><h3 class=\"p2\">3.2. Categor\u00edas de datos<\/h3><p class=\"p2\">Los datos que se recaban se refieren a la categor\u00eda de datos identificativos, como pueden ser: Nombre y Apellidos, Tel\u00e9fono, Direcci\u00f3n Postal, Empresa, Correo electr\u00f3nico, as\u00ed como la direcci\u00f3n IP desde donde accede al formulario de recogida de datos.<\/p><h3 class=\"p2\">4. MEDIDAS DE SEGURIDAD<\/h3><p class=\"p2\">Dentro de nuestro compromiso por garantizar la seguridad y confidencialidad de sus datos de car\u00e1cter personal, le informamos que se han adoptado las medidas de \u00edndole t\u00e9cnica y organizativas necesarias para garantizar la seguridad de los datos de car\u00e1cter personal y evitar su alteraci\u00f3n, p\u00e9rdida, tratamiento o acceso no autorizado, habida cuenta del estado de la tecnolog\u00eda, la naturaleza de los datos almacenados y los riesgos a que est\u00e9n expuestos, seg\u00fan el Art. 32 del RGPD EU 679\/2016.<\/p><h3 class=\"p2\">5. CESI\u00d3N DE DATOS<\/h3><p class=\"p2\">No se prev\u00e9n cesiones de datos ni transferencias internacionales de sus datos, a excepci\u00f3n de las autorizadas por la legislaci\u00f3n fiscal, mercantil y de telecomunicaciones as\u00ed como en aquellos casos en los que una autoridad judicial nos lo requiera.<\/p><h3 class=\"p2\">6. DERECHOS DEL USUARIO<\/h3><p class=\"p2\">Cualquier interesado tiene derecho a obtener confirmaci\u00f3n sobre si estamos tratando datos personales que le conciernan, o no. Las personas interesadas tienen derecho a acceder a sus datos personales, as\u00ed como a solicitar la rectificaci\u00f3n de los datos inexactos o, en su caso, solicitar su supresi\u00f3n cuando, entre otros motivos, los datos ya no sean necesarios para los fines que fueron recogidos. En determinadas circunstancias, los interesados podr\u00e1n solicitar la limitaci\u00f3n del tratamiento de sus datos, en cuyo caso \u00fanicamente los conservaremos para el ejercicio o la defensa de reclamaciones. Por motivos relacionados con su situaci\u00f3n particular, los interesados podr\u00e1n oponerse al tratamiento de sus datos. El Responsable del fichero dejar\u00e1 de tratar los datos, salvo por motivos leg\u00edtimos imperiosos, o el ejercicio o la defensa de posibles reclamaciones.<\/p><p class=\"p2\">De acuerdo con la legislaci\u00f3n vigente tiene los siguientes derechos: derecho a solicitar el acceso a sus datos personales, derecho a solicitar su rectificaci\u00f3n o supresi\u00f3n, derecho a solicitar la limitaci\u00f3n de su tratamiento, derecho a oponerse al tratamiento, derecho a la portabilidad de los datos y as\u00ed mismo, a revocar el consentimiento otorgado. Asimismo, tiene derecho a presentar una reclamaci\u00f3n ante la Agencia Espa\u00f1ola de Protecci\u00f3n de Datos.<\/p><h3 class=\"p2\">6.1. \u00bfC\u00f3mo ejercitar mis derechos?<\/h3><p class=\"p2\">Para ejercer sus derechos, debe dirigirse al responsable, solicitando el correspondiente formulario para el ejercicio del derecho elegido. Opcionalmente, puede acudir a la Autoridad de Control competente para obtener informaci\u00f3n adicional acerca de sus derechos. Los datos de contacto para el ejercicio de sus derechos son el tel\u00e9fono 647342033 y el correo electr\u00f3nico: INFO@CHAIOSO.COM. Recuerde acompa\u00f1ar una copia de un documento que nos permita identificarle.<\/p><h3 class=\"p2\">7. CONSENTIMIENTO PARA ENV\u00cdO DE COMUNICACIONES ELECTR\u00d3NICAS<\/h3><p class=\"p2\">As\u00ed mismo, y de acuerdo con lo establecido en la Ley 34\/2002, de 11 de julio, de Servicios de la Sociedad de la Informaci\u00f3n y del Comercio Electr\u00f3nico, completando el formulario de recogida de datos y marcando la correspondiente casilla \u201cAcepto el env\u00edo de comunicaciones electr\u00f3nicas\u201d, est\u00e1 otorgando el consentimiento expreso para enviarle a su direcci\u00f3n de correo electr\u00f3nico, tel\u00e9fono, fax u otro medio electr\u00f3nico en env\u00edo de informaci\u00f3n acerca de la Empresa.<\/p>\t\t\t\t\t\t\t\t<\/div>\n\t\t\t\t\t<\/div>\n\t\t\t\t<\/div>\n\t\t\t\t<\/div>\n\t\t","protected":false},"excerpt":{"rendered":"<p>1. DATOS DEL RESPONSABLE DEL TRATAMIENTO Raz\u00f3n Social: CHAIOSO SL (en adelante, la \u201cEmpresa\u201d o el \u201cResponsable\u201d). CIF: B32353674 Domicilio: CALLE LUGAR CHAIOSO &#8211; 32700 &#8211; MACEDA &#8211; OURENSE Tel\u00e9fono: 647342033 Email para comunicaciones en materia de Protecci\u00f3n de datos:\u00a0 \u00a0 \u00a0 \u00a0 \u00a0 1.1. Normativa aplicable Nuestra Pol\u00edtica de Privacidad se ha dise\u00f1ado de [&hellip;]<\/p>\n","protected":false},"author":1,"featured_media":0,"parent":0,"menu_order":0,"comment_status":"closed","ping_status":"closed","template":"","meta":{"footnotes":""},"class_list":["post-3","page","type-page","status-publish","hentry"],"_links":{"self":[{"href":"https:\/\/www.pazo-chaioso.com\/wp26\/wp-json\/wp\/v2\/pages\/3","targetHints":{"allow":["GET"]}}],"collection":[{"href":"https:\/\/www.pazo-chaioso.com\/wp26\/wp-json\/wp\/v2\/pages"}],"about":[{"href":"https:\/\/www.pazo-chaioso.com\/wp26\/wp-json\/wp\/v2\/types\/page"}],"author":[{"embeddable":true,"href":"https:\/\/www.pazo-chaioso.com\/wp26\/wp-json\/wp\/v2\/users\/1"}],"replies":[{"embeddable":true,"href":"https:\/\/www.pazo-chaioso.com\/wp26\/wp-json\/wp\/v2\/comments?post=3"}],"version-history":[{"count":31,"href":"https:\/\/www.pazo-chaioso.com\/wp26\/wp-json\/wp\/v2\/pages\/3\/revisions"}],"predecessor-version":[{"id":3314,"href":"https:\/\/www.pazo-chaioso.com\/wp26\/wp-json\/wp\/v2\/pages\/3\/revisions\/3314"}],"wp:attachment":[{"href":"https:\/\/www.pazo-chaioso.com\/wp26\/wp-json\/wp\/v2\/media?parent=3"}],"curies":[{"name":"wp","href":"https:\/\/api.w.org\/{rel}","templated":true}]}}