{"id":688,"date":"2026-01-27T13:46:27","date_gmt":"2026-01-27T12:46:27","guid":{"rendered":"https:\/\/www.pazo-chaioso.com\/wp26\/?page_id=688"},"modified":"2026-03-09T15:45:09","modified_gmt":"2026-03-09T14:45:09","slug":"sostenibilidad","status":"publish","type":"page","link":"https:\/\/www.pazo-chaioso.com\/wp26\/sostenibilidad\/","title":{"rendered":"Sostenibilidad"},"content":{"rendered":"\t\t<div data-elementor-type=\"wp-page\" data-elementor-id=\"688\" class=\"elementor elementor-688\" data-elementor-post-type=\"page\">\n\t\t\t\t\t\t<section class=\"elementor-section elementor-top-section elementor-element elementor-element-bdb2124 elementor-section-stretched elementor-section-boxed elementor-section-height-default elementor-section-height-default\" data-id=\"bdb2124\" data-element_type=\"section\" data-e-type=\"section\" data-settings=\"{&quot;stretch_section&quot;:&quot;section-stretched&quot;,&quot;background_background&quot;:&quot;classic&quot;,&quot;jet_parallax_layout_list&quot;:[]}\">\n\t\t\t\t\t\t\t<div class=\"elementor-background-overlay\"><\/div>\n\t\t\t\t\t\t\t<div class=\"elementor-container elementor-column-gap-default\">\n\t\t\t\t\t<div class=\"elementor-column elementor-col-100 elementor-top-column elementor-element elementor-element-299de28\" data-id=\"299de28\" data-element_type=\"column\" data-e-type=\"column\">\n\t\t\t<div class=\"elementor-widget-wrap elementor-element-populated\">\n\t\t\t\t\t\t<div class=\"elementor-element elementor-element-1345a30 elementor-widget elementor-widget-heading\" data-id=\"1345a30\" data-element_type=\"widget\" data-e-type=\"widget\" data-widget_type=\"heading.default\">\n\t\t\t\t\t<h1 class=\"elementor-heading-title elementor-size-default\">Sostenibilidad<\/h1>\t\t\t\t<\/div>\n\t\t\t\t\t<\/div>\n\t\t<\/div>\n\t\t\t\t\t<\/div>\n\t\t<\/section>\n\t\t<div class=\"elementor-element elementor-element-ac8a184 e-flex e-con-boxed e-con e-parent\" data-id=\"ac8a184\" data-element_type=\"container\" data-e-type=\"container\" data-settings=\"{&quot;jet_parallax_layout_list&quot;:[]}\">\n\t\t\t\t\t<div class=\"e-con-inner\">\n\t\t\t\t<div class=\"elementor-element elementor-element-8b4250c elementor-widget elementor-widget-heading\" data-id=\"8b4250c\" data-element_type=\"widget\" data-e-type=\"widget\" data-widget_type=\"heading.default\">\n\t\t\t\t\t<h2 class=\"elementor-heading-title elementor-size-default\">Nuestro grano de arena a la sostenibilidad<\/h2>\t\t\t\t<\/div>\n\t\t\t\t<div class=\"elementor-element elementor-element-c8d211d elementor-widget-divider--view-line elementor-widget elementor-widget-divider\" data-id=\"c8d211d\" data-element_type=\"widget\" data-e-type=\"widget\" data-widget_type=\"divider.default\">\n\t\t\t\t\t\t\t<div class=\"elementor-divider\">\n\t\t\t<span class=\"elementor-divider-separator\">\n\t\t\t\t\t\t<\/span>\n\t\t<\/div>\n\t\t\t\t\t\t<\/div>\n\t\t\t\t\t<\/div>\n\t\t\t\t<\/div>\n\t\t<div class=\"elementor-element elementor-element-66bdecb e-flex e-con-boxed e-con e-parent\" data-id=\"66bdecb\" data-element_type=\"container\" data-e-type=\"container\" data-settings=\"{&quot;jet_parallax_layout_list&quot;:[]}\">\n\t\t\t\t\t<div class=\"e-con-inner\">\n\t\t\t\t<div class=\"elementor-element elementor-element-8b7c176 elementor-widget__width-initial elementor-widget elementor-widget-text-editor\" data-id=\"8b7c176\" data-element_type=\"widget\" data-e-type=\"widget\" data-widget_type=\"text-editor.default\">\n\t\t\t\t\t\t\t\t\t<p>Estamos convencidos que la tarea de llegar a una econom\u00eda c\u00edclica y sostenible no debe quedarse exclusivamente en manos de la pol\u00edtica.<\/p><p>Por lo tanto desde el principio de la rehabilitaci\u00f3n del pazo hemos apostado por la sostenibilidad, sin obligaci\u00f3n legal ni subvenciones, porque pensamos que hacerlo no solo es econ\u00f3mico (y por tanto listo), sino necesario. Y posible, tambi\u00e9n en una edificaci\u00f3n del siglo XVII.<\/p><dl><\/dl>\t\t\t\t\t\t\t\t<\/div>\n\t\t\t\t\t<\/div>\n\t\t\t\t<\/div>\n\t\t<div class=\"elementor-element elementor-element-dc3b947 e-flex e-con-boxed e-con e-parent\" data-id=\"dc3b947\" data-element_type=\"container\" data-e-type=\"container\" data-settings=\"{&quot;jet_parallax_layout_list&quot;:[]}\">\n\t\t\t\t\t<div class=\"e-con-inner\">\n\t\t\t\t<div class=\"elementor-element elementor-element-d5a0279 elementor-widget__width-initial elementor-invisible elementor-widget elementor-widget-image\" data-id=\"d5a0279\" data-element_type=\"widget\" data-e-type=\"widget\" data-settings=\"{&quot;_animation&quot;:&quot;fadeInLeft&quot;}\" data-widget_type=\"image.default\">\n\t\t\t\t\t\t\t\t\t\t\t\t\t\t\t<img fetchpriority=\"high\" decoding=\"async\" width=\"800\" height=\"450\" src=\"https:\/\/www.pazo-chaioso.com\/wp26\/wp-content\/uploads\/2026\/01\/IMG_20200218_101425-1024x576.jpg\" class=\"attachment-large size-large wp-image-300\" alt=\"Calderas\" srcset=\"https:\/\/www.pazo-chaioso.com\/wp26\/wp-content\/uploads\/2026\/01\/IMG_20200218_101425-1024x576.jpg 1024w, https:\/\/www.pazo-chaioso.com\/wp26\/wp-content\/uploads\/2026\/01\/IMG_20200218_101425-300x169.jpg 300w, https:\/\/www.pazo-chaioso.com\/wp26\/wp-content\/uploads\/2026\/01\/IMG_20200218_101425-768x432.jpg 768w, https:\/\/www.pazo-chaioso.com\/wp26\/wp-content\/uploads\/2026\/01\/IMG_20200218_101425.jpg 1422w\" sizes=\"(max-width: 800px) 100vw, 800px\" \/>\t\t\t\t\t\t\t\t\t\t\t\t\t\t\t<\/div>\n\t\t\t\t<div class=\"elementor-element elementor-element-6fceb6f elementor-widget__width-initial elementor-widget elementor-widget-text-editor\" data-id=\"6fceb6f\" data-element_type=\"widget\" data-e-type=\"widget\" data-widget_type=\"text-editor.default\">\n\t\t\t\t\t\t\t\t\t<p><strong style=\"font-size: 1rem;\">Algunos n\u00fameros:<\/strong><\/p><p>95% del agua caliente sanitaria (ACS) que gastamos se calienta con nuestras dos instalaciones de placas solares t\u00e9rmicas de unos 12 metros cuadrados cada una, y un rendimiento de aprovechamiento de la energ\u00eda solar por encima de 80%. Placas solares fotovolt\u00e1icas llegan por lo general a un m\u00e1ximo de 22%. Nuestros dep\u00f3sitos isot\u00e9rmicos de ACS nos permiten almacenar esta energ\u00eda en forma de agua caliente varios d\u00edas, para poder usarlo tambi\u00e9n si falta sol en d\u00edas nublados o de lluvia. No obstante tambi\u00e9n contamos con una instalaci\u00f3n fotovolta\u00edca, dejandenos energeticamente en un nivel de Passivhaus, autosuficiente sin necesidad de quemar materia fos\u00edl.<\/p><dl><\/dl>\t\t\t\t\t\t\t\t<\/div>\n\t\t\t\t\t<\/div>\n\t\t\t\t<\/div>\n\t\t<div class=\"elementor-element elementor-element-c932092 e-flex e-con-boxed e-con e-parent\" data-id=\"c932092\" data-element_type=\"container\" data-e-type=\"container\" data-settings=\"{&quot;jet_parallax_layout_list&quot;:[]}\">\n\t\t\t\t\t<div class=\"e-con-inner\">\n\t\t\t\t<div class=\"elementor-element elementor-element-24540d6 elementor-widget elementor-widget-heading\" data-id=\"24540d6\" data-element_type=\"widget\" data-e-type=\"widget\" data-widget_type=\"heading.default\">\n\t\t\t\t\t<h2 class=\"elementor-heading-title elementor-size-default\">Eficiencia energ\u00e9tica<\/h2>\t\t\t\t<\/div>\n\t\t\t\t\t<\/div>\n\t\t\t\t<\/div>\n\t\t<div class=\"elementor-element elementor-element-bbd9628 e-flex e-con-boxed e-con e-parent\" data-id=\"bbd9628\" data-element_type=\"container\" data-e-type=\"container\" data-settings=\"{&quot;jet_parallax_layout_list&quot;:[]}\">\n\t\t\t\t\t<div class=\"e-con-inner\">\n\t\t\t\t<div class=\"elementor-element elementor-element-dfeb506 elementor-widget__width-initial elementor-widget elementor-widget-text-editor\" data-id=\"dfeb506\" data-element_type=\"widget\" data-e-type=\"widget\" data-widget_type=\"text-editor.default\">\n\t\t\t\t\t\t\t\t\t<p>Nuestra calefacci\u00f3n es de aerotermia combinada con solar t\u00e9rmico y suelos radiantes hidr\u00e1ulicos de dise\u00f1o conc\u00e9ntrico. Esta combinaci\u00f3n nos permite no solo un ahorro energ\u00e9tico notable (un 70% de la energ\u00eda la extraemos del entorno gracias a las bombas de calor aire-agua de \u00faltima generaci\u00f3n) sino tambi\u00e9n tener una sensaci\u00f3n t\u00e9rmica agradable, un ambiente anti-al\u00e9rgico y sin humedades o condensaci\u00f3n.<\/p><p>En pocos temas hemos invertido m\u00e1s tiempo de investigaci\u00f3n que en la calefacci\u00f3n, empezando por pedir los datos climatol\u00f3gicos de los \u00faltimos 25 a\u00f1os al Instituto Nacional de Meteorolog\u00eda para su an\u00e1lisis, tener numerosas visitas de expertos de Alemania y finalmente instalar la tecnolog\u00eda punta al respecto.<\/p><dl><\/dl>\t\t\t\t\t\t\t\t<\/div>\n\t\t\t\t<div class=\"elementor-element elementor-element-52254e6 elementor-widget__width-initial elementor-widget-mobile__width-inherit elementor-invisible elementor-widget elementor-widget-image\" data-id=\"52254e6\" data-element_type=\"widget\" data-e-type=\"widget\" data-settings=\"{&quot;_animation&quot;:&quot;fadeInRight&quot;}\" data-widget_type=\"image.default\">\n\t\t\t\t\t\t\t\t\t\t\t\t\t\t\t<img decoding=\"async\" width=\"800\" height=\"600\" src=\"https:\/\/www.pazo-chaioso.com\/wp26\/wp-content\/uploads\/2026\/01\/IMG_0037-1024x768.jpg\" class=\"attachment-large size-large wp-image-299\" alt=\"Instalaci\u00f3n durante la reofrma de piso radiante\" srcset=\"https:\/\/www.pazo-chaioso.com\/wp26\/wp-content\/uploads\/2026\/01\/IMG_0037-1024x768.jpg 1024w, https:\/\/www.pazo-chaioso.com\/wp26\/wp-content\/uploads\/2026\/01\/IMG_0037-300x225.jpg 300w, https:\/\/www.pazo-chaioso.com\/wp26\/wp-content\/uploads\/2026\/01\/IMG_0037-768x576.jpg 768w, https:\/\/www.pazo-chaioso.com\/wp26\/wp-content\/uploads\/2026\/01\/IMG_0037.jpg 1200w\" sizes=\"(max-width: 800px) 100vw, 800px\" \/>\t\t\t\t\t\t\t\t\t\t\t\t\t\t\t<\/div>\n\t\t\t\t\t<\/div>\n\t\t\t\t<\/div>\n\t\t<div class=\"elementor-element elementor-element-44762ec e-flex e-con-boxed e-con e-parent\" data-id=\"44762ec\" data-element_type=\"container\" data-e-type=\"container\" data-settings=\"{&quot;jet_parallax_layout_list&quot;:[]}\">\n\t\t\t\t\t<div class=\"e-con-inner\">\n\t\t\t\t<div class=\"elementor-element elementor-element-0eb7f0f elementor-widget elementor-widget-heading\" data-id=\"0eb7f0f\" data-element_type=\"widget\" data-e-type=\"widget\" data-widget_type=\"heading.default\">\n\t\t\t\t\t<h2 class=\"elementor-heading-title elementor-size-default\">Materiales naturales<\/h2>\t\t\t\t<\/div>\n\t\t\t\t\t<\/div>\n\t\t\t\t<\/div>\n\t\t<div class=\"elementor-element elementor-element-067833a e-flex e-con-boxed e-con e-parent\" data-id=\"067833a\" data-element_type=\"container\" data-e-type=\"container\" data-settings=\"{&quot;jet_parallax_layout_list&quot;:[]}\">\n\t\t\t\t\t<div class=\"e-con-inner\">\n\t\t\t\t<div class=\"elementor-element elementor-element-99f8a74 elementor-widget__width-initial elementor-widget-mobile__width-inherit elementor-invisible elementor-widget elementor-widget-image\" data-id=\"99f8a74\" data-element_type=\"widget\" data-e-type=\"widget\" data-settings=\"{&quot;_animation&quot;:&quot;fadeInLeft&quot;}\" data-widget_type=\"image.default\">\n\t\t\t\t\t\t\t\t\t\t\t\t\t\t\t<img decoding=\"async\" width=\"800\" height=\"600\" src=\"https:\/\/www.pazo-chaioso.com\/wp26\/wp-content\/uploads\/2026\/01\/PICT2802-1024x768.jpg\" class=\"attachment-large size-large wp-image-302\" alt=\"Instalaci\u00f3n de aislamiento,\" srcset=\"https:\/\/www.pazo-chaioso.com\/wp26\/wp-content\/uploads\/2026\/01\/PICT2802-1024x768.jpg 1024w, https:\/\/www.pazo-chaioso.com\/wp26\/wp-content\/uploads\/2026\/01\/PICT2802-300x225.jpg 300w, https:\/\/www.pazo-chaioso.com\/wp26\/wp-content\/uploads\/2026\/01\/PICT2802-768x576.jpg 768w, https:\/\/www.pazo-chaioso.com\/wp26\/wp-content\/uploads\/2026\/01\/PICT2802.jpg 1200w\" sizes=\"(max-width: 800px) 100vw, 800px\" \/>\t\t\t\t\t\t\t\t\t\t\t\t\t\t\t<\/div>\n\t\t\t\t<div class=\"elementor-element elementor-element-94125c1 elementor-widget__width-initial elementor-widget elementor-widget-text-editor\" data-id=\"94125c1\" data-element_type=\"widget\" data-e-type=\"widget\" data-widget_type=\"text-editor.default\">\n\t\t\t\t\t\t\t\t\t<p>Durante la rehabilitaci\u00f3n hemos seguido estrictamente una estrategia de preparar el edificio para un uso energ\u00e9ticamente responsable utilizando entre otras cosas membranas semi-permeables y aislantes inertes e ign\u00edfugos en los tejados.<\/p><p>Esto combinado con materiales naturales como por ejemplo madera y morteros de cal nos ha ayudado crear una atm\u00f3sfera interior equilibrada y agradable.<\/p><dl><\/dl>\t\t\t\t\t\t\t\t<\/div>\n\t\t\t\t\t<\/div>\n\t\t\t\t<\/div>\n\t\t<div class=\"elementor-element elementor-element-0070f57 e-flex e-con-boxed e-con e-parent\" data-id=\"0070f57\" data-element_type=\"container\" data-e-type=\"container\" data-settings=\"{&quot;jet_parallax_layout_list&quot;:[]}\">\n\t\t\t\t\t<div class=\"e-con-inner\">\n\t\t\t\t<div class=\"elementor-element elementor-element-ac237dc elementor-widget elementor-widget-heading\" data-id=\"ac237dc\" data-element_type=\"widget\" data-e-type=\"widget\" data-widget_type=\"heading.default\">\n\t\t\t\t\t<h2 class=\"elementor-heading-title elementor-size-default\">Respeto a la Biodivesidad<\/h2>\t\t\t\t<\/div>\n\t\t\t\t\t<\/div>\n\t\t\t\t<\/div>\n\t\t<div class=\"elementor-element elementor-element-d173e80 e-flex e-con-boxed e-con e-parent\" data-id=\"d173e80\" data-element_type=\"container\" data-e-type=\"container\" data-settings=\"{&quot;jet_parallax_layout_list&quot;:[]}\">\n\t\t\t\t\t<div class=\"e-con-inner\">\n\t\t\t\t<div class=\"elementor-element elementor-element-0db74b6 elementor-widget__width-initial elementor-widget elementor-widget-text-editor\" data-id=\"0db74b6\" data-element_type=\"widget\" data-e-type=\"widget\" data-widget_type=\"text-editor.default\">\n\t\t\t\t\t\t\t\t\t<p>Nos parece adecuado ofrecer un jardin natural, no solo apto para humanos, sino tambien para la fauna local. Por lo tanto rogamos respetar tanto las plantas y los dem\u00e1s seres vivos en nuestro entorno.<\/p><p><br \/>Intentamos ofrecer productos locales, productos de temporada y productos de agricultura ecol\u00f3gica siempre y cuando sea posible.<\/p>\t\t\t\t\t\t\t\t<\/div>\n\t\t\t\t<div class=\"elementor-element elementor-element-4ecd652 elementor-widget__width-initial elementor-widget-mobile__width-inherit elementor-invisible elementor-widget elementor-widget-image\" data-id=\"4ecd652\" data-element_type=\"widget\" data-e-type=\"widget\" data-settings=\"{&quot;_animation&quot;:&quot;fadeInRight&quot;}\" data-widget_type=\"image.default\">\n\t\t\t\t\t\t\t\t\t\t\t\t\t\t\t<img loading=\"lazy\" decoding=\"async\" width=\"800\" height=\"600\" src=\"https:\/\/www.pazo-chaioso.com\/wp26\/wp-content\/uploads\/2026\/01\/P1060284_2xsalamander-1024x768.jpg\" class=\"attachment-large size-large wp-image-301\" alt=\"Especies de reptiles de la zona\" srcset=\"https:\/\/www.pazo-chaioso.com\/wp26\/wp-content\/uploads\/2026\/01\/P1060284_2xsalamander-1024x768.jpg 1024w, https:\/\/www.pazo-chaioso.com\/wp26\/wp-content\/uploads\/2026\/01\/P1060284_2xsalamander-300x225.jpg 300w, https:\/\/www.pazo-chaioso.com\/wp26\/wp-content\/uploads\/2026\/01\/P1060284_2xsalamander-768x576.jpg 768w, https:\/\/www.pazo-chaioso.com\/wp26\/wp-content\/uploads\/2026\/01\/P1060284_2xsalamander.jpg 1200w\" sizes=\"(max-width: 800px) 100vw, 800px\" \/>\t\t\t\t\t\t\t\t\t\t\t\t\t\t\t<\/div>\n\t\t\t\t\t<\/div>\n\t\t\t\t<\/div>\n\t\t<div class=\"elementor-element elementor-element-eb9c6a1 e-flex e-con-boxed e-con e-parent\" data-id=\"eb9c6a1\" data-element_type=\"container\" data-e-type=\"container\" data-settings=\"{&quot;jet_parallax_layout_list&quot;:[]}\">\n\t\t\t\t\t<div class=\"e-con-inner\">\n\t\t\t\t<div class=\"elementor-element elementor-element-d42a81c elementor-widget elementor-widget-heading\" data-id=\"d42a81c\" data-element_type=\"widget\" data-e-type=\"widget\" data-widget_type=\"heading.default\">\n\t\t\t\t\t<h2 class=\"elementor-heading-title elementor-size-default\">Compostaje en vez de producir residuos<\/h2>\t\t\t\t<\/div>\n\t\t\t\t\t<\/div>\n\t\t\t\t<\/div>\n\t\t<div class=\"elementor-element elementor-element-3e3fe9a e-flex e-con-boxed e-con e-parent\" data-id=\"3e3fe9a\" data-element_type=\"container\" data-e-type=\"container\" data-settings=\"{&quot;jet_parallax_layout_list&quot;:[]}\">\n\t\t\t\t\t<div class=\"e-con-inner\">\n\t\t\t\t<div class=\"elementor-element elementor-element-f95d1e4 elementor-widget__width-initial elementor-widget-mobile__width-inherit elementor-invisible elementor-widget elementor-widget-image\" data-id=\"f95d1e4\" data-element_type=\"widget\" data-e-type=\"widget\" data-settings=\"{&quot;_animation&quot;:&quot;fadeInLeft&quot;}\" data-widget_type=\"image.default\">\n\t\t\t\t\t\t\t\t\t\t\t\t\t\t\t<img loading=\"lazy\" decoding=\"async\" width=\"800\" height=\"600\" src=\"https:\/\/www.pazo-chaioso.com\/wp26\/wp-content\/uploads\/2026\/01\/PXL_20201226_113255444-1024x768.jpg\" class=\"attachment-large size-large wp-image-303\" alt=\"Placas solares\" srcset=\"https:\/\/www.pazo-chaioso.com\/wp26\/wp-content\/uploads\/2026\/01\/PXL_20201226_113255444-1024x768.jpg 1024w, https:\/\/www.pazo-chaioso.com\/wp26\/wp-content\/uploads\/2026\/01\/PXL_20201226_113255444-300x225.jpg 300w, https:\/\/www.pazo-chaioso.com\/wp26\/wp-content\/uploads\/2026\/01\/PXL_20201226_113255444-768x576.jpg 768w, https:\/\/www.pazo-chaioso.com\/wp26\/wp-content\/uploads\/2026\/01\/PXL_20201226_113255444.jpg 1200w\" sizes=\"(max-width: 800px) 100vw, 800px\" \/>\t\t\t\t\t\t\t\t\t\t\t\t\t\t\t<\/div>\n\t\t\t\t<div class=\"elementor-element elementor-element-c1cd460 elementor-widget__width-initial elementor-widget elementor-widget-text-editor\" data-id=\"c1cd460\" data-element_type=\"widget\" data-e-type=\"widget\" data-widget_type=\"text-editor.default\">\n\t\t\t\t\t\t\t\t\t<p>No solo compostamos todos los residuos compostables actualmente, tambi\u00e9n en la fase del desbroce del edificio en ruinas y su finca se produjo literalmente un mont\u00f3n de biomasa, la cual convertimos en tierra f\u00e9rtil, sin quemar ni una hoja de toda la maleza cortada.<\/p><p>Intentamos no producir residuos donde es posible: lo intentamos por ejemplo ofreciendo agua mineral en botellas retornables y evitamos embalajes donde sea posible.<\/p><dl><\/dl><dl><\/dl>\t\t\t\t\t\t\t\t<\/div>\n\t\t\t\t\t<\/div>\n\t\t\t\t<\/div>\n\t\t\t\t<\/div>\n\t\t","protected":false},"excerpt":{"rendered":"<p>Nuestro grano de arena a la sostenibilidad Estamos convencidos que la tarea de llegar a una econom\u00eda c\u00edclica y sostenible no debe quedarse exclusivamente en manos de la pol\u00edtica. Por lo tanto desde el principio de la rehabilitaci\u00f3n del pazo hemos apostado por la sostenibilidad, sin obligaci\u00f3n legal ni subvenciones, porque pensamos que hacerlo no [&hellip;]<\/p>\n","protected":false},"author":1,"featured_media":0,"parent":0,"menu_order":0,"comment_status":"closed","ping_status":"closed","template":"","meta":{"footnotes":""},"class_list":["post-688","page","type-page","status-publish","hentry"],"_links":{"self":[{"href":"https:\/\/www.pazo-chaioso.com\/wp26\/wp-json\/wp\/v2\/pages\/688","targetHints":{"allow":["GET"]}}],"collection":[{"href":"https:\/\/www.pazo-chaioso.com\/wp26\/wp-json\/wp\/v2\/pages"}],"about":[{"href":"https:\/\/www.pazo-chaioso.com\/wp26\/wp-json\/wp\/v2\/types\/page"}],"author":[{"embeddable":true,"href":"https:\/\/www.pazo-chaioso.com\/wp26\/wp-json\/wp\/v2\/users\/1"}],"replies":[{"embeddable":true,"href":"https:\/\/www.pazo-chaioso.com\/wp26\/wp-json\/wp\/v2\/comments?post=688"}],"version-history":[{"count":30,"href":"https:\/\/www.pazo-chaioso.com\/wp26\/wp-json\/wp\/v2\/pages\/688\/revisions"}],"predecessor-version":[{"id":2749,"href":"https:\/\/www.pazo-chaioso.com\/wp26\/wp-json\/wp\/v2\/pages\/688\/revisions\/2749"}],"wp:attachment":[{"href":"https:\/\/www.pazo-chaioso.com\/wp26\/wp-json\/wp\/v2\/media?parent=688"}],"curies":[{"name":"wp","href":"https:\/\/api.w.org\/{rel}","templated":true}]}}