{"id":9,"date":"2026-01-12T17:02:49","date_gmt":"2026-01-12T16:02:49","guid":{"rendered":"https:\/\/www.pazo-chaioso.com\/wp26\/?page_id=9"},"modified":"2026-05-12T17:40:07","modified_gmt":"2026-05-12T16:40:07","slug":"historia-del-pazo","status":"publish","type":"page","link":"https:\/\/www.pazo-chaioso.com\/wp26\/historia-del-pazo\/","title":{"rendered":"Historia del Pazo"},"content":{"rendered":"\t\t<div data-elementor-type=\"wp-page\" data-elementor-id=\"9\" class=\"elementor elementor-9\" data-elementor-post-type=\"page\">\n\t\t\t\t\t\t<section class=\"elementor-section elementor-top-section elementor-element elementor-element-b1080d7 elementor-section-stretched elementor-section-boxed elementor-section-height-default elementor-section-height-default\" data-id=\"b1080d7\" data-element_type=\"section\" data-e-type=\"section\" data-settings=\"{&quot;stretch_section&quot;:&quot;section-stretched&quot;,&quot;background_background&quot;:&quot;classic&quot;,&quot;jet_parallax_layout_list&quot;:[]}\">\n\t\t\t\t\t\t\t<div class=\"elementor-background-overlay\"><\/div>\n\t\t\t\t\t\t\t<div class=\"elementor-container elementor-column-gap-default\">\n\t\t\t\t\t<div class=\"elementor-column elementor-col-100 elementor-top-column elementor-element elementor-element-2b1bc1e\" data-id=\"2b1bc1e\" data-element_type=\"column\" data-e-type=\"column\">\n\t\t\t<div class=\"elementor-widget-wrap elementor-element-populated\">\n\t\t\t\t\t\t<div class=\"elementor-element elementor-element-19e1903 elementor-widget elementor-widget-heading\" data-id=\"19e1903\" data-element_type=\"widget\" data-e-type=\"widget\" data-widget_type=\"heading.default\">\n\t\t\t\t\t<h1 class=\"elementor-heading-title elementor-size-default\">Historia del Pazo<\/h1>\t\t\t\t<\/div>\n\t\t\t\t\t<\/div>\n\t\t<\/div>\n\t\t\t\t\t<\/div>\n\t\t<\/section>\n\t\t<div class=\"elementor-element elementor-element-fa9c7ce e-flex e-con-boxed e-con e-parent\" data-id=\"fa9c7ce\" data-element_type=\"container\" data-e-type=\"container\" data-settings=\"{&quot;jet_parallax_layout_list&quot;:[]}\">\n\t\t\t\t\t<div class=\"e-con-inner\">\n\t\t\t\t<div class=\"elementor-element elementor-element-099f8ad elementor-widget__width-initial elementor-widget elementor-widget-text-editor\" data-id=\"099f8ad\" data-element_type=\"widget\" data-e-type=\"widget\" data-widget_type=\"text-editor.default\">\n\t\t\t\t\t\t\t\t\t<p>La gran mayor\u00eda de la informaci\u00f3n sobre la historia del pazo debemos al esfuerzo y la amabilidad del historiador y autor Sr. Xos\u00e9 Ricardo Rodr\u00edguez P\u00e9rez:<\/p><p>Es lugar de Maceda, a la baja del castillo por el Sur: terreno o vaguada, cuyo significado proviene de Chaos de Maceda, Chaira, Cha\u00edza, Cha\u00ednza, Sainza, etc. Lugar &#8216;chairo o chaioso&#8217;, osea, llano. Los Condes de Maceda emparentaron con muchas familias: Sotelo, Feijoo, Gaioso, etc., y lo mismo con los condes de Monterrey, tambi\u00e9n con los se\u00f1ores de Chaioso, casa asentada debajo de su castillo, como nos dice su apellido, N\u00f3voa. A\u00f1ado que este linaje tuvo su origen en el lugar del mismo nombre: N\u00f3boa o N\u00f3voa, parroquia de San Esteban, partido judicial de Ribadavia. Este linaje ya unido a los Y\u00e1\u00f1ez asienta en la Alta Limia de la mano de Pedro Ya\u00f1ez de Novoa y Parada, y otros en Am\u00e9rica. El lo detalla partiendo del lat\u00edn continuando la l\u00ednea etimol\u00f3gica hasta Chaioso. P\u00e1ginas 463 y 464 de la comunicada obra A LIMIA; VAL DA ANTELA E VAL DO MEDO.<\/p><h2 data-start=\"1038\" data-end=\"1073\">El escudo del Alpendre (s. XVII)<\/h2><p>Sabemos que el escudo en la fachada del Alpendre es de la segunda mitad del siglo XVII, un hecho confirmado gracias al catedr\u00e1tico Florencio Rodr\u00edguez-Montero.<\/p><p>Seg\u00fan sus explicaciones el escudo muestra arriba a la izquierda dos cabras encaramadas en un roble, las armas de la familia Sotelo. En la parte derecha arriba se muestran dos lobos dentro de un barco en el agua, las armas de la familia Cad\u00f3rnigas, una familia directamente relacionada con el Castelo de Maceda. Finalmente abajo se encuentran las tres fajas de la familia Rivera.<\/p>\t\t\t\t\t\t\t\t<\/div>\n\t\t\t\t<div class=\"elementor-element elementor-element-7ae1925 elementor-invisible elementor-widget elementor-widget-image\" data-id=\"7ae1925\" data-element_type=\"widget\" data-e-type=\"widget\" data-settings=\"{&quot;_animation&quot;:&quot;fadeInRight&quot;}\" data-widget_type=\"image.default\">\n\t\t\t\t\t\t\t\t\t\t\t\t\t\t\t<img fetchpriority=\"high\" decoding=\"async\" width=\"768\" height=\"1024\" src=\"https:\/\/www.pazo-chaioso.com\/wp26\/wp-content\/uploads\/2026\/01\/PICT5372-768x1024.jpg\" class=\"attachment-large size-large wp-image-90\" alt=\"Escudo de piedra caracter\u00edstico de este pazo.\" srcset=\"https:\/\/www.pazo-chaioso.com\/wp26\/wp-content\/uploads\/2026\/01\/PICT5372-768x1024.jpg 768w, https:\/\/www.pazo-chaioso.com\/wp26\/wp-content\/uploads\/2026\/01\/PICT5372-225x300.jpg 225w, https:\/\/www.pazo-chaioso.com\/wp26\/wp-content\/uploads\/2026\/01\/PICT5372-1152x1536.jpg 1152w, https:\/\/www.pazo-chaioso.com\/wp26\/wp-content\/uploads\/2026\/01\/PICT5372.jpg 1200w\" sizes=\"(max-width: 768px) 100vw, 768px\" \/>\t\t\t\t\t\t\t\t\t\t\t\t\t\t\t<\/div>\n\t\t\t\t\t<\/div>\n\t\t\t\t<\/div>\n\t\t<div class=\"elementor-element elementor-element-ad4c28f e-flex e-con-boxed e-con e-parent\" data-id=\"ad4c28f\" data-element_type=\"container\" data-e-type=\"container\" data-settings=\"{&quot;jet_parallax_layout_list&quot;:[]}\">\n\t\t\t\t\t<div class=\"e-con-inner\">\n\t\t\t\t<div class=\"elementor-element elementor-element-8553387 elementor-widget-divider--view-line elementor-widget elementor-widget-divider\" data-id=\"8553387\" data-element_type=\"widget\" data-e-type=\"widget\" data-widget_type=\"divider.default\">\n\t\t\t\t\t\t\t<div class=\"elementor-divider\">\n\t\t\t<span class=\"elementor-divider-separator\">\n\t\t\t\t\t\t<\/span>\n\t\t<\/div>\n\t\t\t\t\t\t<\/div>\n\t\t\t\t\t<\/div>\n\t\t\t\t<\/div>\n\t\t<div class=\"elementor-element elementor-element-561152b e-flex e-con-boxed e-con e-parent\" data-id=\"561152b\" data-element_type=\"container\" data-e-type=\"container\" data-settings=\"{&quot;jet_parallax_layout_list&quot;:[]}\">\n\t\t\t\t\t<div class=\"e-con-inner\">\n\t\t\t\t<div class=\"elementor-element elementor-element-017120f elementor-invisible elementor-widget elementor-widget-image\" data-id=\"017120f\" data-element_type=\"widget\" data-e-type=\"widget\" data-settings=\"{&quot;_animation&quot;:&quot;fadeInLeft&quot;}\" data-widget_type=\"image.default\">\n\t\t\t\t\t\t\t\t\t\t\t\t\t\t\t<img decoding=\"async\" width=\"682\" height=\"1024\" src=\"https:\/\/www.pazo-chaioso.com\/wp26\/wp-content\/uploads\/2026\/01\/IMG_9939-zuschnitt-682x1024.jpg\" class=\"attachment-large size-large wp-image-91\" alt=\"Escudo de piedra caracter\u00edstico de este pazo.\" srcset=\"https:\/\/www.pazo-chaioso.com\/wp26\/wp-content\/uploads\/2026\/01\/IMG_9939-zuschnitt-682x1024.jpg 682w, https:\/\/www.pazo-chaioso.com\/wp26\/wp-content\/uploads\/2026\/01\/IMG_9939-zuschnitt-200x300.jpg 200w, https:\/\/www.pazo-chaioso.com\/wp26\/wp-content\/uploads\/2026\/01\/IMG_9939-zuschnitt-768x1153.jpg 768w, https:\/\/www.pazo-chaioso.com\/wp26\/wp-content\/uploads\/2026\/01\/IMG_9939-zuschnitt-1023x1536.jpg 1023w, https:\/\/www.pazo-chaioso.com\/wp26\/wp-content\/uploads\/2026\/01\/IMG_9939-zuschnitt.jpg 1200w\" sizes=\"(max-width: 682px) 100vw, 682px\" \/>\t\t\t\t\t\t\t\t\t\t\t\t\t\t\t<\/div>\n\t\t\t\t<div class=\"elementor-element elementor-element-2da7bea elementor-widget__width-initial elementor-widget elementor-widget-text-editor\" data-id=\"2da7bea\" data-element_type=\"widget\" data-e-type=\"widget\" data-widget_type=\"text-editor.default\">\n\t\t\t\t\t\t\t\t\t<h2 data-start=\"1715\" data-end=\"1758\">El escudo del portal de entrada al patio<\/h2>\nEl escudo del portal de entrada al patio, aparentemente casi dos siglos m\u00e1s joven que el anteriormente mencionado, muestra en el centro las armas de los Feijoo, arriba a la izquierda las armas de los Novoa, arriba a la derecha las cinco cabezas sangrantes de lobo de los Mosquera, abajo a la izquierda los lagartos bajo losa de los Losada y por \u00faltimo abajo a la derecha las armas de los Salgado. Agradecemos estas informaciones al historiador Sr. D. Xos\u00e9 Ricardo Rodr\u00edguez P\u00e9rez, aqu\u00ed un enlace a la lista de\u00a0<a style=\"background-color: black;\" href=\"https:\/\/dialnet.unirioja.es\/servlet\/autor?codigo=2115392\" aria-label=\"Visitar dial net\" target=\"_blank\" rel=\"noopener\">sus publicaciones.<\/a>\n<h2 data-start=\"2295\" data-end=\"2349\">La capilla del pazo (primeras menciones y permisos)<\/h2>\nLa capilla de pazo aparentemente se menciona la primera vez en 1735: MACEDA. Lugar de Chaioso 1735. Solicitado por Don Miguel de Losada, abogado de la Real Audiencia de Galicia su esposa Do\u00f1a Luisa Feijoo y Sotomayor. Para sus casas del Lugar de Chaioso, feligresia e San Pedro de Maceda. Concedido por el Papa Clemente XII el 1 de octubre de 1735. 21 de junio de 1736 lo reconoci\u00f3 el cura de Santa Mari\u00f1a de Asadur. \u00abHall\u00f3 un cuatro eella apartado del bullicio y comercio de la gente se halla un oratorio muy limpio y ase do con su retablo y la imagen de un sant\u00edsimo Cristo y los ornatos necesarios uno y otro uy decente y aseado para en \u00e9l poder celebrar el santo sacrificio de la Misa&#8230;\u00bb (AH OURENSE 450\/14).\t\t\t\t\t\t\t\t<\/div>\n\t\t\t\t\t<\/div>\n\t\t\t\t<\/div>\n\t\t<div class=\"elementor-element elementor-element-d5e6d4c e-flex e-con-boxed e-con e-parent\" data-id=\"d5e6d4c\" data-element_type=\"container\" data-e-type=\"container\" data-settings=\"{&quot;jet_parallax_layout_list&quot;:[]}\">\n\t\t\t\t\t<div class=\"e-con-inner\">\n\t\t\t\t<div class=\"elementor-element elementor-element-ae27a26 elementor-widget__width-initial elementor-widget elementor-widget-text-editor\" data-id=\"ae27a26\" data-element_type=\"widget\" data-e-type=\"widget\" data-widget_type=\"text-editor.default\">\n\t\t\t\t\t\t\t\t\t<p>Habiendo enviudado Do\u00f1a Luisa cas\u00f3 de nuevo con Don Francisco Saavedra y Mos era, alcalde mayor de la jurisdicci\u00f3n de Maceda y ambos al haber destinado para ora rio otro cuarto mejor al alargar la casa de Chaioso. Fallecida Do\u00f1a Luisa sus hijos tuvieron del papa Clemente XIII el 23 de junio de 1764 nuevo Buleto de oratorio que e autorizado para celebrar por el obispo de Ourense (AHDOURENSE. 6104\/13).<\/p>\t\t\t\t\t\t\t\t<\/div>\n\t\t\t\t\t<\/div>\n\t\t\t\t<\/div>\n\t\t<div class=\"elementor-element elementor-element-9070d77 e-flex e-con-boxed e-con e-parent\" data-id=\"9070d77\" data-element_type=\"container\" data-e-type=\"container\" data-settings=\"{&quot;jet_parallax_layout_list&quot;:[]}\">\n\t\t\t\t\t<div class=\"e-con-inner\">\n\t\t\t\t<div class=\"elementor-element elementor-element-e773f3b elementor-widget-divider--view-line elementor-widget elementor-widget-divider\" data-id=\"e773f3b\" data-element_type=\"widget\" data-e-type=\"widget\" data-widget_type=\"divider.default\">\n\t\t\t\t\t\t\t<div class=\"elementor-divider\">\n\t\t\t<span class=\"elementor-divider-separator\">\n\t\t\t\t\t\t<\/span>\n\t\t<\/div>\n\t\t\t\t\t\t<\/div>\n\t\t\t\t\t<\/div>\n\t\t\t\t<\/div>\n\t\t<div class=\"elementor-element elementor-element-89c3b43 e-flex e-con-boxed e-con e-parent\" data-id=\"89c3b43\" data-element_type=\"container\" data-e-type=\"container\" data-settings=\"{&quot;jet_parallax_layout_list&quot;:[]}\">\n\t\t\t\t\t<div class=\"e-con-inner\">\n\t\t\t\t<div class=\"elementor-element elementor-element-f88a5e0 elementor-widget__width-initial elementor-widget elementor-widget-text-editor\" data-id=\"f88a5e0\" data-element_type=\"widget\" data-e-type=\"widget\" data-widget_type=\"text-editor.default\">\n\t\t\t\t\t\t\t\t\t<h2 data-start=\"3474\" data-end=\"3526\">Documento de 1768 sobre la renovaci\u00f3n del permiso<\/h2><p>Sobre la capilla hemos encontrado, tambi\u00e9n gracias al esfuerzo incansable del Sr. Xos\u00e9 Ricardo Rodr\u00edguez P\u00e9rez, un documento del a\u00f1o 1768:<\/p><p>\u00abCHAIOSO, solicitud de renovaci\u00f3n del permiso para misas en la capilla de este pazo Don Francisco Saavedra y Mosquera Alcalde Mayor de la Jurisdicci\u00f3n de Maceda, como marido de Do\u00f1a Luisa Feijoo Sotomayor con todo rendimiento (rendido a), representa a VM (Vuesa Merc\u00e9) haber logrado la susodicha, estando casada de primeras nupcias, Buleto de Oratorio para su familia en las casas que tuviesen en este Obispado y precedido las de licencias necesarias. Se concedi\u00f3 Licencia para poder celebrar el Santo Sacrificio de la Misa en el Oratorio que se fabric\u00f3 en la casa de habitaci\u00f3n que tenemos en el Lugar de Chaioso Fregues\u00eda de Maceda, y con motivo de haber alargado dicha casa nos pareci\u00f3 estar mejor en otro quarto nuevo de ella, y para que se pueda continuar el Santo Sacrificio de la Misa suplica a VM (Vuesa Merc\u00e9) se sirva dar facultad para que se pueda vendecir y la Licencia necesaria a cuyo fin exive dicho Buleto y el despacho de Licencia anteriormente librado, en que espera recibir).\u00bb<\/p><h2 data-start=\"4670\" data-end=\"4698\">Firmantes de la solicitud<\/h2><p>Firman la solicitud Don Jacobo, Don Joseph, Don Bernardo, Don Francisco, Don Thomas, Don Teodoro, Don Phelipe, Don Clemente y Do\u00f1a Juana Mosquera Feijo\u00f3 Sotomaior, hermanos y vecinos de Chaioso, de San Pedro de Maceda, y Don Francisco Saavedra y Mosquera.<\/p>\t\t\t\t\t\t\t\t<\/div>\n\t\t\t\t<div class=\"elementor-element elementor-element-c48c0b6 elementor-invisible elementor-widget elementor-widget-image\" data-id=\"c48c0b6\" data-element_type=\"widget\" data-e-type=\"widget\" data-settings=\"{&quot;_animation&quot;:&quot;fadeInRight&quot;}\" data-widget_type=\"image.default\">\n\t\t\t\t\t\t\t\t\t\t\t\t\t\t\t<img decoding=\"async\" width=\"535\" height=\"600\" src=\"https:\/\/www.pazo-chaioso.com\/wp26\/wp-content\/uploads\/2026\/01\/texto_fregesia_maside.jpg\" class=\"attachment-large size-large wp-image-92\" alt=\"Texto legal que menciona la venta de este pazo en la antiguedad.\" srcset=\"https:\/\/www.pazo-chaioso.com\/wp26\/wp-content\/uploads\/2026\/01\/texto_fregesia_maside.jpg 535w, https:\/\/www.pazo-chaioso.com\/wp26\/wp-content\/uploads\/2026\/01\/texto_fregesia_maside-268x300.jpg 268w\" sizes=\"(max-width: 535px) 100vw, 535px\" \/>\t\t\t\t\t\t\t\t\t\t\t\t\t\t\t<\/div>\n\t\t\t\t\t<\/div>\n\t\t\t\t<\/div>\n\t\t<div class=\"elementor-element elementor-element-0f7d53e e-flex e-con-boxed e-con e-parent\" data-id=\"0f7d53e\" data-element_type=\"container\" data-e-type=\"container\" data-settings=\"{&quot;jet_parallax_layout_list&quot;:[]}\">\n\t\t\t\t\t<div class=\"e-con-inner\">\n\t\t\t\t<div class=\"elementor-element elementor-element-e1003c0 elementor-widget__width-initial elementor-widget elementor-widget-text-editor\" data-id=\"e1003c0\" data-element_type=\"widget\" data-e-type=\"widget\" data-widget_type=\"text-editor.default\">\n\t\t\t\t\t\t\t\t\t<p data-start=\"4992\" data-end=\"5056\">\u00a0<\/p><h2 data-start=\"4962\" data-end=\"4990\">El Pazo y sus leyendas<\/h2><p>Otro dato curioso es que el Conde de Maceda, Alonso de Lanz\u00f3s Andrade y Novoa, hijo de Aldonza de Nova, se\u00f1ora de Maceda, nacida 1540, que habitaba el castillo situado unos 400 metros por encima, hizo construir el pazo para un hijo ileg\u00edtimo, lo que a\u00f1adir\u00eda unos 100 a\u00f1os m\u00e1s al Pazo. Y no vamos a olvidar la leyenda de que existe un t\u00fanel entre el pazo y el castillo, habitado por una serpiente gigante, cosa que hasta el d\u00eda de hoy no hemos podido comprobar.<\/p>\t\t\t\t\t\t\t\t<\/div>\n\t\t\t\t\t<\/div>\n\t\t\t\t<\/div>\n\t\t<div class=\"elementor-element elementor-element-2f98419 e-con-full e-flex e-con e-parent\" data-id=\"2f98419\" data-element_type=\"container\" data-e-type=\"container\" data-settings=\"{&quot;background_background&quot;:&quot;classic&quot;,&quot;background_motion_fx_motion_fx_scrolling&quot;:&quot;yes&quot;,&quot;background_motion_fx_translateY_effect&quot;:&quot;yes&quot;,&quot;background_motion_fx_translateY_direction&quot;:&quot;negative&quot;,&quot;background_motion_fx_translateY_speed&quot;:{&quot;unit&quot;:&quot;px&quot;,&quot;size&quot;:50,&quot;sizes&quot;:[]},&quot;background_motion_fx_translateY_affectedRange&quot;:{&quot;unit&quot;:&quot;%&quot;,&quot;size&quot;:&quot;&quot;,&quot;sizes&quot;:{&quot;start&quot;:51,&quot;end&quot;:100}},&quot;jet_parallax_layout_list&quot;:[],&quot;background_motion_fx_devices&quot;:[&quot;widescreen&quot;,&quot;desktop&quot;,&quot;laptop&quot;,&quot;tablet&quot;,&quot;mobile&quot;]}\">\n\t\t\t\t<\/div>\n\t\t<div class=\"elementor-element elementor-element-8ef5abe e-flex e-con-boxed e-con e-parent\" data-id=\"8ef5abe\" data-element_type=\"container\" data-e-type=\"container\" data-settings=\"{&quot;jet_parallax_layout_list&quot;:[]}\">\n\t\t\t\t\t<div class=\"e-con-inner\">\n\t\t\t\t<div class=\"elementor-element elementor-element-b8ce126 elementor-widget__width-initial elementor-widget elementor-widget-text-editor\" data-id=\"b8ce126\" data-element_type=\"widget\" data-e-type=\"widget\" data-widget_type=\"text-editor.default\">\n\t\t\t\t\t\t\t\t\t<p data-start=\"5576\" data-end=\"6479\">\u00a0<\/p><h2 data-start=\"5526\" data-end=\"5574\">\u00daltimos habitantes antes de la rehabilitaci\u00f3n<\/h2><p><span style=\"font-size: 1em;\">Las \u00faltimas personas que habitaron el pazo antes de que nosotros empez\u00e1ramos la rehabilitaci\u00f3n del edificio fueron Don Ram\u00f3n Villarino de Sa\u00e1 y su esposa Do\u00f1a Araceli Anta Novoa. Seg\u00fan Wikipedia y nuestra investigaci\u00f3n Ram\u00f3n Villari\u00f1o de Sa\u00e1 fue redactor-jefe de El Eco Antelano (1911-1912). Al acabar su carrera de derecho en Madrid dio conferencias en el Ateneo de Madrid. Despu\u00e9s volvi\u00f3 a Ourense donde ejerci\u00f3 el puesto de abogado del Estado y dirigi\u00f3 el ent\u00f3nces \u00abEl Diario de Orense\u00bb aparentemente colaborando entre otros tambi\u00e9n con \u00abLa Centuria\u00bb y \u00abLa Regi\u00f3n\u00bb. Durante la Rep\u00fablica form\u00f3 parte del Comit\u00e9 Provincial de Acci\u00f3n Popular en Ourense y en las elecciones generales de 1936 fue elegido diputado por Ourense por la CEDA. Despu\u00e9s de la Guerra civil, en la que -al contrario que otros- intercedi\u00f3 en favor de algunos vecinos, fue abogado del obispado de Ourense, donde falleci\u00f3 en el 1959.<\/span><\/p><p>\u00a0<\/p>\t\t\t\t\t\t\t\t<\/div>\n\t\t\t\t\t<\/div>\n\t\t\t\t<\/div>\n\t\t<div class=\"elementor-element elementor-element-573488e e-flex e-con-boxed e-con e-parent\" data-id=\"573488e\" data-element_type=\"container\" data-e-type=\"container\" data-settings=\"{&quot;jet_parallax_layout_list&quot;:[]}\">\n\t\t\t\t\t<div class=\"e-con-inner\">\n\t\t\t\t<div class=\"elementor-element elementor-element-8f6d2a9 elementor-widget-divider--view-line elementor-widget elementor-widget-divider\" data-id=\"8f6d2a9\" data-element_type=\"widget\" data-e-type=\"widget\" data-widget_type=\"divider.default\">\n\t\t\t\t\t\t\t<div class=\"elementor-divider\">\n\t\t\t<span class=\"elementor-divider-separator\">\n\t\t\t\t\t\t<\/span>\n\t\t<\/div>\n\t\t\t\t\t\t<\/div>\n\t\t\t\t\t<\/div>\n\t\t\t\t<\/div>\n\t\t<div class=\"elementor-element elementor-element-4b7a824 e-flex e-con-boxed e-con e-parent\" data-id=\"4b7a824\" data-element_type=\"container\" data-e-type=\"container\" data-settings=\"{&quot;jet_parallax_layout_list&quot;:[]}\">\n\t\t\t\t\t<div class=\"e-con-inner\">\n\t\t\t\t<div class=\"elementor-element elementor-element-1c6ff3c elementor-widget__width-initial elementor-widget elementor-widget-text-editor\" data-id=\"1c6ff3c\" data-element_type=\"widget\" data-e-type=\"widget\" data-widget_type=\"text-editor.default\">\n\t\t\t\t\t\t\t\t\t<h2 data-start=\"5526\" data-end=\"5574\">Rehabilitaci\u00f3n<\/h2>\nEn el 2006 compramos el Pazo con la idea de devolver al edificio su dignidad. Estar\u00edamos encantados de darle la bienvenida para que pueda comprobar el resultado.\n\n<span style=\"text-decoration: underline;\"><a style=\"background-color: black;\" href=\"https:\/\/www.pazo-chaioso.com\/wp26\/antes-y-despues\/\" aria-label=\"Ir a Antes y despues\">Aqu\u00ed<\/a><\/span> compartiremos varias im\u00e1genes del antes\/despu\u00e9s, para verlo en mas en profundidad, <span style=\"text-decoration: underline;\"> <a style=\"background-color: black;\" href=\"https:\/\/www.pazo-chaioso.com\/wp26\/blog\/\" aria-label=\"Ir a Fotos de la obra\">aqu\u00ed<\/a><\/span> fotos de la obra, 12 a\u00f1os de sol a sol.\t\t\t\t\t\t\t\t<\/div>\n\t\t\t\t\t<\/div>\n\t\t\t\t<\/div>\n\t\t\t\t<\/div>\n\t\t","protected":false},"excerpt":{"rendered":"<p>La gran mayor\u00eda de la informaci\u00f3n sobre la historia del pazo debemos al esfuerzo y la amabilidad del historiador y autor Sr. Xos\u00e9 Ricardo Rodr\u00edguez P\u00e9rez: Es lugar de Maceda, a la baja del castillo por el Sur: terreno o vaguada, cuyo significado proviene de Chaos de Maceda, Chaira, Cha\u00edza, Cha\u00ednza, Sainza, etc. Lugar &#8216;chairo [&hellip;]<\/p>\n","protected":false},"author":1,"featured_media":0,"parent":0,"menu_order":0,"comment_status":"closed","ping_status":"closed","template":"","meta":{"footnotes":""},"class_list":["post-9","page","type-page","status-publish","hentry"],"_links":{"self":[{"href":"https:\/\/www.pazo-chaioso.com\/wp26\/wp-json\/wp\/v2\/pages\/9","targetHints":{"allow":["GET"]}}],"collection":[{"href":"https:\/\/www.pazo-chaioso.com\/wp26\/wp-json\/wp\/v2\/pages"}],"about":[{"href":"https:\/\/www.pazo-chaioso.com\/wp26\/wp-json\/wp\/v2\/types\/page"}],"author":[{"embeddable":true,"href":"https:\/\/www.pazo-chaioso.com\/wp26\/wp-json\/wp\/v2\/users\/1"}],"replies":[{"embeddable":true,"href":"https:\/\/www.pazo-chaioso.com\/wp26\/wp-json\/wp\/v2\/comments?post=9"}],"version-history":[{"count":179,"href":"https:\/\/www.pazo-chaioso.com\/wp26\/wp-json\/wp\/v2\/pages\/9\/revisions"}],"predecessor-version":[{"id":3816,"href":"https:\/\/www.pazo-chaioso.com\/wp26\/wp-json\/wp\/v2\/pages\/9\/revisions\/3816"}],"wp:attachment":[{"href":"https:\/\/www.pazo-chaioso.com\/wp26\/wp-json\/wp\/v2\/media?parent=9"}],"curies":[{"name":"wp","href":"https:\/\/api.w.org\/{rel}","templated":true}]}}